{"id":13650,"date":"2025-01-25T09:13:25","date_gmt":"2025-01-25T06:13:25","guid":{"rendered":"https:\/\/ceoparts.com\/?post_type=product&#038;p=13650"},"modified":"2026-05-16T15:27:47","modified_gmt":"2026-05-16T12:27:47","slug":"finger-532596044","status":"publish","type":"product","link":"https:\/\/ceoparts.com\/fr\/urun\/finger-532596044\/","title":{"rendered":"Finger d&#8217;occasion &#8211; 532596044"},"content":{"rendered":"<p>Finger d&#8217;occasion &#8211; 532596044<\/p>","protected":false},"excerpt":{"rendered":"<p data-start=\"166\" data-end=\"384\"><br data-start=\"2179\" data-end=\"2182\" \/>Le Finger Occasion est une pi\u00e8ce d\u00e9tach\u00e9e d\u2019occasion id\u00e9ale pour les chariots \u00e9l\u00e9vateurs. Sa structure r\u00e9sistante et son prix avantageux am\u00e9liorent les performances de votre machine. Offre un contr\u00f4le pr\u00e9cis et un fonctionnement sans probl\u00e8me.<\/p>\n<p data-start=\"2427\" data-end=\"2739\"><strong data-start=\"2427\" data-end=\"2449\">Caract\u00e9ristiques :<\/strong><br data-start=\"2449\" data-end=\"2452\" \/><strong data-start=\"2452\" data-end=\"2472\">Nom du produit :<\/strong> Finger Occasion<br data-start=\"2488\" data-end=\"2491\" \/><strong data-start=\"2491\" data-end=\"2507\">Code pi\u00e8ce :<\/strong> 532596044<br data-start=\"2517\" data-end=\"2520\" \/><strong data-start=\"2520\" data-end=\"2534\">Mat\u00e9riau :<\/strong> Alliage robuste d\u2019acier et de plastique<br data-start=\"2574\" data-end=\"2577\" \/><strong data-start=\"2577\" data-end=\"2604\">Domaine d\u2019utilisation :<\/strong> Syst\u00e8mes de pi\u00e8ces pour chariots \u00e9l\u00e9vateurs<br data-start=\"2648\" data-end=\"2651\" \/><strong data-start=\"2651\" data-end=\"2665\">Avantage :<\/strong> Solution \u00e9conomique en occasion, structure durable, installation rapide<\/p>\n<p data-start=\"2741\" data-end=\"2982\">\n","protected":false},"featured_media":13651,"template":"","meta":[],"product_brand":[],"product_cat":[433],"product_tag":[],"class_list":{"0":"post-13650","1":"product","2":"type-product","3":"status-publish","4":"has-post-thumbnail","6":"product_cat-ikinci-el-urunler","8":"first","9":"instock","10":"taxable","11":"shipping-taxable","12":"purchasable","13":"product-type-simple"},"_links":{"self":[{"href":"https:\/\/ceoparts.com\/fr\/wp-json\/wp\/v2\/product\/13650","targetHints":{"allow":["GET"]}}],"collection":[{"href":"https:\/\/ceoparts.com\/fr\/wp-json\/wp\/v2\/product"}],"about":[{"href":"https:\/\/ceoparts.com\/fr\/wp-json\/wp\/v2\/types\/product"}],"wp:featuredmedia":[{"embeddable":true,"href":"https:\/\/ceoparts.com\/fr\/wp-json\/wp\/v2\/media\/13651"}],"wp:attachment":[{"href":"https:\/\/ceoparts.com\/fr\/wp-json\/wp\/v2\/media?parent=13650"}],"wp:term":[{"taxonomy":"product_brand","embeddable":true,"href":"https:\/\/ceoparts.com\/fr\/wp-json\/wp\/v2\/product_brand?post=13650"},{"taxonomy":"product_cat","embeddable":true,"href":"https:\/\/ceoparts.com\/fr\/wp-json\/wp\/v2\/product_cat?post=13650"},{"taxonomy":"product_tag","embeddable":true,"href":"https:\/\/ceoparts.com\/fr\/wp-json\/wp\/v2\/product_tag?post=13650"}],"curies":[{"name":"wp","href":"https:\/\/api.w.org\/{rel}","templated":true}]}}