{"id":13654,"date":"2025-01-25T09:18:27","date_gmt":"2025-01-25T06:18:27","guid":{"rendered":"https:\/\/ceoparts.com\/?post_type=product&#038;p=13654"},"modified":"2026-05-16T15:08:32","modified_gmt":"2026-05-16T12:08:32","slug":"still-rx-joystick-50636305500","status":"publish","type":"product","link":"https:\/\/ceoparts.com\/fr\/urun\/still-rx-joystick-50636305500\/","title":{"rendered":"Still RX Joyst\u0131ck 2.El- 50634305500"},"content":{"rendered":"<p>Still RX Joyst\u0131ck 2.El- 50634305500<\/p>","protected":false},"excerpt":{"rendered":"<p data-start=\"156\" data-end=\"362\"><br data-start=\"2107\" data-end=\"2110\" \/>Le joystick Still RX est une pi\u00e8ce d\u00e9tach\u00e9e d\u2019occasion de haute qualit\u00e9 con\u00e7ue pour les chariots \u00e9l\u00e9vateurs. Ce joystick offre un contr\u00f4le pr\u00e9cis et un confort de conduite optimal, am\u00e9liorant ainsi la productivit\u00e9 de votre machine.<\/p>\n<p data-start=\"2345\" data-end=\"2665\"><strong data-start=\"2345\" data-end=\"2367\">Caract\u00e9ristiques :<\/strong><br data-start=\"2367\" data-end=\"2370\" \/><strong data-start=\"2370\" data-end=\"2390\">Nom du produit :<\/strong> Joystick Still RX Occasion<br data-start=\"2417\" data-end=\"2420\" \/><strong data-start=\"2420\" data-end=\"2436\">Code pi\u00e8ce :<\/strong> 50634305500<br data-start=\"2448\" data-end=\"2451\" \/><strong data-start=\"2451\" data-end=\"2465\">Mat\u00e9riau :<\/strong> M\u00e9lange robuste de plastique et de m\u00e9tal<br data-start=\"2506\" data-end=\"2509\" \/><strong data-start=\"2509\" data-end=\"2536\">Domaine d\u2019utilisation :<\/strong> Mod\u00e8les de chariots \u00e9l\u00e9vateurs Still RX<br data-start=\"2576\" data-end=\"2579\" \/><strong data-start=\"2579\" data-end=\"2593\">Avantage :<\/strong> Contr\u00f4le pr\u00e9cis, solution \u00e9conomique en occasion, installation rapide<\/p>\n<hr data-start=\"2667\" data-end=\"2670\" \/>\n<p data-start=\"2672\" data-end=\"2864\">\n","protected":false},"featured_media":13656,"template":"","meta":[],"product_brand":[],"product_cat":[241,433,524],"product_tag":[],"class_list":{"0":"post-13654","1":"product","2":"type-product","3":"status-publish","4":"has-post-thumbnail","6":"product_cat-still","7":"product_cat-ikinci-el-urunler","8":"product_cat-yedek-parca-still","10":"first","11":"instock","12":"taxable","13":"shipping-taxable","14":"purchasable","15":"product-type-simple"},"_links":{"self":[{"href":"https:\/\/ceoparts.com\/fr\/wp-json\/wp\/v2\/product\/13654","targetHints":{"allow":["GET"]}}],"collection":[{"href":"https:\/\/ceoparts.com\/fr\/wp-json\/wp\/v2\/product"}],"about":[{"href":"https:\/\/ceoparts.com\/fr\/wp-json\/wp\/v2\/types\/product"}],"wp:featuredmedia":[{"embeddable":true,"href":"https:\/\/ceoparts.com\/fr\/wp-json\/wp\/v2\/media\/13656"}],"wp:attachment":[{"href":"https:\/\/ceoparts.com\/fr\/wp-json\/wp\/v2\/media?parent=13654"}],"wp:term":[{"taxonomy":"product_brand","embeddable":true,"href":"https:\/\/ceoparts.com\/fr\/wp-json\/wp\/v2\/product_brand?post=13654"},{"taxonomy":"product_cat","embeddable":true,"href":"https:\/\/ceoparts.com\/fr\/wp-json\/wp\/v2\/product_cat?post=13654"},{"taxonomy":"product_tag","embeddable":true,"href":"https:\/\/ceoparts.com\/fr\/wp-json\/wp\/v2\/product_tag?post=13654"}],"curies":[{"name":"wp","href":"https:\/\/api.w.org\/{rel}","templated":true}]}}