{"id":13661,"date":"2025-01-25T09:29:48","date_gmt":"2025-01-25T06:29:48","guid":{"rendered":"https:\/\/ceoparts.com\/?post_type=product&#038;p=13661"},"modified":"2026-05-16T21:16:09","modified_gmt":"2026-05-16T18:16:09","slug":"still-rx-su2-kart-48v-56323602608","status":"publish","type":"product","link":"https:\/\/ceoparts.com\/fr\/urun\/still-rx-su2-kart-48v-56323602608\/","title":{"rendered":"Rx SU2 Kart 48V &#8211; 56323602608"},"content":{"rendered":"<p>Rx SU2 Kart 48V &#8211; 56323602608<\/p>","protected":false},"excerpt":{"rendered":"<p data-start=\"0\" data-end=\"245\"><br data-start=\"1601\" data-end=\"1604\" \/>Le Still RX SU2 Kart 48V d\u2019occasion est une unit\u00e9 de contr\u00f4le de conducteur durable et fiable, con\u00e7ue pour les mod\u00e8les de chariots \u00e9l\u00e9vateurs Still fonctionnant sous 48V. Il optimise la performance du chariot et garantit un fonctionnement fiable.<\/p>\n<p data-start=\"1852\" data-end=\"2183\"><strong data-start=\"1852\" data-end=\"1874\">Caract\u00e9ristiques :<\/strong><br data-start=\"1874\" data-end=\"1877\" \/><strong data-start=\"1877\" data-end=\"1897\">Nom du produit :<\/strong> Still RX SU2 Kart 48V d\u2019occasion<br data-start=\"1930\" data-end=\"1933\" \/><strong data-start=\"1933\" data-end=\"1948\">R\u00e9f\u00e9rence :<\/strong> 56323602608<br data-start=\"1960\" data-end=\"1963\" \/><strong data-start=\"1963\" data-end=\"1977\">Mat\u00e9riau :<\/strong> Composants \u00e9lectroniques et m\u00e9talliques durables<br data-start=\"2026\" data-end=\"2029\" \/><strong data-start=\"2029\" data-end=\"2055\">Domaine d&#8217;utilisation:<\/strong> Syst\u00e8mes de contr\u00f4le de chariots Still RX SU2<br data-start=\"2101\" data-end=\"2104\" \/><strong data-start=\"2104\" data-end=\"2117\">Avantage:<\/strong> Produit d\u2019occasion fiable, haute performance, longue dur\u00e9e de vie<\/p>\n<p data-start=\"2185\" data-end=\"2411\">\n","protected":false},"featured_media":13663,"template":"","meta":[],"product_brand":[],"product_cat":[241,433,524],"product_tag":[],"class_list":{"0":"post-13661","1":"product","2":"type-product","3":"status-publish","4":"has-post-thumbnail","6":"product_cat-still","7":"product_cat-ikinci-el-urunler","8":"product_cat-yedek-parca-still","10":"first","11":"instock","12":"taxable","13":"shipping-taxable","14":"purchasable","15":"product-type-simple"},"_links":{"self":[{"href":"https:\/\/ceoparts.com\/fr\/wp-json\/wp\/v2\/product\/13661","targetHints":{"allow":["GET"]}}],"collection":[{"href":"https:\/\/ceoparts.com\/fr\/wp-json\/wp\/v2\/product"}],"about":[{"href":"https:\/\/ceoparts.com\/fr\/wp-json\/wp\/v2\/types\/product"}],"wp:featuredmedia":[{"embeddable":true,"href":"https:\/\/ceoparts.com\/fr\/wp-json\/wp\/v2\/media\/13663"}],"wp:attachment":[{"href":"https:\/\/ceoparts.com\/fr\/wp-json\/wp\/v2\/media?parent=13661"}],"wp:term":[{"taxonomy":"product_brand","embeddable":true,"href":"https:\/\/ceoparts.com\/fr\/wp-json\/wp\/v2\/product_brand?post=13661"},{"taxonomy":"product_cat","embeddable":true,"href":"https:\/\/ceoparts.com\/fr\/wp-json\/wp\/v2\/product_cat?post=13661"},{"taxonomy":"product_tag","embeddable":true,"href":"https:\/\/ceoparts.com\/fr\/wp-json\/wp\/v2\/product_tag?post=13661"}],"curies":[{"name":"wp","href":"https:\/\/api.w.org\/{rel}","templated":true}]}}