{"id":13679,"date":"2025-01-27T10:27:57","date_gmt":"2025-01-27T07:27:57","guid":{"rendered":"https:\/\/ceoparts.com\/?post_type=product&#038;p=13679"},"modified":"2026-05-16T15:00:52","modified_gmt":"2026-05-16T12:00:52","slug":"bt-sensor-706-241868-266706","status":"publish","type":"product","link":"https:\/\/ceoparts.com\/fr\/urun\/bt-sensor-706-241868-266706\/","title":{"rendered":"BT Sens\u00f6r 706 &#8211; 241868 , 266706"},"content":{"rendered":"<p>BT Sens\u00f6r 706 &#8211; 241868 , 266706<\/p>\n","protected":false},"excerpt":{"rendered":"<p data-start=\"0\" data-end=\"274\"><br data-start=\"1616\" data-end=\"1619\" \/>Le capteur BT 706 est sp\u00e9cialement con\u00e7u pour les mod\u00e8les de chariots \u00e9l\u00e9vateurs BT, offrant une performance pr\u00e9cise et fiable dans les syst\u00e8mes \u00e9lectroniques du chariot. Fabriqu\u00e9 avec des mat\u00e9riaux de haute qualit\u00e9, il est durable et am\u00e9liore l\u2019efficacit\u00e9 op\u00e9rationnelle du chariot.<\/p>\n<p data-start=\"1904\" data-end=\"2193\"><strong data-start=\"1904\" data-end=\"1926\">Caract\u00e9ristiques :<\/strong><br data-start=\"1926\" data-end=\"1929\" \/><strong data-start=\"1929\" data-end=\"1949\">Nom du produit :<\/strong> Capteur BT 706<br data-start=\"1964\" data-end=\"1967\" \/><strong data-start=\"1967\" data-end=\"1982\">R\u00e9f\u00e9rence :<\/strong> 241868, 266706<br data-start=\"1997\" data-end=\"2000\" \/><strong data-start=\"2000\" data-end=\"2014\">Mat\u00e9riau :<\/strong> Composants \u00e9lectroniques durables<br data-start=\"2048\" data-end=\"2051\" \/><strong data-start=\"2051\" data-end=\"2077\">Domaine d&#8217;utilisation:<\/strong> Syst\u00e8mes \u00e9lectroniques pour chariots BT<br data-start=\"2117\" data-end=\"2120\" \/><strong data-start=\"2120\" data-end=\"2133\">Avantage:<\/strong> Haute pr\u00e9cision, fonctionnement fiable, longue dur\u00e9e de vie<\/p>\n<p data-start=\"2195\" data-end=\"2459\">\n","protected":false},"featured_media":13677,"template":"","meta":[],"product_brand":[],"product_cat":[469,518,251],"product_tag":[],"class_list":{"0":"post-13679","1":"product","2":"type-product","3":"status-publish","4":"has-post-thumbnail","6":"product_cat-elektrik-ve-sistem-parcalari","7":"product_cat-yedek-parca-bt","8":"product_cat-bt","10":"first","11":"instock","12":"taxable","13":"shipping-taxable","14":"purchasable","15":"product-type-simple"},"_links":{"self":[{"href":"https:\/\/ceoparts.com\/fr\/wp-json\/wp\/v2\/product\/13679","targetHints":{"allow":["GET"]}}],"collection":[{"href":"https:\/\/ceoparts.com\/fr\/wp-json\/wp\/v2\/product"}],"about":[{"href":"https:\/\/ceoparts.com\/fr\/wp-json\/wp\/v2\/types\/product"}],"wp:featuredmedia":[{"embeddable":true,"href":"https:\/\/ceoparts.com\/fr\/wp-json\/wp\/v2\/media\/13677"}],"wp:attachment":[{"href":"https:\/\/ceoparts.com\/fr\/wp-json\/wp\/v2\/media?parent=13679"}],"wp:term":[{"taxonomy":"product_brand","embeddable":true,"href":"https:\/\/ceoparts.com\/fr\/wp-json\/wp\/v2\/product_brand?post=13679"},{"taxonomy":"product_cat","embeddable":true,"href":"https:\/\/ceoparts.com\/fr\/wp-json\/wp\/v2\/product_cat?post=13679"},{"taxonomy":"product_tag","embeddable":true,"href":"https:\/\/ceoparts.com\/fr\/wp-json\/wp\/v2\/product_tag?post=13679"}],"curies":[{"name":"wp","href":"https:\/\/api.w.org\/{rel}","templated":true}]}}