{"id":13695,"date":"2025-01-27T16:42:42","date_gmt":"2025-01-27T13:42:42","guid":{"rendered":"https:\/\/ceoparts.com\/?post_type=product&#038;p=13695"},"modified":"2026-05-16T08:37:10","modified_gmt":"2026-05-16T05:37:10","slug":"bt-toyota-lp200-catal-mekanizmasi-tekerleksiz-7522959-7592114","status":"publish","type":"product","link":"https:\/\/ceoparts.com\/fr\/urun\/bt-toyota-lp200-catal-mekanizmasi-tekerleksiz-7522959-7592114\/","title":{"rendered":"M\u00e9canisme de fourche BT Toyota LPE200 (Sans roues) &#8211; 7522959, 7592114"},"content":{"rendered":"<p>M\u00e9canisme de fourche BT Toyota LPE200 (Sans roues) &#8211; 7522959, 7592114<\/p>\n<p>BT 7522959 7592114<\/p>\n<p>BT LPE200\/220\/250<\/p>","protected":false},"excerpt":{"rendered":"<p data-start=\"0\" data-end=\"296\"><br data-start=\"1887\" data-end=\"1890\" \/>Cet ensemble de m\u00e9canisme de fourche sans roue est sp\u00e9cialement con\u00e7u pour les chariots \u00e9l\u00e9vateurs BT Toyota LPE200, offrant des performances solides et fiables dans le syst\u00e8me de fourche du chariot. Il assure une efficacit\u00e9 maximale lors des op\u00e9rations de manutention et d\u2019\u00e9quilibrage des charges. Fabriqu\u00e9 avec des mat\u00e9riaux durables pour une longue dur\u00e9e de vie.<\/p>\n<p data-start=\"2256\" data-end=\"2601\"><strong data-start=\"2256\" data-end=\"2278\">Caract\u00e9ristiques :<\/strong><br data-start=\"2278\" data-end=\"2281\" \/><strong data-start=\"2281\" data-end=\"2301\">Nom du produit :<\/strong> Ensemble m\u00e9canisme de fourche BT Toyota LPE200 (sans roues)<br data-start=\"2360\" data-end=\"2363\" \/><strong data-start=\"2363\" data-end=\"2378\">R\u00e9f\u00e9rence :<\/strong> 7522959, 7592114<br data-start=\"2395\" data-end=\"2398\" \/><strong data-start=\"2398\" data-end=\"2412\">Mat\u00e9riau :<\/strong> Acier haute durabilit\u00e9 et alliage<br data-start=\"2446\" data-end=\"2449\" \/><strong data-start=\"2449\" data-end=\"2475\">Domaine d&#8217;utilisation:<\/strong> Syst\u00e8mes de fourche pour chariots BT Toyota LPE200<br data-start=\"2525\" data-end=\"2528\" \/><strong data-start=\"2528\" data-end=\"2541\">Avantage:<\/strong> Construction robuste, haute durabilit\u00e9, longue dur\u00e9e de vie<\/p>\n<p data-start=\"2603\" data-end=\"2924\">\n","protected":false},"featured_media":13696,"template":"","meta":[],"product_brand":[],"product_cat":[251,406,407,521,531],"product_tag":[],"class_list":{"0":"post-13695","1":"product","2":"type-product","3":"status-publish","4":"has-post-thumbnail","6":"product_cat-bt","7":"product_cat-catal-mekanizma","8":"product_cat-bt-catal-mekanizmalari","9":"product_cat-toyota","10":"product_cat-mekanizmalar-toyota","12":"first","13":"instock","14":"taxable","15":"shipping-taxable","16":"purchasable","17":"product-type-simple"},"_links":{"self":[{"href":"https:\/\/ceoparts.com\/fr\/wp-json\/wp\/v2\/product\/13695","targetHints":{"allow":["GET"]}}],"collection":[{"href":"https:\/\/ceoparts.com\/fr\/wp-json\/wp\/v2\/product"}],"about":[{"href":"https:\/\/ceoparts.com\/fr\/wp-json\/wp\/v2\/types\/product"}],"wp:featuredmedia":[{"embeddable":true,"href":"https:\/\/ceoparts.com\/fr\/wp-json\/wp\/v2\/media\/13696"}],"wp:attachment":[{"href":"https:\/\/ceoparts.com\/fr\/wp-json\/wp\/v2\/media?parent=13695"}],"wp:term":[{"taxonomy":"product_brand","embeddable":true,"href":"https:\/\/ceoparts.com\/fr\/wp-json\/wp\/v2\/product_brand?post=13695"},{"taxonomy":"product_cat","embeddable":true,"href":"https:\/\/ceoparts.com\/fr\/wp-json\/wp\/v2\/product_cat?post=13695"},{"taxonomy":"product_tag","embeddable":true,"href":"https:\/\/ceoparts.com\/fr\/wp-json\/wp\/v2\/product_tag?post=13695"}],"curies":[{"name":"wp","href":"https:\/\/api.w.org\/{rel}","templated":true}]}}