{"id":13735,"date":"2025-01-28T16:02:24","date_gmt":"2025-01-28T13:02:24","guid":{"rendered":"https:\/\/ceoparts.com\/?post_type=product&#038;p=13735"},"modified":"2026-05-16T15:03:51","modified_gmt":"2026-05-16T12:03:51","slug":"bt-ose-250-denge-mekanizmasi-212030","status":"publish","type":"product","link":"https:\/\/ceoparts.com\/fr\/urun\/bt-ose-250-denge-mekanizmasi-212030\/","title":{"rendered":"BT OSE 250 \u00c9quipe du m\u00e9canisme d&#8217;\u00e9quilibre &#8211; 212030"},"content":{"rendered":"<p>BT OSE 250 \u00c9quipe du m\u00e9canisme d&#8217;\u00e9quilibre &#8211; 212030<\/p>\n<p>BT OL20\/OL25<\/p>\n<p>BT \u0130\u015fletim Sistemi<\/p>\n<p>BT OSE120\/OSE180\/OSE250<\/p>\n<p>&nbsp;<\/p>\n<p>BT 212030<\/p>","protected":false},"excerpt":{"rendered":"<p data-start=\"0\" data-end=\"265\"><br data-start=\"1676\" data-end=\"1679\" \/>Con\u00e7u sp\u00e9cialement pour les mod\u00e8les de chariots \u00e9l\u00e9vateurs BT OSE, ce m\u00e9canisme d\u2019\u00e9quilibrage assure un fonctionnement s\u00fbr et stable dans le syst\u00e8me d\u2019\u00e9quilibrage du chariot. Il favorise un mouvement \u00e9quilibr\u00e9 de la charge et de l\u2019\u00e9quipement. Fabriqu\u00e9 en acier durable et alliage pour une longue dur\u00e9e d\u2019utilisation.<\/p>\n<p data-start=\"1997\" data-end=\"2298\"><strong data-start=\"1997\" data-end=\"2019\">Caract\u00e9ristiques :<\/strong><br data-start=\"2019\" data-end=\"2022\" \/><strong data-start=\"2022\" data-end=\"2042\">Nom du produit :<\/strong> M\u00e9canisme d\u2019\u00e9quilibrage BT OSE 250<br data-start=\"2077\" data-end=\"2080\" \/><strong data-start=\"2080\" data-end=\"2095\">R\u00e9f\u00e9rence :<\/strong> 212030<br data-start=\"2102\" data-end=\"2105\" \/><strong data-start=\"2105\" data-end=\"2119\">Mat\u00e9riau :<\/strong> Acier haute r\u00e9sistance et alliage<br data-start=\"2153\" data-end=\"2156\" \/><strong data-start=\"2156\" data-end=\"2182\">Domaine d&#8217;utilisation:<\/strong> Syst\u00e8mes d\u2019\u00e9quilibrage des chariots BT OSE<br data-start=\"2225\" data-end=\"2228\" \/><strong data-start=\"2228\" data-end=\"2241\">Avantage:<\/strong> Structure robuste, haute durabilit\u00e9, longue dur\u00e9e de vie<\/p>\n<p data-start=\"2300\" data-end=\"2584\">\n","protected":false},"featured_media":13847,"template":"","meta":[],"product_brand":[],"product_cat":[251,420,426],"product_tag":[],"class_list":{"0":"post-13735","1":"product","2":"type-product","3":"status-publish","4":"has-post-thumbnail","6":"product_cat-bt","7":"product_cat-denge-mekanizmalar","8":"product_cat-bt-denge-mekanizma","10":"first","11":"instock","12":"taxable","13":"shipping-taxable","14":"purchasable","15":"product-type-simple"},"_links":{"self":[{"href":"https:\/\/ceoparts.com\/fr\/wp-json\/wp\/v2\/product\/13735","targetHints":{"allow":["GET"]}}],"collection":[{"href":"https:\/\/ceoparts.com\/fr\/wp-json\/wp\/v2\/product"}],"about":[{"href":"https:\/\/ceoparts.com\/fr\/wp-json\/wp\/v2\/types\/product"}],"wp:featuredmedia":[{"embeddable":true,"href":"https:\/\/ceoparts.com\/fr\/wp-json\/wp\/v2\/media\/13847"}],"wp:attachment":[{"href":"https:\/\/ceoparts.com\/fr\/wp-json\/wp\/v2\/media?parent=13735"}],"wp:term":[{"taxonomy":"product_brand","embeddable":true,"href":"https:\/\/ceoparts.com\/fr\/wp-json\/wp\/v2\/product_brand?post=13735"},{"taxonomy":"product_cat","embeddable":true,"href":"https:\/\/ceoparts.com\/fr\/wp-json\/wp\/v2\/product_cat?post=13735"},{"taxonomy":"product_tag","embeddable":true,"href":"https:\/\/ceoparts.com\/fr\/wp-json\/wp\/v2\/product_tag?post=13735"}],"curies":[{"name":"wp","href":"https:\/\/api.w.org\/{rel}","templated":true}]}}