{"id":13739,"date":"2025-01-28T16:11:06","date_gmt":"2025-01-28T13:11:06","guid":{"rendered":"https:\/\/ceoparts.com\/?post_type=product&#038;p=13739"},"modified":"2026-05-16T14:05:47","modified_gmt":"2026-05-16T11:05:47","slug":"bt-lpe-spe-denge-mekanizmasi-76111200-7593193","status":"publish","type":"product","link":"https:\/\/ceoparts.com\/fr\/urun\/bt-lpe-spe-denge-mekanizmasi-76111200-7593193\/","title":{"rendered":"M\u00e9canisme d&#8217;\u00e9quilibre BT Toyota LPE\/SPE\/SWE &#8211; 76111200, 7593193"},"content":{"rendered":"<p>M\u00e9canisme d&#8217;\u00e9quilibre BT Toyota LPE\/SPE\/SWE &#8211; 76111200, 7593193<\/p>\n<p>BT 7611200 7523193 \u00d8 = 125mm<\/p>\n<p>BT Toyota LPE200 LPE220 LPE250<\/p>\n<p>SPE120L<br \/>\nSPE140L<br \/>\nSPE160L<br \/>\nSPE200D<br \/>\nSPE200L<br \/>\nSWE145L<br \/>\nSWE160L<br \/>\nSWE200L<\/p>","protected":false},"excerpt":{"rendered":"<p data-start=\"0\" data-end=\"287\"><br data-start=\"1856\" data-end=\"1859\" \/>Con\u00e7u sp\u00e9cialement pour les mod\u00e8les de chariots \u00e9l\u00e9vateurs BT Toyota LPE, SPE et SWE, ce m\u00e9canisme d\u2019\u00e9quilibrage assure un fonctionnement s\u00fbr et stable dans le syst\u00e8me d\u2019\u00e9quilibrage du chariot. Il favorise un mouvement \u00e9quilibr\u00e9 de la charge et de l\u2019\u00e9quipement. Fabriqu\u00e9 en acier durable et alliage pour une longue dur\u00e9e d\u2019utilisation.<\/p>\n<p data-start=\"2196\" data-end=\"2536\"><strong data-start=\"2196\" data-end=\"2218\">Caract\u00e9ristiques :<\/strong><br data-start=\"2218\" data-end=\"2221\" \/><strong data-start=\"2221\" data-end=\"2241\">Nom du produit :<\/strong> M\u00e9canisme d\u2019\u00e9quilibrage BT Toyota LPE\/SPE\/SWE<br data-start=\"2287\" data-end=\"2290\" \/><strong data-start=\"2290\" data-end=\"2305\">R\u00e9f\u00e9rence :<\/strong> 76111200, 7593193<br data-start=\"2323\" data-end=\"2326\" \/><strong data-start=\"2326\" data-end=\"2340\">Mat\u00e9riau :<\/strong> Acier haute r\u00e9sistance et alliage<br data-start=\"2374\" data-end=\"2377\" \/><strong data-start=\"2377\" data-end=\"2403\">Domaine d&#8217;utilisation:<\/strong> Syst\u00e8mes d\u2019\u00e9quilibrage des chariots BT Toyota LPE, SPE, SWE<br data-start=\"2463\" data-end=\"2466\" \/><strong data-start=\"2466\" data-end=\"2479\">Avantage:<\/strong> Structure robuste, haute durabilit\u00e9, longue dur\u00e9e de vie<\/p>\n<p data-start=\"2538\" data-end=\"2848\">\n","protected":false},"featured_media":19997,"template":"","meta":[],"product_brand":[],"product_cat":[251,420,426,521,531],"product_tag":[],"class_list":{"0":"post-13739","1":"product","2":"type-product","3":"status-publish","4":"has-post-thumbnail","6":"product_cat-bt","7":"product_cat-denge-mekanizmalar","8":"product_cat-bt-denge-mekanizma","9":"product_cat-toyota","10":"product_cat-mekanizmalar-toyota","12":"first","13":"instock","14":"taxable","15":"shipping-taxable","16":"purchasable","17":"product-type-simple"},"_links":{"self":[{"href":"https:\/\/ceoparts.com\/fr\/wp-json\/wp\/v2\/product\/13739","targetHints":{"allow":["GET"]}}],"collection":[{"href":"https:\/\/ceoparts.com\/fr\/wp-json\/wp\/v2\/product"}],"about":[{"href":"https:\/\/ceoparts.com\/fr\/wp-json\/wp\/v2\/types\/product"}],"wp:featuredmedia":[{"embeddable":true,"href":"https:\/\/ceoparts.com\/fr\/wp-json\/wp\/v2\/media\/19997"}],"wp:attachment":[{"href":"https:\/\/ceoparts.com\/fr\/wp-json\/wp\/v2\/media?parent=13739"}],"wp:term":[{"taxonomy":"product_brand","embeddable":true,"href":"https:\/\/ceoparts.com\/fr\/wp-json\/wp\/v2\/product_brand?post=13739"},{"taxonomy":"product_cat","embeddable":true,"href":"https:\/\/ceoparts.com\/fr\/wp-json\/wp\/v2\/product_cat?post=13739"},{"taxonomy":"product_tag","embeddable":true,"href":"https:\/\/ceoparts.com\/fr\/wp-json\/wp\/v2\/product_tag?post=13739"}],"curies":[{"name":"wp","href":"https:\/\/api.w.org\/{rel}","templated":true}]}}