{"id":13750,"date":"2025-01-29T15:09:47","date_gmt":"2025-01-29T12:09:47","guid":{"rendered":"https:\/\/ceoparts.com\/?post_type=product&#038;p=13750"},"modified":"2026-05-16T12:10:50","modified_gmt":"2026-05-16T09:10:50","slug":"hyster-wicke-denge-mekanizmasi-tekerleksiz-4006485","status":"publish","type":"product","link":"https:\/\/ceoparts.com\/fr\/urun\/hyster-wicke-denge-mekanizmasi-tekerleksiz-4006485\/","title":{"rendered":"M\u00e9canisme d&#8217;\u00e9quilibrage Hyster Wicke (Sans roues) &#8211; 4006485"},"content":{"rendered":"<p>M\u00e9canisme d&#8217;\u00e9quilibrage Hyster Wicke (Sans roues) &#8211; 4006485<\/p>","protected":false},"excerpt":{"rendered":"<p data-start=\"119\" data-end=\"450\"><br data-start=\"2101\" data-end=\"2104\" \/>Con\u00e7u sp\u00e9cialement pour les chariots \u00e9l\u00e9vateurs Hyster, ce m\u00e9canisme d\u2019\u00e9quilibrage Wicke sans roue est compatible avec les mod\u00e8les \u00e9quip\u00e9s de roues. Il assure un mouvement \u00e9quilibr\u00e9 de la charge et de l\u2019\u00e9quipement dans le syst\u00e8me, augmentant ainsi la s\u00e9curit\u00e9 de fonctionnement et la dur\u00e9e de vie de l\u2019appareil. Fabriqu\u00e9 en acier haute r\u00e9sistance et alliage sp\u00e9cial.<\/p>\n<p data-start=\"2472\" data-end=\"2815\"><strong data-start=\"2472\" data-end=\"2494\">Caract\u00e9ristiques :<\/strong><br data-start=\"2494\" data-end=\"2497\" \/><strong data-start=\"2497\" data-end=\"2517\">Nom du produit :<\/strong> M\u00e9canisme d\u2019\u00e9quilibrage Wicke Hyster (sans roue)<br data-start=\"2566\" data-end=\"2569\" \/><strong data-start=\"2569\" data-end=\"2584\">R\u00e9f\u00e9rence :<\/strong> 4006485<br data-start=\"2592\" data-end=\"2595\" \/><strong data-start=\"2595\" data-end=\"2609\">Mat\u00e9riau :<\/strong> Acier haute r\u00e9sistance et alliage<br data-start=\"2643\" data-end=\"2646\" \/><strong data-start=\"2646\" data-end=\"2672\">Domaine d&#8217;utilisation:<\/strong> Syst\u00e8mes d\u2019\u00e9quilibrage pour chariots Hyster<br data-start=\"2716\" data-end=\"2719\" \/><strong data-start=\"2719\" data-end=\"2732\">Avantage:<\/strong> Structure robuste, r\u00e9sistance \u00e9lev\u00e9e aux chocs et \u00e0 l\u2019usure, longue dur\u00e9e de vie<\/p>\n<p data-start=\"2817\" data-end=\"3140\">\n","protected":false},"featured_media":13762,"template":"","meta":[],"product_brand":[],"product_cat":[256,401,420,421,532],"product_tag":[],"class_list":{"0":"post-13750","1":"product","2":"type-product","3":"status-publish","4":"has-post-thumbnail","6":"product_cat-hyster","7":"product_cat-wicke","8":"product_cat-denge-mekanizmalar","9":"product_cat-hyster-denge-mekanizma","10":"product_cat-mekanizmalar-wicke","12":"first","13":"instock","14":"taxable","15":"shipping-taxable","16":"purchasable","17":"product-type-simple"},"_links":{"self":[{"href":"https:\/\/ceoparts.com\/fr\/wp-json\/wp\/v2\/product\/13750","targetHints":{"allow":["GET"]}}],"collection":[{"href":"https:\/\/ceoparts.com\/fr\/wp-json\/wp\/v2\/product"}],"about":[{"href":"https:\/\/ceoparts.com\/fr\/wp-json\/wp\/v2\/types\/product"}],"wp:featuredmedia":[{"embeddable":true,"href":"https:\/\/ceoparts.com\/fr\/wp-json\/wp\/v2\/media\/13762"}],"wp:attachment":[{"href":"https:\/\/ceoparts.com\/fr\/wp-json\/wp\/v2\/media?parent=13750"}],"wp:term":[{"taxonomy":"product_brand","embeddable":true,"href":"https:\/\/ceoparts.com\/fr\/wp-json\/wp\/v2\/product_brand?post=13750"},{"taxonomy":"product_cat","embeddable":true,"href":"https:\/\/ceoparts.com\/fr\/wp-json\/wp\/v2\/product_cat?post=13750"},{"taxonomy":"product_tag","embeddable":true,"href":"https:\/\/ceoparts.com\/fr\/wp-json\/wp\/v2\/product_tag?post=13750"}],"curies":[{"name":"wp","href":"https:\/\/api.w.org\/{rel}","templated":true}]}}