{"id":13763,"date":"2025-01-29T15:24:26","date_gmt":"2025-01-29T12:24:26","guid":{"rendered":"https:\/\/ceoparts.com\/?post_type=product&#038;p=13763"},"modified":"2026-05-16T18:58:19","modified_gmt":"2026-05-16T15:58:19","slug":"hyster-denge-mekanizma-tampon-takimi-4024052","status":"publish","type":"product","link":"https:\/\/ceoparts.com\/fr\/urun\/hyster-denge-mekanizma-tampon-takimi-4024052\/","title":{"rendered":"Kit de tampons du m\u00e9canisme d&#8217;\u00e9quilibrage Hyster &#8211; 4024052"},"content":{"rendered":"<p>Kit de tampons du m\u00e9canisme d&#8217;\u00e9quilibrage Hyster &#8211; 4024052<\/p>","protected":false},"excerpt":{"rendered":"<p data-start=\"110\" data-end=\"437\"><br data-start=\"1907\" data-end=\"1910\" \/>Con\u00e7u sp\u00e9cialement pour les chariots \u00e9l\u00e9vateurs Hyster, ce kit de tampon de m\u00e9canisme d\u2019\u00e9quilibrage absorbe les chocs et vibrations du syst\u00e8me d\u2019\u00e9quilibrage, garantissant un fonctionnement s\u00fbr et stable. Fabriqu\u00e9 en caoutchouc et acier r\u00e9sistants pour une longue dur\u00e9e d\u2019utilisation.<\/p>\n<p data-start=\"2195\" data-end=\"2533\"><strong data-start=\"2195\" data-end=\"2217\">Caract\u00e9ristiques :<\/strong><br data-start=\"2217\" data-end=\"2220\" \/><strong data-start=\"2220\" data-end=\"2240\">Nom du produit :<\/strong> Kit tampon de m\u00e9canisme d\u2019\u00e9quilibrage Hyster<br data-start=\"2285\" data-end=\"2288\" \/><strong data-start=\"2288\" data-end=\"2303\">R\u00e9f\u00e9rence :<\/strong> 4024052<br data-start=\"2311\" data-end=\"2314\" \/><strong data-start=\"2314\" data-end=\"2328\">Mat\u00e9riau :<\/strong> Caoutchouc et acier de haute qualit\u00e9<br data-start=\"2365\" data-end=\"2368\" \/><strong data-start=\"2368\" data-end=\"2394\">Domaine d&#8217;utilisation:<\/strong> Syst\u00e8mes d\u2019\u00e9quilibrage des chariots Hyster<br data-start=\"2437\" data-end=\"2440\" \/><strong data-start=\"2440\" data-end=\"2453\">Avantage:<\/strong> Absorption des chocs, r\u00e9duction des vibrations, utilisation durable et solide<\/p>\n<p data-start=\"2535\" data-end=\"2800\">\n","protected":false},"featured_media":13764,"template":"","meta":[],"product_brand":[],"product_cat":[256,470,520],"product_tag":[],"class_list":{"0":"post-13763","1":"product","2":"type-product","3":"status-publish","4":"has-post-thumbnail","6":"product_cat-hyster","7":"product_cat-diger-yedek-parcalar","8":"product_cat-yedek-parca-hyster","10":"first","11":"instock","12":"taxable","13":"shipping-taxable","14":"purchasable","15":"product-type-simple"},"_links":{"self":[{"href":"https:\/\/ceoparts.com\/fr\/wp-json\/wp\/v2\/product\/13763","targetHints":{"allow":["GET"]}}],"collection":[{"href":"https:\/\/ceoparts.com\/fr\/wp-json\/wp\/v2\/product"}],"about":[{"href":"https:\/\/ceoparts.com\/fr\/wp-json\/wp\/v2\/types\/product"}],"wp:featuredmedia":[{"embeddable":true,"href":"https:\/\/ceoparts.com\/fr\/wp-json\/wp\/v2\/media\/13764"}],"wp:attachment":[{"href":"https:\/\/ceoparts.com\/fr\/wp-json\/wp\/v2\/media?parent=13763"}],"wp:term":[{"taxonomy":"product_brand","embeddable":true,"href":"https:\/\/ceoparts.com\/fr\/wp-json\/wp\/v2\/product_brand?post=13763"},{"taxonomy":"product_cat","embeddable":true,"href":"https:\/\/ceoparts.com\/fr\/wp-json\/wp\/v2\/product_cat?post=13763"},{"taxonomy":"product_tag","embeddable":true,"href":"https:\/\/ceoparts.com\/fr\/wp-json\/wp\/v2\/product_tag?post=13763"}],"curies":[{"name":"wp","href":"https:\/\/api.w.org\/{rel}","templated":true}]}}