{"id":13770,"date":"2025-01-29T15:35:17","date_gmt":"2025-01-29T12:35:17","guid":{"rendered":"https:\/\/ceoparts.com\/?post_type=product&#038;p=13770"},"modified":"2026-05-16T20:15:28","modified_gmt":"2026-05-16T17:15:28","slug":"hyster-mekanizma-aks-mili-4010124","status":"publish","type":"product","link":"https:\/\/ceoparts.com\/fr\/urun\/hyster-mekanizma-aks-mili-4010124\/","title":{"rendered":"Arbre d&#8217;axe du m\u00e9canisme Hyster &#8211; 4010124"},"content":{"rendered":"<p>Arbre d&#8217;axe du m\u00e9canisme Hyster &#8211; 4010124<\/p>","protected":false},"excerpt":{"rendered":"<p data-start=\"141\" data-end=\"410\"><br data-start=\"1768\" data-end=\"1771\" \/>Con\u00e7u sp\u00e9cialement pour les chariots \u00e9l\u00e9vateurs et machines Hyster, cet arbre d&#8217;essieu de m\u00e9canisme assure une connexion fiable des pi\u00e8ces mobiles. Fabriqu\u00e9 en acier haute r\u00e9sistance pour une utilisation durable et une grande r\u00e9sistance aux chocs et \u00e0 l&#8217;usure.<\/p>\n<p data-start=\"2033\" data-end=\"2361\"><strong data-start=\"2033\" data-end=\"2055\">Caract\u00e9ristiques :<\/strong><br data-start=\"2055\" data-end=\"2058\" \/><strong data-start=\"2058\" data-end=\"2078\">Nom du produit :<\/strong> Arbre d&#8217;essieu de m\u00e9canisme Hyster<br data-start=\"2113\" data-end=\"2116\" \/><strong data-start=\"2116\" data-end=\"2131\">R\u00e9f\u00e9rence :<\/strong> 4010124<br data-start=\"2139\" data-end=\"2142\" \/><strong data-start=\"2142\" data-end=\"2156\">Mat\u00e9riau :<\/strong> Acier haute r\u00e9sistance<br data-start=\"2179\" data-end=\"2182\" \/><strong data-start=\"2182\" data-end=\"2208\">Domaine d&#8217;utilisation:<\/strong> Syst\u00e8mes m\u00e9caniques et de connexion pour chariots Hyster<br data-start=\"2265\" data-end=\"2268\" \/><strong data-start=\"2268\" data-end=\"2281\">Avantage:<\/strong> Structure robuste, haute r\u00e9sistance aux chocs et \u00e0 l&#8217;usure, longue dur\u00e9e de vie<\/p>\n<p data-start=\"2363\" data-end=\"2601\">\n","protected":false},"featured_media":13771,"template":"","meta":[],"product_brand":[],"product_cat":[256,470,520],"product_tag":[],"class_list":{"0":"post-13770","1":"product","2":"type-product","3":"status-publish","4":"has-post-thumbnail","6":"product_cat-hyster","7":"product_cat-diger-yedek-parcalar","8":"product_cat-yedek-parca-hyster","10":"first","11":"instock","12":"taxable","13":"shipping-taxable","14":"purchasable","15":"product-type-simple"},"_links":{"self":[{"href":"https:\/\/ceoparts.com\/fr\/wp-json\/wp\/v2\/product\/13770","targetHints":{"allow":["GET"]}}],"collection":[{"href":"https:\/\/ceoparts.com\/fr\/wp-json\/wp\/v2\/product"}],"about":[{"href":"https:\/\/ceoparts.com\/fr\/wp-json\/wp\/v2\/types\/product"}],"wp:featuredmedia":[{"embeddable":true,"href":"https:\/\/ceoparts.com\/fr\/wp-json\/wp\/v2\/media\/13771"}],"wp:attachment":[{"href":"https:\/\/ceoparts.com\/fr\/wp-json\/wp\/v2\/media?parent=13770"}],"wp:term":[{"taxonomy":"product_brand","embeddable":true,"href":"https:\/\/ceoparts.com\/fr\/wp-json\/wp\/v2\/product_brand?post=13770"},{"taxonomy":"product_cat","embeddable":true,"href":"https:\/\/ceoparts.com\/fr\/wp-json\/wp\/v2\/product_cat?post=13770"},{"taxonomy":"product_tag","embeddable":true,"href":"https:\/\/ceoparts.com\/fr\/wp-json\/wp\/v2\/product_tag?post=13770"}],"curies":[{"name":"wp","href":"https:\/\/api.w.org\/{rel}","templated":true}]}}