{"id":13772,"date":"2025-01-29T15:46:37","date_gmt":"2025-01-29T12:46:37","guid":{"rendered":"https:\/\/ceoparts.com\/?post_type=product&#038;p=13772"},"modified":"2026-05-03T02:34:04","modified_gmt":"2026-05-02T23:34:04","slug":"sapkali-vida-4010126","status":"publish","type":"product","link":"https:\/\/ceoparts.com\/fr\/urun\/sapkali-vida-4010126\/","title":{"rendered":"Vis \u00e0 t\u00eate &#8211; 4010126"},"content":{"rendered":"<p>Vis \u00e0 t\u00eate &#8211; 4010126<\/p>","protected":false},"excerpt":{"rendered":"<p data-start=\"113\" data-end=\"351\"><br data-start=\"1634\" data-end=\"1637\" \/>Utilis\u00e9e dans les chariots \u00e9l\u00e9vateurs et les machines industrielles, cette vis \u00e0 t\u00eate bomb\u00e9e assure un serrage s\u00e9curis\u00e9 gr\u00e2ce \u00e0 sa structure haute r\u00e9sistance et son filetage solide. Fabriqu\u00e9e en mat\u00e9riau inoxydable et durable.<\/p>\n<p data-start=\"1865\" data-end=\"2185\"><strong data-start=\"1865\" data-end=\"1887\">Caract\u00e9ristiques :<\/strong><br data-start=\"1887\" data-end=\"1890\" \/><strong data-start=\"1890\" data-end=\"1910\">Nom du produit :<\/strong> Vis \u00e0 t\u00eate bomb\u00e9e<br data-start=\"1928\" data-end=\"1931\" \/><strong data-start=\"1931\" data-end=\"1946\">R\u00e9f\u00e9rence :<\/strong> 4010126<br data-start=\"1954\" data-end=\"1957\" \/><strong data-start=\"1957\" data-end=\"1971\">Mat\u00e9riau :<\/strong> Acier inoxydable<br data-start=\"1988\" data-end=\"1991\" \/><strong data-start=\"1991\" data-end=\"2017\">Domaine d&#8217;utilisation:<\/strong> Syst\u00e8mes de fixation pour chariots \u00e9l\u00e9vateurs et machines industrielles<br data-start=\"2089\" data-end=\"2092\" \/><strong data-start=\"2092\" data-end=\"2105\">Avantage:<\/strong> Grande durabilit\u00e9, fixation fiable, structure inoxydable et longue dur\u00e9e de vie<\/p>\n<p data-start=\"2187\" data-end=\"2406\">\n","protected":false},"featured_media":13773,"template":"","meta":[],"product_brand":[],"product_cat":[470],"product_tag":[],"class_list":{"0":"post-13772","1":"product","2":"type-product","3":"status-publish","4":"has-post-thumbnail","6":"product_cat-diger-yedek-parcalar","8":"first","9":"instock","10":"taxable","11":"shipping-taxable","12":"purchasable","13":"product-type-simple"},"_links":{"self":[{"href":"https:\/\/ceoparts.com\/fr\/wp-json\/wp\/v2\/product\/13772","targetHints":{"allow":["GET"]}}],"collection":[{"href":"https:\/\/ceoparts.com\/fr\/wp-json\/wp\/v2\/product"}],"about":[{"href":"https:\/\/ceoparts.com\/fr\/wp-json\/wp\/v2\/types\/product"}],"wp:featuredmedia":[{"embeddable":true,"href":"https:\/\/ceoparts.com\/fr\/wp-json\/wp\/v2\/media\/13773"}],"wp:attachment":[{"href":"https:\/\/ceoparts.com\/fr\/wp-json\/wp\/v2\/media?parent=13772"}],"wp:term":[{"taxonomy":"product_brand","embeddable":true,"href":"https:\/\/ceoparts.com\/fr\/wp-json\/wp\/v2\/product_brand?post=13772"},{"taxonomy":"product_cat","embeddable":true,"href":"https:\/\/ceoparts.com\/fr\/wp-json\/wp\/v2\/product_cat?post=13772"},{"taxonomy":"product_tag","embeddable":true,"href":"https:\/\/ceoparts.com\/fr\/wp-json\/wp\/v2\/product_tag?post=13772"}],"curies":[{"name":"wp","href":"https:\/\/api.w.org\/{rel}","templated":true}]}}