{"id":13775,"date":"2025-01-29T15:50:56","date_gmt":"2025-01-29T12:50:56","guid":{"rendered":"https:\/\/ceoparts.com\/?post_type=product&#038;p=13775"},"modified":"2026-05-16T17:34:03","modified_gmt":"2026-05-16T14:34:03","slug":"hyster-100x40-mekanizma-baglanti-pimi-4010119","status":"publish","type":"product","link":"https:\/\/ceoparts.com\/fr\/urun\/hyster-100x40-mekanizma-baglanti-pimi-4010119\/","title":{"rendered":"Goupille de connexion du m\u00e9canisme Hyster 100&#215;40 &#8211; 4010119"},"content":{"rendered":"<p>Goupille de connexion du m\u00e9canisme Hyster 100&#215;40 &#8211; 4010119<\/p>","protected":false},"excerpt":{"rendered":"<p data-start=\"163\" data-end=\"423\"><br data-start=\"1671\" data-end=\"1674\" \/>Con\u00e7u sp\u00e9cialement pour les chariots \u00e9l\u00e9vateurs Hyster, ce pion de connexion de m\u00e9canisme 100\u00d740 assure la fixation fiable des pi\u00e8ces mobiles. Fabriqu\u00e9 en acier haute r\u00e9sistance pour une utilisation durable.<\/p>\n<p data-start=\"1883\" data-end=\"2209\"><strong data-start=\"1883\" data-end=\"1905\">Caract\u00e9ristiques :<\/strong><br data-start=\"1905\" data-end=\"1908\" \/><strong data-start=\"1908\" data-end=\"1928\">Nom du produit :<\/strong> Axe de connexion de m\u00e9canisme Hyster 100\u00d740<br data-start=\"1972\" data-end=\"1975\" \/><strong data-start=\"1975\" data-end=\"1990\">R\u00e9f\u00e9rence :<\/strong> 4010119<br data-start=\"1998\" data-end=\"2001\" \/><strong data-start=\"2001\" data-end=\"2015\">Mat\u00e9riau :<\/strong> Acier haute r\u00e9sistance<br data-start=\"2038\" data-end=\"2041\" \/><strong data-start=\"2041\" data-end=\"2067\">Domaine d&#8217;utilisation:<\/strong> Syst\u00e8mes de connexion m\u00e9canique des chariots Hyster<br data-start=\"2119\" data-end=\"2122\" \/><strong data-start=\"2122\" data-end=\"2135\">Avantage:<\/strong> Structure robuste, longue dur\u00e9e de vie, r\u00e9sistance \u00e0 l\u2019usure et aux chocs<\/p>\n<p data-start=\"2211\" data-end=\"2433\">\n","protected":false},"featured_media":13776,"template":"","meta":[],"product_brand":[],"product_cat":[256,470,520],"product_tag":[],"class_list":{"0":"post-13775","1":"product","2":"type-product","3":"status-publish","4":"has-post-thumbnail","6":"product_cat-hyster","7":"product_cat-diger-yedek-parcalar","8":"product_cat-yedek-parca-hyster","10":"first","11":"instock","12":"taxable","13":"shipping-taxable","14":"purchasable","15":"product-type-simple"},"_links":{"self":[{"href":"https:\/\/ceoparts.com\/fr\/wp-json\/wp\/v2\/product\/13775","targetHints":{"allow":["GET"]}}],"collection":[{"href":"https:\/\/ceoparts.com\/fr\/wp-json\/wp\/v2\/product"}],"about":[{"href":"https:\/\/ceoparts.com\/fr\/wp-json\/wp\/v2\/types\/product"}],"wp:featuredmedia":[{"embeddable":true,"href":"https:\/\/ceoparts.com\/fr\/wp-json\/wp\/v2\/media\/13776"}],"wp:attachment":[{"href":"https:\/\/ceoparts.com\/fr\/wp-json\/wp\/v2\/media?parent=13775"}],"wp:term":[{"taxonomy":"product_brand","embeddable":true,"href":"https:\/\/ceoparts.com\/fr\/wp-json\/wp\/v2\/product_brand?post=13775"},{"taxonomy":"product_cat","embeddable":true,"href":"https:\/\/ceoparts.com\/fr\/wp-json\/wp\/v2\/product_cat?post=13775"},{"taxonomy":"product_tag","embeddable":true,"href":"https:\/\/ceoparts.com\/fr\/wp-json\/wp\/v2\/product_tag?post=13775"}],"curies":[{"name":"wp","href":"https:\/\/api.w.org\/{rel}","templated":true}]}}