{"id":13784,"date":"2025-01-30T09:33:14","date_gmt":"2025-01-30T06:33:14","guid":{"rendered":"https:\/\/ceoparts.com\/?post_type=product&#038;p=13784"},"modified":"2026-05-16T12:45:45","modified_gmt":"2026-05-16T09:45:45","slug":"jungheinrich-ere-denge-mekanizmasi-51077213","status":"publish","type":"product","link":"https:\/\/ceoparts.com\/fr\/urun\/jungheinrich-ere-denge-mekanizmasi-51077213\/","title":{"rendered":"M\u00e9canisme d&#8217;\u00e9quilibre Jungheinrich ERE &#8211; 51077213"},"content":{"rendered":"<p>M\u00e9canisme d&#8217;\u00e9quilibre Jungheinrich ERE &#8211; 51077213<\/p>\n<p>&nbsp;<\/p>\n<table border=\"0\" width=\"241\" cellspacing=\"0\" cellpadding=\"0\">\n<colgroup>\n<col width=\"141\" \/>\n<col width=\"100\" \/><\/colgroup>\n<tbody>\n<tr>\n<td width=\"141\" height=\"19\"><span style=\"font-family: Calibri;\">ECE 118<\/span><\/td>\n<td width=\"100\"><span style=\"font-family: Calibri;\">4.10 &#8211; 2.13<\/span><\/td>\n<\/tr>\n<tr>\n<td height=\"19\"><span style=\"font-family: Calibri;\">ECE 118<\/span><\/td>\n<td><span style=\"font-family: Calibri;\">12.06 &#8211; 3.10<\/span><\/td>\n<\/tr>\n<tr>\n<td height=\"19\"><span style=\"font-family: Calibri;\">EJD K18<\/span><\/td>\n<td><span style=\"font-family: Calibri;\">6.08 &#8211;\u00a0<\/span><\/td>\n<\/tr>\n<tr>\n<td height=\"19\"><span style=\"font-family: Calibri;\">EJE 116\/118\/120<\/span><\/td>\n<td><span style=\"font-family: Calibri;\">9.03 &#8211; 10.07<\/span><\/td>\n<\/tr>\n<tr>\n<td height=\"19\"><span style=\"font-family: Calibri;\">EJE 116\/120 (Qingpu)<\/span><\/td>\n<td><span style=\"font-family: Calibri;\">9.06 &#8211; 9.07<\/span><\/td>\n<\/tr>\n<tr>\n<td height=\"19\"><span style=\"font-family: Calibri;\">EJE 135\/145<\/span><\/td>\n<td><span style=\"font-family: Calibri;\">5.05 &#8211; 10.07<\/span><\/td>\n<\/tr>\n<tr>\n<td height=\"19\"><span style=\"font-family: Calibri;\">EJE C20<\/span><\/td>\n<td><span style=\"font-family: Calibri;\">7.03 &#8211; 12.07<\/span><\/td>\n<\/tr>\n<tr>\n<td height=\"19\"><span style=\"font-family: Calibri;\">ERD K18<\/span><\/td>\n<td><span style=\"font-family: Calibri;\">10.09 &#8211; 2.10<\/span><\/td>\n<\/tr>\n<tr>\n<td height=\"19\"><span style=\"font-family: Calibri;\">ERE 120<\/span><\/td>\n<td><span style=\"font-family: Calibri;\">9.05 &#8211; 10.07<\/span><\/td>\n<\/tr>\n<tr>\n<td height=\"19\"><span style=\"font-family: Calibri;\">ERE 120<\/span><\/td>\n<td><span style=\"font-family: Calibri;\">8.07 &#8211; 5.08<\/span><\/td>\n<\/tr>\n<tr>\n<td height=\"19\"><span style=\"font-family: Calibri;\">ERE 120<\/span><\/td>\n<td><span style=\"font-family: Calibri;\">6.08 &#8211;\u00a0<\/span><\/td>\n<\/tr>\n<tr>\n<td height=\"19\"><span style=\"font-family: Calibri;\">ERE 120 (Qingpu)<\/span><\/td>\n<td><span style=\"font-family: Calibri;\">1.09 &#8211; 8.09<\/span><\/td>\n<\/tr>\n<tr>\n<td height=\"19\"><span style=\"font-family: Calibri;\">ERE 120 (Qingpu)<\/span><\/td>\n<td><span style=\"font-family: Calibri;\">9.06 &#8211; 12.08<\/span><\/td>\n<\/tr>\n<tr>\n<td height=\"19\"><span style=\"font-family: Calibri;\">ERE 120n<\/span><\/td>\n<td><span style=\"font-family: Calibri;\">9.09 &#8211; 1.18<\/span><\/td>\n<\/tr>\n<tr>\n<td height=\"19\"><span style=\"font-family: Calibri;\">ERE 120n<\/span><\/td>\n<td><span style=\"font-family: Calibri;\">1.18 &#8211;\u00a0<\/span><\/td>\n<\/tr>\n<tr>\n<td height=\"19\"><span style=\"font-family: Calibri;\">ERE 120n (NICHIYU)<\/span><\/td>\n<td><span style=\"font-family: Calibri;\">1.11 &#8211; 2.20<\/span><\/td>\n<\/tr>\n<tr>\n<td height=\"19\"><span style=\"font-family: Calibri;\">PMW23N<\/span><\/td>\n<td><span style=\"font-family: Calibri;\">9.05 &#8211; 10.07<\/span><\/td>\n<\/tr>\n<tr>\n<td height=\"19\"><span style=\"font-family: Calibri;\">WN 16-20 AC<\/span><\/td>\n<td><span style=\"font-family: Calibri;\">9.02 &#8211; 10.07<\/span><\/td>\n<\/tr>\n<tr>\n<td height=\"19\"><span style=\"font-family: Calibri;\">WN20S<\/span><\/td>\n<td><span style=\"font-family: Calibri;\">8.07 &#8211; 4.08<\/span><\/td>\n<\/tr>\n<tr>\n<td height=\"19\"><span style=\"font-family: Calibri;\">WN20S<\/span><\/td>\n<td><span style=\"font-family: Calibri;\">9.05 &#8211; 10.07<\/span><\/td>\n<\/tr>\n<tr>\n<td height=\"19\"><span style=\"font-family: Calibri;\">WP4500<\/span><\/td>\n<td><span style=\"font-family: Calibri;\">9.05 &#8211; 10.07<\/span><\/td>\n<\/tr>\n<\/tbody>\n<\/table>","protected":false},"excerpt":{"rendered":"<p data-start=\"160\" data-end=\"409\"><br data-start=\"1826\" data-end=\"1829\" \/>Con\u00e7u sp\u00e9cialement pour les mod\u00e8les de transpalettes et chariots Jungheinrich ERE, ce m\u00e9canisme d\u2019\u00e9quilibrage garantit la stabilit\u00e9 et l\u2019\u00e9quilibre pendant le fonctionnement. Fabriqu\u00e9 avec des mat\u00e9riaux durables, il assure une utilisation s\u00fbre et prolong\u00e9e.<\/p>\n<p data-start=\"2087\" data-end=\"2457\"><strong data-start=\"2087\" data-end=\"2109\">Caract\u00e9ristiques :<\/strong><br data-start=\"2109\" data-end=\"2112\" \/><strong data-start=\"2112\" data-end=\"2132\">Nom du produit :<\/strong> M\u00e9canisme d\u2019\u00e9quilibrage Jungheinrich ERE<br data-start=\"2173\" data-end=\"2176\" \/><strong data-start=\"2176\" data-end=\"2191\">R\u00e9f\u00e9rence :<\/strong> 51077213<br data-start=\"2200\" data-end=\"2203\" \/><strong data-start=\"2203\" data-end=\"2217\">Mat\u00e9riau :<\/strong> Alliage m\u00e9tallique haute r\u00e9sistance<br data-start=\"2253\" data-end=\"2256\" \/><strong data-start=\"2256\" data-end=\"2282\">Domaine d&#8217;utilisation:<\/strong> Syst\u00e8mes d\u2019\u00e9quilibrage pour chariots et transpalettes Jungheinrich ERE<br data-start=\"2353\" data-end=\"2356\" \/><strong data-start=\"2356\" data-end=\"2369\">Avantage:<\/strong> Structure robuste, longue dur\u00e9e de vie, haute r\u00e9sistance aux chocs, installation facile<\/p>\n<p data-start=\"2459\" data-end=\"2701\">\n","protected":false},"featured_media":13786,"template":"","meta":[],"product_brand":[],"product_cat":[236,420,422,522],"product_tag":[],"class_list":{"0":"post-13784","1":"product","2":"type-product","3":"status-publish","4":"has-post-thumbnail","6":"product_cat-jungheinrich","7":"product_cat-denge-mekanizmalar","8":"product_cat-jungheinrich-denge-mekanizma","9":"product_cat-yedek-parca-jungheinrich","11":"first","12":"instock","13":"taxable","14":"shipping-taxable","15":"purchasable","16":"product-type-simple"},"_links":{"self":[{"href":"https:\/\/ceoparts.com\/fr\/wp-json\/wp\/v2\/product\/13784","targetHints":{"allow":["GET"]}}],"collection":[{"href":"https:\/\/ceoparts.com\/fr\/wp-json\/wp\/v2\/product"}],"about":[{"href":"https:\/\/ceoparts.com\/fr\/wp-json\/wp\/v2\/types\/product"}],"wp:featuredmedia":[{"embeddable":true,"href":"https:\/\/ceoparts.com\/fr\/wp-json\/wp\/v2\/media\/13786"}],"wp:attachment":[{"href":"https:\/\/ceoparts.com\/fr\/wp-json\/wp\/v2\/media?parent=13784"}],"wp:term":[{"taxonomy":"product_brand","embeddable":true,"href":"https:\/\/ceoparts.com\/fr\/wp-json\/wp\/v2\/product_brand?post=13784"},{"taxonomy":"product_cat","embeddable":true,"href":"https:\/\/ceoparts.com\/fr\/wp-json\/wp\/v2\/product_cat?post=13784"},{"taxonomy":"product_tag","embeddable":true,"href":"https:\/\/ceoparts.com\/fr\/wp-json\/wp\/v2\/product_tag?post=13784"}],"curies":[{"name":"wp","href":"https:\/\/api.w.org\/{rel}","templated":true}]}}