{"id":13831,"date":"2025-01-31T10:18:40","date_gmt":"2025-01-31T07:18:40","guid":{"rendered":"https:\/\/ceoparts.com\/?post_type=product&#038;p=13831"},"modified":"2026-05-16T09:39:20","modified_gmt":"2026-05-16T06:39:20","slug":"linde-still-exvsf-denge-mekanizmasi-tekerleksiz-3794505500","status":"publish","type":"product","link":"https:\/\/ceoparts.com\/fr\/urun\/linde-still-exvsf-denge-mekanizmasi-tekerleksiz-3794505500\/","title":{"rendered":"Linde\/ Still M\u00e9canisme d&#8217;\u00e9quilibre &#8211; 3794505500"},"content":{"rendered":"<p>Linde\/ Still M\u00e9canisme d&#8217;\u00e9quilibre &#8211; 3794505500<\/p>\n<p>Linde 3794505500<\/p>\n<p>&nbsp;<\/p>\n<table border=\"0\" width=\"128\" cellspacing=\"0\" cellpadding=\"0\">\n<colgroup>\n<col span=\"2\" width=\"64\" \/><\/colgroup>\n<tbody>\n<tr>\n<td class=\"xl63\" width=\"64\" height=\"20\"><span style=\"font-family: tim;\">Family<\/span><\/td>\n<td class=\"xl63\" width=\"64\"><span style=\"font-family: tim;\">Model<\/span><\/td>\n<\/tr>\n<tr>\n<td class=\"xl63\" height=\"20\"><span style=\"font-family: tim;\">1173<\/span><\/td>\n<td class=\"xl63\"><span style=\"font-family: tim;\">L14\/L16\/L20<\/span><\/td>\n<\/tr>\n<tr>\n<td class=\"xl63\" height=\"20\"><span style=\"font-family: tim;\">372<\/span><\/td>\n<td class=\"xl63\"><span style=\"font-family: tim;\">L14\/16<\/span><\/td>\n<\/tr>\n<tr>\n<td class=\"xl63\" height=\"20\"><span style=\"font-family: tim;\">372<\/span><\/td>\n<td class=\"xl63\"><span style=\"font-family: tim;\">L14\/16\/L14AP\/16AP<\/span><\/td>\n<\/tr>\n<tr>\n<td class=\"xl63\" height=\"20\"><span style=\"font-family: tim;\">379<\/span><\/td>\n<td class=\"xl63\"><span style=\"font-family: tim;\">L10\/12-L10\/12AS<\/span><\/td>\n<\/tr>\n<\/tbody>\n<\/table>","protected":false},"excerpt":{"rendered":"<p data-start=\"194\" data-end=\"446\"><br data-start=\"1854\" data-end=\"1857\" \/>Con\u00e7u sp\u00e9cialement pour les chariots \u00e9l\u00e9vateurs Linde et Still, le m\u00e9canisme d\u2019\u00e9quilibrage EXVSF sans roues assure l\u2019\u00e9quilibre et la stabilit\u00e9 du chariot. Fabriqu\u00e9 avec des mat\u00e9riaux durables, il garantit une utilisation longue dur\u00e9e et s\u00e9curis\u00e9e.<\/p>\n<p data-start=\"2106\" data-end=\"2457\"><strong data-start=\"2106\" data-end=\"2128\">Caract\u00e9ristiques :<\/strong><br data-start=\"2128\" data-end=\"2131\" \/><strong data-start=\"2131\" data-end=\"2151\">Nom du produit :<\/strong> M\u00e9canisme d\u2019\u00e9quilibrage Linde\/Still EXVSF (Sans roues)<br data-start=\"2206\" data-end=\"2209\" \/><strong data-start=\"2209\" data-end=\"2224\">R\u00e9f\u00e9rence :<\/strong> 3794505500<br data-start=\"2235\" data-end=\"2238\" \/><strong data-start=\"2238\" data-end=\"2252\">Mat\u00e9riau :<\/strong> Alliage m\u00e9tallique haute r\u00e9sistance<br data-start=\"2288\" data-end=\"2291\" \/><strong data-start=\"2291\" data-end=\"2317\">Domaine d&#8217;utilisation:<\/strong> Syst\u00e8me d\u2019\u00e9quilibrage et de support des chariots Linde et Still<br data-start=\"2381\" data-end=\"2384\" \/><strong data-start=\"2384\" data-end=\"2397\">Avantage:<\/strong> Structure robuste, longue dur\u00e9e de vie, installation facile<\/p>\n<p data-start=\"2459\" data-end=\"2678\">\n","protected":false},"featured_media":13834,"template":"","meta":[],"product_brand":[],"product_cat":[523,524,241,246,420,423,425],"product_tag":[],"class_list":{"0":"post-13831","1":"product","2":"type-product","3":"status-publish","4":"has-post-thumbnail","6":"product_cat-yedek-parca-linde","7":"product_cat-yedek-parca-still","8":"product_cat-still","9":"product_cat-linde","10":"product_cat-denge-mekanizmalar","11":"product_cat-still-denge-mekanizma","12":"product_cat-linde-denge-mekanizma","14":"first","15":"instock","16":"taxable","17":"shipping-taxable","18":"purchasable","19":"product-type-simple"},"_links":{"self":[{"href":"https:\/\/ceoparts.com\/fr\/wp-json\/wp\/v2\/product\/13831","targetHints":{"allow":["GET"]}}],"collection":[{"href":"https:\/\/ceoparts.com\/fr\/wp-json\/wp\/v2\/product"}],"about":[{"href":"https:\/\/ceoparts.com\/fr\/wp-json\/wp\/v2\/types\/product"}],"wp:featuredmedia":[{"embeddable":true,"href":"https:\/\/ceoparts.com\/fr\/wp-json\/wp\/v2\/media\/13834"}],"wp:attachment":[{"href":"https:\/\/ceoparts.com\/fr\/wp-json\/wp\/v2\/media?parent=13831"}],"wp:term":[{"taxonomy":"product_brand","embeddable":true,"href":"https:\/\/ceoparts.com\/fr\/wp-json\/wp\/v2\/product_brand?post=13831"},{"taxonomy":"product_cat","embeddable":true,"href":"https:\/\/ceoparts.com\/fr\/wp-json\/wp\/v2\/product_cat?post=13831"},{"taxonomy":"product_tag","embeddable":true,"href":"https:\/\/ceoparts.com\/fr\/wp-json\/wp\/v2\/product_tag?post=13831"}],"curies":[{"name":"wp","href":"https:\/\/api.w.org\/{rel}","templated":true}]}}