{"id":13863,"date":"2025-02-03T14:10:15","date_gmt":"2025-02-03T11:10:15","guid":{"rendered":"https:\/\/ceoparts.com\/?post_type=product&#038;p=13863"},"modified":"2026-05-16T09:39:21","modified_gmt":"2026-05-16T06:39:21","slug":"frotek-forklift-aku-baglanti-kablosu-25x75","status":"publish","type":"product","link":"https:\/\/ceoparts.com\/fr\/urun\/frotek-forklift-aku-baglanti-kablosu-25x75\/","title":{"rendered":"C\u00e2ble de connexion de batterie pour chariot \u00e9l\u00e9vateur Frotek 25\u00d775"},"content":{"rendered":"<p>C\u00e2ble de connexion de batterie pour chariot \u00e9l\u00e9vateur Frotek 25\u00d775<\/p>","protected":false},"excerpt":{"rendered":"<p data-start=\"146\" data-end=\"380\"><br data-start=\"1728\" data-end=\"1731\" \/>Le c\u00e2ble de connexion des cellules de batterie Fr\u00f6tek 25\u00d775 est fabriqu\u00e9 avec des conducteurs en cuivre de haute qualit\u00e9 et un mat\u00e9riau d\u2019isolation durable. Il assure une connexion \u00e9lectrique s\u00fbre et ininterrompue entre les cellules de la batterie.<\/p>\n<p data-start=\"1981\" data-end=\"2333\"><strong data-start=\"1981\" data-end=\"2003\">Caract\u00e9ristiques :<\/strong><br data-start=\"2003\" data-end=\"2006\" \/><strong data-start=\"2006\" data-end=\"2026\">Nom du produit :<\/strong> C\u00e2ble de connexion des cellules de batterie Fr\u00f6tek 25\u00d775<br data-start=\"2083\" data-end=\"2086\" \/><strong data-start=\"2086\" data-end=\"2101\">R\u00e9f\u00e9rence :<\/strong> &#8211;<br data-start=\"2103\" data-end=\"2106\" \/><strong data-start=\"2106\" data-end=\"2120\">Mat\u00e9riau :<\/strong> Conducteur en cuivre de haute qualit\u00e9, isolation durable<br data-start=\"2177\" data-end=\"2180\" \/><strong data-start=\"2180\" data-end=\"2206\">Domaine d&#8217;utilisation:<\/strong> Pour les connexions des cellules de batterie<br data-start=\"2251\" data-end=\"2254\" \/><strong data-start=\"2254\" data-end=\"2267\">Avantage:<\/strong> Conductivit\u00e9 \u00e9lev\u00e9e, durabilit\u00e9 longue dur\u00e9e, connexion s\u00e9curis\u00e9e<\/p>\n<p data-start=\"2335\" data-end=\"2568\">\n","protected":false},"featured_media":13865,"template":"","meta":[],"product_brand":[],"product_cat":[442,446],"product_tag":[],"class_list":{"0":"post-13863","1":"product","2":"type-product","3":"status-publish","4":"has-post-thumbnail","6":"product_cat-aku-yedek-parcalari","7":"product_cat-aku-bar","9":"first","10":"instock","11":"taxable","12":"shipping-taxable","13":"purchasable","14":"product-type-simple"},"_links":{"self":[{"href":"https:\/\/ceoparts.com\/fr\/wp-json\/wp\/v2\/product\/13863","targetHints":{"allow":["GET"]}}],"collection":[{"href":"https:\/\/ceoparts.com\/fr\/wp-json\/wp\/v2\/product"}],"about":[{"href":"https:\/\/ceoparts.com\/fr\/wp-json\/wp\/v2\/types\/product"}],"wp:featuredmedia":[{"embeddable":true,"href":"https:\/\/ceoparts.com\/fr\/wp-json\/wp\/v2\/media\/13865"}],"wp:attachment":[{"href":"https:\/\/ceoparts.com\/fr\/wp-json\/wp\/v2\/media?parent=13863"}],"wp:term":[{"taxonomy":"product_brand","embeddable":true,"href":"https:\/\/ceoparts.com\/fr\/wp-json\/wp\/v2\/product_brand?post=13863"},{"taxonomy":"product_cat","embeddable":true,"href":"https:\/\/ceoparts.com\/fr\/wp-json\/wp\/v2\/product_cat?post=13863"},{"taxonomy":"product_tag","embeddable":true,"href":"https:\/\/ceoparts.com\/fr\/wp-json\/wp\/v2\/product_tag?post=13863"}],"curies":[{"name":"wp","href":"https:\/\/api.w.org\/{rel}","templated":true}]}}