{"id":13868,"date":"2025-02-03T15:02:34","date_gmt":"2025-02-03T12:02:34","guid":{"rendered":"https:\/\/ceoparts.com\/?post_type=product&#038;p=13868"},"modified":"2026-05-16T17:29:16","modified_gmt":"2026-05-16T14:29:16","slug":"50a-forklift-sigortasi","status":"publish","type":"product","link":"https:\/\/ceoparts.com\/fr\/urun\/50a-forklift-sigortasi\/","title":{"rendered":"Fusible 50 A ANL"},"content":{"rendered":"<p>Fusible 50 A ANL<\/p>","protected":false},"excerpt":{"rendered":"<p data-start=\"97\" data-end=\"292\"><br data-start=\"1552\" data-end=\"1555\" \/>Le fusible 50 ANL offre une protection contre les courants faibles \u00e0 moyens, prot\u00e9geant les syst\u00e8mes \u00e9lectriques contre les surcharges et les courts-circuits. Sa construction durable et ses performances fiables garantissent une longue dur\u00e9e de vie.<\/p>\n<p data-start=\"1805\" data-end=\"2127\"><strong data-start=\"1805\" data-end=\"1827\">Caract\u00e9ristiques :<\/strong><br data-start=\"1827\" data-end=\"1830\" \/><strong data-start=\"1830\" data-end=\"1850\">Nom du produit :<\/strong> Fusible 50 ANL<br data-start=\"1865\" data-end=\"1868\" \/><strong data-start=\"1868\" data-end=\"1883\">R\u00e9f\u00e9rence :<\/strong> &#8211;<br data-start=\"1885\" data-end=\"1888\" \/><strong data-start=\"1888\" data-end=\"1902\">Mat\u00e9riau :<\/strong> Alliage m\u00e9tallique et mat\u00e9riau de fusible de qualit\u00e9<br data-start=\"1955\" data-end=\"1958\" \/><strong data-start=\"1958\" data-end=\"1984\">Domaine d&#8217;utilisation:<\/strong> Protection contre les surintensit\u00e9s dans les circuits \u00e9lectriques<br data-start=\"2050\" data-end=\"2053\" \/><strong data-start=\"2053\" data-end=\"2066\">Avantage:<\/strong> Protection fiable, construction durable, longue dur\u00e9e de vie<\/p>\n<p data-start=\"2129\" data-end=\"2332\">\n","protected":false},"featured_media":13871,"template":"","meta":[],"product_brand":[],"product_cat":[442,443],"product_tag":[],"class_list":{"0":"post-13868","1":"product","2":"type-product","3":"status-publish","4":"has-post-thumbnail","6":"product_cat-aku-yedek-parcalari","7":"product_cat-aku-parcalari","9":"first","10":"instock","11":"taxable","12":"shipping-taxable","13":"purchasable","14":"product-type-simple"},"_links":{"self":[{"href":"https:\/\/ceoparts.com\/fr\/wp-json\/wp\/v2\/product\/13868","targetHints":{"allow":["GET"]}}],"collection":[{"href":"https:\/\/ceoparts.com\/fr\/wp-json\/wp\/v2\/product"}],"about":[{"href":"https:\/\/ceoparts.com\/fr\/wp-json\/wp\/v2\/types\/product"}],"wp:featuredmedia":[{"embeddable":true,"href":"https:\/\/ceoparts.com\/fr\/wp-json\/wp\/v2\/media\/13871"}],"wp:attachment":[{"href":"https:\/\/ceoparts.com\/fr\/wp-json\/wp\/v2\/media?parent=13868"}],"wp:term":[{"taxonomy":"product_brand","embeddable":true,"href":"https:\/\/ceoparts.com\/fr\/wp-json\/wp\/v2\/product_brand?post=13868"},{"taxonomy":"product_cat","embeddable":true,"href":"https:\/\/ceoparts.com\/fr\/wp-json\/wp\/v2\/product_cat?post=13868"},{"taxonomy":"product_tag","embeddable":true,"href":"https:\/\/ceoparts.com\/fr\/wp-json\/wp\/v2\/product_tag?post=13868"}],"curies":[{"name":"wp","href":"https:\/\/api.w.org\/{rel}","templated":true}]}}