{"id":13872,"date":"2025-02-03T15:06:47","date_gmt":"2025-02-03T12:06:47","guid":{"rendered":"https:\/\/ceoparts.com\/?post_type=product&#038;p=13872"},"modified":"2026-05-16T17:09:12","modified_gmt":"2026-05-16T14:09:12","slug":"250a-forklift-sigortasi","status":"publish","type":"product","link":"https:\/\/ceoparts.com\/fr\/urun\/250a-forklift-sigortasi\/","title":{"rendered":"Fusible 250 A ANL"},"content":{"rendered":"<p>Fusible 250 A ANL<\/p>","protected":false},"excerpt":{"rendered":"<p data-start=\"99\" data-end=\"276\"><br data-start=\"1438\" data-end=\"1441\" \/>Le fusible 250 ANL offre une protection contre les surintensit\u00e9s et les courts-circuits dans les syst\u00e8mes \u00e9lectriques. Sa construction durable et sa grande fiabilit\u00e9 am\u00e9liorent la s\u00e9curit\u00e9 des circuits.<\/p>\n<p data-start=\"1645\" data-end=\"1964\"><strong data-start=\"1645\" data-end=\"1667\">Caract\u00e9ristiques :<\/strong><br data-start=\"1667\" data-end=\"1670\" \/><strong data-start=\"1670\" data-end=\"1690\">Nom du produit :<\/strong> Fusible 250 ANL<br data-start=\"1706\" data-end=\"1709\" \/><strong data-start=\"1709\" data-end=\"1724\">R\u00e9f\u00e9rence :<\/strong> &#8211;<br data-start=\"1726\" data-end=\"1729\" \/><strong data-start=\"1729\" data-end=\"1743\">Mat\u00e9riau :<\/strong> Alliage m\u00e9tallique et mat\u00e9riau de fusible de qualit\u00e9<br data-start=\"1796\" data-end=\"1799\" \/><strong data-start=\"1799\" data-end=\"1825\">Domaine d&#8217;utilisation:<\/strong> Protection contre les surintensit\u00e9s dans les circuits \u00e9lectriques<br data-start=\"1891\" data-end=\"1894\" \/><strong data-start=\"1894\" data-end=\"1907\">Avantage:<\/strong> Haute protection, construction durable, grande long\u00e9vit\u00e9<\/p>\n<p data-start=\"1966\" data-end=\"2147\">\n","protected":false},"featured_media":13873,"template":"","meta":[],"product_brand":[],"product_cat":[442,443],"product_tag":[],"class_list":{"0":"post-13872","1":"product","2":"type-product","3":"status-publish","4":"has-post-thumbnail","6":"product_cat-aku-yedek-parcalari","7":"product_cat-aku-parcalari","9":"first","10":"instock","11":"taxable","12":"shipping-taxable","13":"purchasable","14":"product-type-simple"},"_links":{"self":[{"href":"https:\/\/ceoparts.com\/fr\/wp-json\/wp\/v2\/product\/13872","targetHints":{"allow":["GET"]}}],"collection":[{"href":"https:\/\/ceoparts.com\/fr\/wp-json\/wp\/v2\/product"}],"about":[{"href":"https:\/\/ceoparts.com\/fr\/wp-json\/wp\/v2\/types\/product"}],"wp:featuredmedia":[{"embeddable":true,"href":"https:\/\/ceoparts.com\/fr\/wp-json\/wp\/v2\/media\/13873"}],"wp:attachment":[{"href":"https:\/\/ceoparts.com\/fr\/wp-json\/wp\/v2\/media?parent=13872"}],"wp:term":[{"taxonomy":"product_brand","embeddable":true,"href":"https:\/\/ceoparts.com\/fr\/wp-json\/wp\/v2\/product_brand?post=13872"},{"taxonomy":"product_cat","embeddable":true,"href":"https:\/\/ceoparts.com\/fr\/wp-json\/wp\/v2\/product_cat?post=13872"},{"taxonomy":"product_tag","embeddable":true,"href":"https:\/\/ceoparts.com\/fr\/wp-json\/wp\/v2\/product_tag?post=13872"}],"curies":[{"name":"wp","href":"https:\/\/api.w.org\/{rel}","templated":true}]}}