{"id":13876,"date":"2025-02-03T15:09:24","date_gmt":"2025-02-03T12:09:24","guid":{"rendered":"https:\/\/ceoparts.com\/?post_type=product&#038;p=13876"},"modified":"2026-05-16T15:01:10","modified_gmt":"2026-05-16T12:01:10","slug":"300a-forklift-sigortasi","status":"publish","type":"product","link":"https:\/\/ceoparts.com\/fr\/urun\/300a-forklift-sigortasi\/","title":{"rendered":"Fusible 300 A ANL"},"content":{"rendered":"<p>Fusible 300 A ANL<\/p>","protected":false},"excerpt":{"rendered":"<p data-start=\"99\" data-end=\"262\"><br data-start=\"1432\" data-end=\"1435\" \/>Le fusible 300 ANL offre une protection contre les surintensit\u00e9s et les courts-circuits dans les syst\u00e8mes \u00e9lectriques. Sa construction durable et ses performances fiables am\u00e9liorent la s\u00e9curit\u00e9 du syst\u00e8me.<\/p>\n<p data-start=\"1642\" data-end=\"1970\"><strong data-start=\"1642\" data-end=\"1664\">Caract\u00e9ristiques :<\/strong><br data-start=\"1664\" data-end=\"1667\" \/><strong data-start=\"1667\" data-end=\"1687\">Nom du produit :<\/strong> Fusible 300 ANL<br data-start=\"1703\" data-end=\"1706\" \/><strong data-start=\"1706\" data-end=\"1721\">R\u00e9f\u00e9rence :<\/strong> &#8211;<br data-start=\"1723\" data-end=\"1726\" \/><strong data-start=\"1726\" data-end=\"1740\">Mat\u00e9riau :<\/strong> Alliage m\u00e9tallique et mat\u00e9riau de fusible de haute qualit\u00e9<br data-start=\"1799\" data-end=\"1802\" \/><strong data-start=\"1802\" data-end=\"1828\">Domaine d&#8217;utilisation:<\/strong> Protection contre les surintensit\u00e9s dans les circuits \u00e9lectriques<br data-start=\"1894\" data-end=\"1897\" \/><strong data-start=\"1897\" data-end=\"1910\">Avantage:<\/strong> Protection forte, construction durable, longue dur\u00e9e de vie<\/p>\n<p data-start=\"1972\" data-end=\"2161\">\n","protected":false},"featured_media":13877,"template":"","meta":[],"product_brand":[],"product_cat":[442,443],"product_tag":[],"class_list":{"0":"post-13876","1":"product","2":"type-product","3":"status-publish","4":"has-post-thumbnail","6":"product_cat-aku-yedek-parcalari","7":"product_cat-aku-parcalari","9":"first","10":"instock","11":"taxable","12":"shipping-taxable","13":"purchasable","14":"product-type-simple"},"_links":{"self":[{"href":"https:\/\/ceoparts.com\/fr\/wp-json\/wp\/v2\/product\/13876","targetHints":{"allow":["GET"]}}],"collection":[{"href":"https:\/\/ceoparts.com\/fr\/wp-json\/wp\/v2\/product"}],"about":[{"href":"https:\/\/ceoparts.com\/fr\/wp-json\/wp\/v2\/types\/product"}],"wp:featuredmedia":[{"embeddable":true,"href":"https:\/\/ceoparts.com\/fr\/wp-json\/wp\/v2\/media\/13877"}],"wp:attachment":[{"href":"https:\/\/ceoparts.com\/fr\/wp-json\/wp\/v2\/media?parent=13876"}],"wp:term":[{"taxonomy":"product_brand","embeddable":true,"href":"https:\/\/ceoparts.com\/fr\/wp-json\/wp\/v2\/product_brand?post=13876"},{"taxonomy":"product_cat","embeddable":true,"href":"https:\/\/ceoparts.com\/fr\/wp-json\/wp\/v2\/product_cat?post=13876"},{"taxonomy":"product_tag","embeddable":true,"href":"https:\/\/ceoparts.com\/fr\/wp-json\/wp\/v2\/product_tag?post=13876"}],"curies":[{"name":"wp","href":"https:\/\/api.w.org\/{rel}","templated":true}]}}