{"id":13880,"date":"2025-02-03T15:14:41","date_gmt":"2025-02-03T12:14:41","guid":{"rendered":"https:\/\/ceoparts.com\/?post_type=product&#038;p=13880"},"modified":"2026-05-16T11:46:26","modified_gmt":"2026-05-16T08:46:26","slug":"400a-forklift-sigortasi","status":"publish","type":"product","link":"https:\/\/ceoparts.com\/fr\/urun\/400a-forklift-sigortasi\/","title":{"rendered":"Fusible 400 A ANL"},"content":{"rendered":"<p>Fusible 400 A ANL<\/p>","protected":false},"excerpt":{"rendered":"<p data-start=\"99\" data-end=\"283\"><br data-start=\"1499\" data-end=\"1502\" \/>Le fusible 400 ANL offre une protection contre les courants \u00e9lev\u00e9s, prot\u00e9geant en toute s\u00e9curit\u00e9 les circuits \u00e9lectriques contre les surcharges et les courts-circuits. Sa construction durable garantit une longue dur\u00e9e de vie.<\/p>\n<p data-start=\"1729\" data-end=\"2077\"><strong data-start=\"1729\" data-end=\"1751\">Caract\u00e9ristiques :<\/strong><br data-start=\"1751\" data-end=\"1754\" \/><strong data-start=\"1754\" data-end=\"1774\">Nom du produit :<\/strong> Fusible 400 ANL<br data-start=\"1790\" data-end=\"1793\" \/><strong data-start=\"1793\" data-end=\"1808\">R\u00e9f\u00e9rence :<\/strong> &#8211;<br data-start=\"1810\" data-end=\"1813\" \/><strong data-start=\"1813\" data-end=\"1827\">Mat\u00e9riau :<\/strong> Alliage m\u00e9tallique et mat\u00e9riau de fusible de haute qualit\u00e9<br data-start=\"1886\" data-end=\"1889\" \/><strong data-start=\"1889\" data-end=\"1915\">Domaine d&#8217;utilisation:<\/strong> Protection contre les surintensit\u00e9s dans les syst\u00e8mes \u00e9lectriques<br data-start=\"1981\" data-end=\"1984\" \/><strong data-start=\"1984\" data-end=\"1997\">Avantage:<\/strong> Protection contre les courants \u00e9lev\u00e9s, construction durable, performance fiable<\/p>\n<p data-start=\"2079\" data-end=\"2274\">\n","protected":false},"featured_media":13881,"template":"","meta":[],"product_brand":[],"product_cat":[442,443],"product_tag":[],"class_list":{"0":"post-13880","1":"product","2":"type-product","3":"status-publish","4":"has-post-thumbnail","6":"product_cat-aku-yedek-parcalari","7":"product_cat-aku-parcalari","9":"first","10":"instock","11":"taxable","12":"shipping-taxable","13":"purchasable","14":"product-type-simple"},"_links":{"self":[{"href":"https:\/\/ceoparts.com\/fr\/wp-json\/wp\/v2\/product\/13880","targetHints":{"allow":["GET"]}}],"collection":[{"href":"https:\/\/ceoparts.com\/fr\/wp-json\/wp\/v2\/product"}],"about":[{"href":"https:\/\/ceoparts.com\/fr\/wp-json\/wp\/v2\/types\/product"}],"wp:featuredmedia":[{"embeddable":true,"href":"https:\/\/ceoparts.com\/fr\/wp-json\/wp\/v2\/media\/13881"}],"wp:attachment":[{"href":"https:\/\/ceoparts.com\/fr\/wp-json\/wp\/v2\/media?parent=13880"}],"wp:term":[{"taxonomy":"product_brand","embeddable":true,"href":"https:\/\/ceoparts.com\/fr\/wp-json\/wp\/v2\/product_brand?post=13880"},{"taxonomy":"product_cat","embeddable":true,"href":"https:\/\/ceoparts.com\/fr\/wp-json\/wp\/v2\/product_cat?post=13880"},{"taxonomy":"product_tag","embeddable":true,"href":"https:\/\/ceoparts.com\/fr\/wp-json\/wp\/v2\/product_tag?post=13880"}],"curies":[{"name":"wp","href":"https:\/\/api.w.org\/{rel}","templated":true}]}}