{"id":13884,"date":"2025-02-03T15:40:38","date_gmt":"2025-02-03T12:40:38","guid":{"rendered":"https:\/\/ceoparts.com\/?post_type=product&#038;p=13884"},"modified":"2026-05-16T12:46:21","modified_gmt":"2026-05-16T09:46:21","slug":"toyota-motor-devir-sensoru-141801324071","status":"publish","type":"product","link":"https:\/\/ceoparts.com\/fr\/urun\/toyota-motor-devir-sensoru-141801324071\/","title":{"rendered":"Capteur de vitesse du moteur Toyota &#8211; 141801324071"},"content":{"rendered":"<p>Capteur de vitesse du moteur Toyota &#8211; 141801324071<\/p>","protected":false},"excerpt":{"rendered":"<p data-start=\"136\" data-end=\"349\"><br data-start=\"1756\" data-end=\"1759\" \/>Con\u00e7u sp\u00e9cialement pour les chariots \u00e9l\u00e9vateurs et machines industrielles Toyota, ce capteur de vitesse moteur mesure avec pr\u00e9cision la vitesse de rotation du moteur et assure un suivi pr\u00e9cis des performances. Sa construction durable garantit une longue dur\u00e9e de vie.<\/p>\n<p data-start=\"2028\" data-end=\"2386\"><strong data-start=\"2028\" data-end=\"2050\">Caract\u00e9ristiques :<\/strong><br data-start=\"2050\" data-end=\"2053\" \/><strong data-start=\"2053\" data-end=\"2073\">Nom du produit :<\/strong> Capteur de vitesse moteur Toyota<br data-start=\"2106\" data-end=\"2109\" \/><strong data-start=\"2109\" data-end=\"2124\">R\u00e9f\u00e9rence :<\/strong> 141801324071<br data-start=\"2137\" data-end=\"2140\" \/><strong data-start=\"2140\" data-end=\"2154\">Mat\u00e9riau :<\/strong> Composants \u00e9lectroniques et m\u00e9talliques de haute qualit\u00e9<br data-start=\"2211\" data-end=\"2214\" \/><strong data-start=\"2214\" data-end=\"2240\">Domaine d&#8217;utilisation:<\/strong> Mesure de la vitesse moteur pour chariots \u00e9l\u00e9vateurs et machines Toyota<br data-start=\"2312\" data-end=\"2315\" \/><strong data-start=\"2315\" data-end=\"2328\">Avantage:<\/strong> Mesure pr\u00e9cise, construction durable, longue dur\u00e9e de vie<\/p>\n<p data-start=\"2388\" data-end=\"2630\">\n","protected":false},"featured_media":13885,"template":"","meta":[],"product_brand":[],"product_cat":[469,521,530],"product_tag":[],"class_list":{"0":"post-13884","1":"product","2":"type-product","3":"status-publish","4":"has-post-thumbnail","6":"product_cat-elektrik-ve-sistem-parcalari","7":"product_cat-toyota","8":"product_cat-yedek-parca-toyota","10":"first","11":"instock","12":"taxable","13":"shipping-taxable","14":"purchasable","15":"product-type-simple"},"_links":{"self":[{"href":"https:\/\/ceoparts.com\/fr\/wp-json\/wp\/v2\/product\/13884","targetHints":{"allow":["GET"]}}],"collection":[{"href":"https:\/\/ceoparts.com\/fr\/wp-json\/wp\/v2\/product"}],"about":[{"href":"https:\/\/ceoparts.com\/fr\/wp-json\/wp\/v2\/types\/product"}],"wp:featuredmedia":[{"embeddable":true,"href":"https:\/\/ceoparts.com\/fr\/wp-json\/wp\/v2\/media\/13885"}],"wp:attachment":[{"href":"https:\/\/ceoparts.com\/fr\/wp-json\/wp\/v2\/media?parent=13884"}],"wp:term":[{"taxonomy":"product_brand","embeddable":true,"href":"https:\/\/ceoparts.com\/fr\/wp-json\/wp\/v2\/product_brand?post=13884"},{"taxonomy":"product_cat","embeddable":true,"href":"https:\/\/ceoparts.com\/fr\/wp-json\/wp\/v2\/product_cat?post=13884"},{"taxonomy":"product_tag","embeddable":true,"href":"https:\/\/ceoparts.com\/fr\/wp-json\/wp\/v2\/product_tag?post=13884"}],"curies":[{"name":"wp","href":"https:\/\/api.w.org\/{rel}","templated":true}]}}