{"id":13889,"date":"2025-02-03T16:13:52","date_gmt":"2025-02-03T13:13:52","guid":{"rendered":"https:\/\/ceoparts.com\/?post_type=product&#038;p=13889"},"modified":"2026-05-16T18:34:47","modified_gmt":"2026-05-16T15:34:47","slug":"linde-elektrik-motoru-18425458-50163570400","status":"publish","type":"product","link":"https:\/\/ceoparts.com\/fr\/urun\/linde-elektrik-motoru-18425458-50163570400\/","title":{"rendered":"Moteur \u00e9lectrique Linde &#8211; 18425458, 50163570400"},"content":{"rendered":"<p>Moteur \u00e9lectrique Linde &#8211; 18425458, 50163570400<\/p>","protected":false},"excerpt":{"rendered":"<p data-start=\"135\" data-end=\"415\"><br data-start=\"1904\" data-end=\"1907\" \/>Con\u00e7u sp\u00e9cialement pour les chariots \u00e9l\u00e9vateurs Linde, ce moteur \u00e9lectrique offre des performances puissantes et une structure durable pour une utilisation longue dur\u00e9e. Son design \u00e0 haute efficacit\u00e9 permet des \u00e9conomies d&#8217;\u00e9nergie tout en assurant une efficacit\u00e9 maximale lors des op\u00e9rations de conduite et de levage.<\/p>\n<p data-start=\"2226\" data-end=\"2598\"><strong data-start=\"2226\" data-end=\"2248\">Caract\u00e9ristiques :<\/strong><br data-start=\"2248\" data-end=\"2251\" \/><strong data-start=\"2251\" data-end=\"2271\">Nom du produit :<\/strong> Moteur \u00e9lectrique Linde<br data-start=\"2295\" data-end=\"2298\" \/><strong data-start=\"2298\" data-end=\"2313\">R\u00e9f\u00e9rence :<\/strong> 18425458, 50163570400<br data-start=\"2335\" data-end=\"2338\" \/><strong data-start=\"2338\" data-end=\"2352\">Mat\u00e9riau :<\/strong> M\u00e9tal de haute qualit\u00e9 et bobinage en cuivre<br data-start=\"2397\" data-end=\"2400\" \/><strong data-start=\"2400\" data-end=\"2426\">Domaine d&#8217;utilisation:<\/strong> Syst\u00e8mes d&#8217;entra\u00eenement et de levage pour chariots \u00e9l\u00e9vateurs Linde<br data-start=\"2494\" data-end=\"2497\" \/><strong data-start=\"2497\" data-end=\"2510\">Avantage:<\/strong> Performance puissante, efficacit\u00e9 \u00e9nerg\u00e9tique, structure durable et longue dur\u00e9e de vie<\/p>\n<p data-start=\"2600\" data-end=\"2881\">\n","protected":false},"featured_media":13890,"template":"","meta":[],"product_brand":[],"product_cat":[246,470,523],"product_tag":[],"class_list":{"0":"post-13889","1":"product","2":"type-product","3":"status-publish","4":"has-post-thumbnail","6":"product_cat-linde","7":"product_cat-diger-yedek-parcalar","8":"product_cat-yedek-parca-linde","10":"first","11":"instock","12":"taxable","13":"shipping-taxable","14":"purchasable","15":"product-type-simple"},"_links":{"self":[{"href":"https:\/\/ceoparts.com\/fr\/wp-json\/wp\/v2\/product\/13889","targetHints":{"allow":["GET"]}}],"collection":[{"href":"https:\/\/ceoparts.com\/fr\/wp-json\/wp\/v2\/product"}],"about":[{"href":"https:\/\/ceoparts.com\/fr\/wp-json\/wp\/v2\/types\/product"}],"wp:featuredmedia":[{"embeddable":true,"href":"https:\/\/ceoparts.com\/fr\/wp-json\/wp\/v2\/media\/13890"}],"wp:attachment":[{"href":"https:\/\/ceoparts.com\/fr\/wp-json\/wp\/v2\/media?parent=13889"}],"wp:term":[{"taxonomy":"product_brand","embeddable":true,"href":"https:\/\/ceoparts.com\/fr\/wp-json\/wp\/v2\/product_brand?post=13889"},{"taxonomy":"product_cat","embeddable":true,"href":"https:\/\/ceoparts.com\/fr\/wp-json\/wp\/v2\/product_cat?post=13889"},{"taxonomy":"product_tag","embeddable":true,"href":"https:\/\/ceoparts.com\/fr\/wp-json\/wp\/v2\/product_tag?post=13889"}],"curies":[{"name":"wp","href":"https:\/\/api.w.org\/{rel}","templated":true}]}}