{"id":13924,"date":"2025-02-04T15:56:07","date_gmt":"2025-02-04T12:56:07","guid":{"rendered":"https:\/\/ceoparts.com\/?post_type=product&#038;p=13924"},"modified":"2026-05-16T17:35:13","modified_gmt":"2026-05-16T14:35:13","slug":"still-rx60-25-gaz-pedali-7917401038","status":"publish","type":"product","link":"https:\/\/ceoparts.com\/fr\/urun\/still-rx60-25-gaz-pedali-7917401038\/","title":{"rendered":"Still RX60 25 P\u00e9dale d&#8217;acc\u00e9l\u00e9rateur &#8211; 7917401038"},"content":{"rendered":"<p>Still RX60 25 P\u00e9dale d&#8217;acc\u00e9l\u00e9rateur &#8211; 7917401038<\/p>\n<p>RX2014<br \/>\nRX2016<br \/>\nRX2018<br \/>\nRX2020<\/p>\n<p>SERII<\/p>\n<p>6219<br \/>\n6220<br \/>\n6221<br \/>\n6222<br \/>\n6223<br \/>\n6224<br \/>\n6225<br \/>\n6226<br \/>\n6227<br \/>\n6228<br \/>\n6229<br \/>\n6230<\/p>\n<p>7917401038<\/p>","protected":false},"excerpt":{"rendered":"<p data-start=\"130\" data-end=\"368\"><br data-start=\"1876\" data-end=\"1879\" \/>Con\u00e7ue sp\u00e9cialement pour le mod\u00e8le de chariot \u00e9l\u00e9vateur Still RX60 25, cette p\u00e9dale d&#8217;acc\u00e9l\u00e9rateur offre \u00e0 l&#8217;op\u00e9rateur un contr\u00f4le de vitesse pr\u00e9cis et s\u00e9curis\u00e9. Sa structure robuste et ergonomique garantit une utilisation durable et sa surface antid\u00e9rapante am\u00e9liore la s\u00e9curit\u00e9 de conduite.<\/p>\n<p data-start=\"2173\" data-end=\"2563\"><strong data-start=\"2173\" data-end=\"2195\">Caract\u00e9ristiques :<\/strong><br data-start=\"2195\" data-end=\"2198\" \/><strong data-start=\"2198\" data-end=\"2218\">Nom du produit :<\/strong> P\u00e9dale d&#8217;acc\u00e9l\u00e9rateur Still RX60 25<br data-start=\"2254\" data-end=\"2257\" \/><strong data-start=\"2257\" data-end=\"2272\">R\u00e9f\u00e9rence :<\/strong> 7917401038<br data-start=\"2283\" data-end=\"2286\" \/><strong data-start=\"2286\" data-end=\"2300\">Mat\u00e9riau :<\/strong> M\u00e9tal durable avec rev\u00eatement en caoutchouc antid\u00e9rapant<br data-start=\"2357\" data-end=\"2360\" \/><strong data-start=\"2360\" data-end=\"2386\">Domaine d&#8217;utilisation:<\/strong> Syst\u00e8me de commande d\u2019acc\u00e9l\u00e9rateur pour chariots \u00e9l\u00e9vateurs Still RX60 25<br data-start=\"2460\" data-end=\"2463\" \/><strong data-start=\"2463\" data-end=\"2476\">Avantage:<\/strong> Contr\u00f4le pr\u00e9cis de la vitesse, surface antid\u00e9rapante, structure robuste et ergonomique<\/p>\n<p data-start=\"2565\" data-end=\"2847\">\n","protected":false},"featured_media":13925,"template":"","meta":[],"product_brand":[],"product_cat":[241,471,524],"product_tag":[],"class_list":{"0":"post-13924","1":"product","2":"type-product","3":"status-publish","4":"has-post-thumbnail","6":"product_cat-still","7":"product_cat-joystick-pedal-yedek-parca","8":"product_cat-yedek-parca-still","10":"first","11":"instock","12":"taxable","13":"shipping-taxable","14":"purchasable","15":"product-type-simple"},"_links":{"self":[{"href":"https:\/\/ceoparts.com\/fr\/wp-json\/wp\/v2\/product\/13924","targetHints":{"allow":["GET"]}}],"collection":[{"href":"https:\/\/ceoparts.com\/fr\/wp-json\/wp\/v2\/product"}],"about":[{"href":"https:\/\/ceoparts.com\/fr\/wp-json\/wp\/v2\/types\/product"}],"wp:featuredmedia":[{"embeddable":true,"href":"https:\/\/ceoparts.com\/fr\/wp-json\/wp\/v2\/media\/13925"}],"wp:attachment":[{"href":"https:\/\/ceoparts.com\/fr\/wp-json\/wp\/v2\/media?parent=13924"}],"wp:term":[{"taxonomy":"product_brand","embeddable":true,"href":"https:\/\/ceoparts.com\/fr\/wp-json\/wp\/v2\/product_brand?post=13924"},{"taxonomy":"product_cat","embeddable":true,"href":"https:\/\/ceoparts.com\/fr\/wp-json\/wp\/v2\/product_cat?post=13924"},{"taxonomy":"product_tag","embeddable":true,"href":"https:\/\/ceoparts.com\/fr\/wp-json\/wp\/v2\/product_tag?post=13924"}],"curies":[{"name":"wp","href":"https:\/\/api.w.org\/{rel}","templated":true}]}}