{"id":13930,"date":"2025-02-04T16:08:14","date_gmt":"2025-02-04T13:08:14","guid":{"rendered":"https:\/\/ceoparts.com\/?post_type=product&#038;p=13930"},"modified":"2026-05-16T06:17:25","modified_gmt":"2026-05-16T03:17:25","slug":"bt-rre160-gaz-fren-pedali-7559494","status":"publish","type":"product","link":"https:\/\/ceoparts.com\/fr\/urun\/bt-rre160-gaz-fren-pedali-7559494\/","title":{"rendered":"BT RRE160 P\u00e9dale d&#8217;acc\u00e9l\u00e9rateur et de frein &#8211; 7559494"},"content":{"rendered":"<p>BT RRE160 P\u00e9dale d&#8217;acc\u00e9l\u00e9rateur et de frein &#8211; 7559494<\/p>","protected":false},"excerpt":{"rendered":"<p data-start=\"129\" data-end=\"353\"><br data-start=\"1844\" data-end=\"1847\" \/>Con\u00e7u sp\u00e9cialement pour le mod\u00e8le de chariot \u00e9l\u00e9vateur BT RRE160, cette p\u00e9dale d&#8217;acc\u00e9l\u00e9rateur et de frein offre \u00e0 l&#8217;op\u00e9rateur une utilisation s\u00fbre et confortable gr\u00e2ce \u00e0 sa surface antid\u00e9rapante et sa construction solide. Fabriqu\u00e9 avec des mat\u00e9riaux de haute qualit\u00e9 pour une longue dur\u00e9e de vie.<\/p>\n<p data-start=\"2145\" data-end=\"2506\"><strong data-start=\"2145\" data-end=\"2167\">Caract\u00e9ristiques :<\/strong><br data-start=\"2167\" data-end=\"2170\" \/><strong data-start=\"2170\" data-end=\"2190\">Nom du produit :<\/strong> P\u00e9dale acc\u00e9l\u00e9rateur et frein BT RRE160<br data-start=\"2229\" data-end=\"2232\" \/><strong data-start=\"2232\" data-end=\"2247\">R\u00e9f\u00e9rence :<\/strong> 7559494<br data-start=\"2255\" data-end=\"2258\" \/><strong data-start=\"2258\" data-end=\"2272\">Mat\u00e9riau :<\/strong> M\u00e9tal durable avec surface en caoutchouc antid\u00e9rapant<br data-start=\"2326\" data-end=\"2329\" \/><strong data-start=\"2329\" data-end=\"2355\">Domaine d&#8217;utilisation:<\/strong> Syst\u00e8mes de commande des gaz et freins pour chariots BT RRE160<br data-start=\"2418\" data-end=\"2421\" \/><strong data-start=\"2421\" data-end=\"2434\">Avantage:<\/strong> Surface antid\u00e9rapante, structure robuste et durable, design ergonomique<\/p>\n<p data-start=\"2508\" data-end=\"2792\">\n","protected":false},"featured_media":13933,"template":"","meta":[],"product_brand":[],"product_cat":[251,471,518],"product_tag":[],"class_list":{"0":"post-13930","1":"product","2":"type-product","3":"status-publish","4":"has-post-thumbnail","6":"product_cat-bt","7":"product_cat-joystick-pedal-yedek-parca","8":"product_cat-yedek-parca-bt","10":"first","11":"instock","12":"taxable","13":"shipping-taxable","14":"purchasable","15":"product-type-simple"},"_links":{"self":[{"href":"https:\/\/ceoparts.com\/fr\/wp-json\/wp\/v2\/product\/13930","targetHints":{"allow":["GET"]}}],"collection":[{"href":"https:\/\/ceoparts.com\/fr\/wp-json\/wp\/v2\/product"}],"about":[{"href":"https:\/\/ceoparts.com\/fr\/wp-json\/wp\/v2\/types\/product"}],"wp:featuredmedia":[{"embeddable":true,"href":"https:\/\/ceoparts.com\/fr\/wp-json\/wp\/v2\/media\/13933"}],"wp:attachment":[{"href":"https:\/\/ceoparts.com\/fr\/wp-json\/wp\/v2\/media?parent=13930"}],"wp:term":[{"taxonomy":"product_brand","embeddable":true,"href":"https:\/\/ceoparts.com\/fr\/wp-json\/wp\/v2\/product_brand?post=13930"},{"taxonomy":"product_cat","embeddable":true,"href":"https:\/\/ceoparts.com\/fr\/wp-json\/wp\/v2\/product_cat?post=13930"},{"taxonomy":"product_tag","embeddable":true,"href":"https:\/\/ceoparts.com\/fr\/wp-json\/wp\/v2\/product_tag?post=13930"}],"curies":[{"name":"wp","href":"https:\/\/api.w.org\/{rel}","templated":true}]}}