{"id":13934,"date":"2025-02-04T16:20:36","date_gmt":"2025-02-04T13:20:36","guid":{"rendered":"https:\/\/ceoparts.com\/?post_type=product&#038;p=13934"},"modified":"2026-05-17T20:34:26","modified_gmt":"2026-05-17T17:34:26","slug":"hyster-pedal-1377414","status":"publish","type":"product","link":"https:\/\/ceoparts.com\/fr\/urun\/hyster-pedal-1377414\/","title":{"rendered":"P\u00e9dale Hyster \u2013 1377414"},"content":{"rendered":"<p>P\u00e9dale Hyster \u2013 1377414<\/p>","protected":false},"excerpt":{"rendered":"<p data-start=\"110\" data-end=\"333\"><br data-start=\"1628\" data-end=\"1631\" \/>Con\u00e7u sp\u00e9cialement pour les chariots \u00e9l\u00e9vateurs Hyster, ce p\u00e9dale offre \u00e0 l&#8217;op\u00e9rateur une utilisation s\u00fbre et confortable gr\u00e2ce \u00e0 sa construction solide et son design ergonomique. Fabriqu\u00e9 \u00e0 partir de mat\u00e9riaux de haute qualit\u00e9 pour une longue dur\u00e9e de vie.<\/p>\n<p data-start=\"1890\" data-end=\"2213\"><strong data-start=\"1890\" data-end=\"1912\">Caract\u00e9ristiques :<\/strong><br data-start=\"1912\" data-end=\"1915\" \/><strong data-start=\"1915\" data-end=\"1935\">Nom du produit :<\/strong> P\u00e9dale Hyster<br data-start=\"1949\" data-end=\"1952\" \/><strong data-start=\"1952\" data-end=\"1967\">R\u00e9f\u00e9rence :<\/strong> 1377414<br data-start=\"1975\" data-end=\"1978\" \/><strong data-start=\"1978\" data-end=\"1992\">Mat\u00e9riau :<\/strong> Composants en m\u00e9tal et caoutchouc durables<br data-start=\"2035\" data-end=\"2038\" \/><strong data-start=\"2038\" data-end=\"2064\">Domaine d&#8217;utilisation:<\/strong> Syst\u00e8mes de conduite et de commande pour chariots \u00e9l\u00e9vateurs Hyster<br data-start=\"2132\" data-end=\"2135\" \/><strong data-start=\"2135\" data-end=\"2148\">Avantage:<\/strong> Structure robuste, surface antid\u00e9rapante, conception ergonomique<\/p>\n<p data-start=\"2215\" data-end=\"2467\">\n","protected":false},"featured_media":13935,"template":"","meta":[],"product_brand":[],"product_cat":[256,471,520],"product_tag":[],"class_list":{"0":"post-13934","1":"product","2":"type-product","3":"status-publish","4":"has-post-thumbnail","6":"product_cat-hyster","7":"product_cat-joystick-pedal-yedek-parca","8":"product_cat-yedek-parca-hyster","10":"first","11":"instock","12":"taxable","13":"shipping-taxable","14":"purchasable","15":"product-type-simple"},"_links":{"self":[{"href":"https:\/\/ceoparts.com\/fr\/wp-json\/wp\/v2\/product\/13934","targetHints":{"allow":["GET"]}}],"collection":[{"href":"https:\/\/ceoparts.com\/fr\/wp-json\/wp\/v2\/product"}],"about":[{"href":"https:\/\/ceoparts.com\/fr\/wp-json\/wp\/v2\/types\/product"}],"wp:featuredmedia":[{"embeddable":true,"href":"https:\/\/ceoparts.com\/fr\/wp-json\/wp\/v2\/media\/13935"}],"wp:attachment":[{"href":"https:\/\/ceoparts.com\/fr\/wp-json\/wp\/v2\/media?parent=13934"}],"wp:term":[{"taxonomy":"product_brand","embeddable":true,"href":"https:\/\/ceoparts.com\/fr\/wp-json\/wp\/v2\/product_brand?post=13934"},{"taxonomy":"product_cat","embeddable":true,"href":"https:\/\/ceoparts.com\/fr\/wp-json\/wp\/v2\/product_cat?post=13934"},{"taxonomy":"product_tag","embeddable":true,"href":"https:\/\/ceoparts.com\/fr\/wp-json\/wp\/v2\/product_tag?post=13934"}],"curies":[{"name":"wp","href":"https:\/\/api.w.org\/{rel}","templated":true}]}}