{"id":13943,"date":"2025-02-04T16:54:30","date_gmt":"2025-02-04T13:54:30","guid":{"rendered":"https:\/\/ceoparts.com\/?post_type=product&#038;p=13943"},"modified":"2026-05-16T16:16:52","modified_gmt":"2026-05-16T13:16:52","slug":"linde-still-ileri-surus-pedal-lastigi-0009642700-0009644587","status":"publish","type":"product","link":"https:\/\/ceoparts.com\/fr\/urun\/linde-still-ileri-surus-pedal-lastigi-0009642700-0009644587\/","title":{"rendered":"Linde\/Still Caoutchouc de p\u00e9dale de marche avant &#8211; 0009642700, 0009644587"},"content":{"rendered":"<p>Linde\/Still Caoutchouc de p\u00e9dale de marche avant &#8211; 0009642700, 0009644587<\/p>\n<p><\/p>","protected":false},"excerpt":{"rendered":"<p data-start=\"154\" data-end=\"386\"><br data-start=\"1750\" data-end=\"1753\" \/>Compatible avec les mod\u00e8les de chariots \u00e9l\u00e9vateurs Linde et Still, ce caoutchouc de p\u00e9dale d&#8217;acc\u00e9l\u00e9rateur garantit \u00e0 l&#8217;op\u00e9rateur une utilisation s\u00fbre et antid\u00e9rapante. Sa structure en caoutchouc durable assure une longue dur\u00e9e de vie et un confort ergonomique.<\/p>\n<p data-start=\"2015\" data-end=\"2378\"><strong data-start=\"2015\" data-end=\"2037\">Caract\u00e9ristiques :<\/strong><br data-start=\"2037\" data-end=\"2040\" \/><strong data-start=\"2040\" data-end=\"2060\">Nom du produit :<\/strong> Caoutchouc de p\u00e9dale d&#8217;acc\u00e9l\u00e9rateur Linde\/Still<br data-start=\"2108\" data-end=\"2111\" \/><strong data-start=\"2111\" data-end=\"2126\">R\u00e9f\u00e9rence :<\/strong> 0009642700, 0009644587<br data-start=\"2149\" data-end=\"2152\" \/><strong data-start=\"2152\" data-end=\"2166\">Mat\u00e9riau :<\/strong> Caoutchouc de haute qualit\u00e9<br data-start=\"2194\" data-end=\"2197\" \/><strong data-start=\"2197\" data-end=\"2223\">Domaine d&#8217;utilisation:<\/strong> P\u00e9dales d&#8217;acc\u00e9l\u00e9rateur pour chariots \u00e9l\u00e9vateurs Linde et Still<br data-start=\"2286\" data-end=\"2289\" \/><strong data-start=\"2289\" data-end=\"2302\">Avantage:<\/strong> Surface antid\u00e9rapante, structure durable et r\u00e9sistante, installation facile<\/p>\n<p data-start=\"2380\" data-end=\"2632\">\n","protected":false},"featured_media":13955,"template":"","meta":[],"product_brand":[],"product_cat":[241,246,471,523,524],"product_tag":[],"class_list":{"0":"post-13943","1":"product","2":"type-product","3":"status-publish","4":"has-post-thumbnail","6":"product_cat-still","7":"product_cat-linde","8":"product_cat-joystick-pedal-yedek-parca","9":"product_cat-yedek-parca-linde","10":"product_cat-yedek-parca-still","12":"first","13":"instock","14":"taxable","15":"shipping-taxable","16":"purchasable","17":"product-type-simple"},"_links":{"self":[{"href":"https:\/\/ceoparts.com\/fr\/wp-json\/wp\/v2\/product\/13943","targetHints":{"allow":["GET"]}}],"collection":[{"href":"https:\/\/ceoparts.com\/fr\/wp-json\/wp\/v2\/product"}],"about":[{"href":"https:\/\/ceoparts.com\/fr\/wp-json\/wp\/v2\/types\/product"}],"wp:featuredmedia":[{"embeddable":true,"href":"https:\/\/ceoparts.com\/fr\/wp-json\/wp\/v2\/media\/13955"}],"wp:attachment":[{"href":"https:\/\/ceoparts.com\/fr\/wp-json\/wp\/v2\/media?parent=13943"}],"wp:term":[{"taxonomy":"product_brand","embeddable":true,"href":"https:\/\/ceoparts.com\/fr\/wp-json\/wp\/v2\/product_brand?post=13943"},{"taxonomy":"product_cat","embeddable":true,"href":"https:\/\/ceoparts.com\/fr\/wp-json\/wp\/v2\/product_cat?post=13943"},{"taxonomy":"product_tag","embeddable":true,"href":"https:\/\/ceoparts.com\/fr\/wp-json\/wp\/v2\/product_tag?post=13943"}],"curies":[{"name":"wp","href":"https:\/\/api.w.org\/{rel}","templated":true}]}}