{"id":13947,"date":"2025-02-04T17:03:17","date_gmt":"2025-02-04T14:03:17","guid":{"rendered":"https:\/\/ceoparts.com\/?post_type=product&#038;p=13947"},"modified":"2026-05-16T13:34:01","modified_gmt":"2026-05-16T10:34:01","slug":"jungheinrich-efg430k-fren-pedal-lastigi-05023009-50006986","status":"publish","type":"product","link":"https:\/\/ceoparts.com\/fr\/urun\/jungheinrich-efg430k-fren-pedal-lastigi-05023009-50006986\/","title":{"rendered":"Jungheinrich EFG430K Fren Pedal Lasti\u011fi &#8211; 05023009, 50006986"},"content":{"rendered":"<p><\/p>\n<p><\/p>\n<div class=\"woocommerce-product-details__short-description\">\n<div class=\"k2fx k2fx4detail spacing_top\">\n<div class=\"k2tx k2tx4detail k2item k2item41326\" data-k2-f5=\"NDEzMjZ8MXw5OTl8MQ==\">\n<div data-k2=\"ifItem\" data-product-id=\"41326\">\n<section class=\"section\">\n<div id=\"content_product\" class=\"tabs_wrap\">\n<div class=\"spacing_top\">\n<div id=\"descriptionText\" class=\"tabs_content active\">\n<div>\n<div class=\"html_wrap data-k2-editable\">\n<div class=\"k2fx k2fx4detail spacing_top\">\n<div class=\"k2tx k2tx4detail k2item k2item41326\" data-k2-f5=\"NDEzMjZ8MXw5OTl8MQ==\">\n<div data-k2=\"ifItem\" data-product-id=\"41326\">\n<section class=\"section\">\n<div id=\"content_product\" class=\"tabs_wrap\">\n<div class=\"spacing_top\">\n<div id=\"descriptionText\" class=\"tabs_content active\">\n<div>\n<div class=\"html_wrap data-k2-editable\">EFG DF13 05\/1999 &#8211; 11\/2006, EFG DF15 05\/1999 &#8211; 11\/2006, EFG DF16 05\/1999 &#8211; 11\/2006, EFG DF18 05\/1999 &#8211; 11\/ 2006, EFG DF20 05\/1999 &#8211; 11\/2006, EFG VAC16 08\/1999 &#8211; 12\/2008, EFG VAC18 08\/1999 &#8211; 12\/2008, EFG VAC20 08\/1999 &#8211; 12\/2008, FB 13 (KOM) 04\/1998 &#8211; 03\/2001, FB 18 (COM) 04\/1998 &#8211; 03\/2001, FB 20 (COM) 04\/1998 &#8211; 03\/2001, DFG 16 AS 01\/2002 &#8211; 12\/2003, DFG 20 AS 01\/2002 &#8211; 12\/2003, DFG 16 AK 01\/2002 &#8211; 12\/2003, DFG 20 AK 01\/2002 &#8211; 12\/2003, TFG 16 AK 01\/2002 &#8211; 12\/2003, TFG 20 AK 01\/2002 &#8211; 12\/2003, TFG 16 AS 01\/2002 &#8211; 12\/ 2003, TFG 20 AS 01\/2002 &#8211; 12\/2003, DFG 20 BK 12\/1998 &#8211; 10\/2002, DFG 25 BK 12\/1998 &#8211; 10\/2002, DFG 30 BK 12\/1998 &#8211; 10\/2002, DFG 20 BS 12\/1998 &#8211; 10\/2002, DFG 25 BS 12\/1998 &#8211; 10 \/2002, DFG 30 BS 12\/1998 &#8211; 10\/2002.<\/div>\n<\/div>\n<\/div>\n<\/div>\n<\/div>\n<\/section>\n<\/div>\n<\/div>\n<\/div>\n<\/div>\n<\/div>\n<\/div>\n<\/div>\n<\/div>\n<\/section>\n<\/div>\n<\/div>\n<\/div>\n<\/div>\n<p><\/p>","protected":false},"excerpt":{"rendered":"<p data-start=\"175\" data-end=\"382\"><br data-start=\"1747\" data-end=\"1750\" \/>Sp\u00e9cialement con\u00e7u pour le mod\u00e8le de chariot \u00e9l\u00e9vateur Jungheinrich EFG430K, ce caoutchouc de p\u00e9dale de frein offre \u00e0 l&#8217;op\u00e9rateur une utilisation s\u00e9curis\u00e9e gr\u00e2ce \u00e0 sa surface antid\u00e9rapante. Sa structure en caoutchouc durable assure des performances de longue dur\u00e9e.<\/p>\n<p data-start=\"2017\" data-end=\"2378\"><strong data-start=\"2017\" data-end=\"2039\">Caract\u00e9ristiques :<\/strong><br data-start=\"2039\" data-end=\"2042\" \/><strong data-start=\"2042\" data-end=\"2062\">Nom du produit :<\/strong> Caoutchouc de p\u00e9dale de frein Jungheinrich EFG430K<br data-start=\"2113\" data-end=\"2116\" \/><strong data-start=\"2116\" data-end=\"2131\">R\u00e9f\u00e9rence :<\/strong> 05023009, 50006986<br data-start=\"2150\" data-end=\"2153\" \/><strong data-start=\"2153\" data-end=\"2167\">Mat\u00e9riau :<\/strong> Caoutchouc de haute qualit\u00e9<br data-start=\"2195\" data-end=\"2198\" \/><strong data-start=\"2198\" data-end=\"2224\">Domaine d&#8217;utilisation:<\/strong> P\u00e9dale de frein pour chariots \u00e9l\u00e9vateurs Jungheinrich EFG430K<br data-start=\"2286\" data-end=\"2289\" \/><strong data-start=\"2289\" data-end=\"2302\">Avantage:<\/strong> Surface antid\u00e9rapante, structure durable et r\u00e9sistante, installation facile<\/p>\n<p data-start=\"2380\" data-end=\"2634\">\n","protected":false},"featured_media":13949,"template":"","meta":[],"product_brand":[],"product_cat":[236,471,522],"product_tag":[],"class_list":{"0":"post-13947","1":"product","2":"type-product","3":"status-publish","4":"has-post-thumbnail","6":"product_cat-jungheinrich","7":"product_cat-joystick-pedal-yedek-parca","8":"product_cat-yedek-parca-jungheinrich","10":"first","11":"instock","12":"taxable","13":"shipping-taxable","14":"purchasable","15":"product-type-simple"},"_links":{"self":[{"href":"https:\/\/ceoparts.com\/fr\/wp-json\/wp\/v2\/product\/13947","targetHints":{"allow":["GET"]}}],"collection":[{"href":"https:\/\/ceoparts.com\/fr\/wp-json\/wp\/v2\/product"}],"about":[{"href":"https:\/\/ceoparts.com\/fr\/wp-json\/wp\/v2\/types\/product"}],"wp:featuredmedia":[{"embeddable":true,"href":"https:\/\/ceoparts.com\/fr\/wp-json\/wp\/v2\/media\/13949"}],"wp:attachment":[{"href":"https:\/\/ceoparts.com\/fr\/wp-json\/wp\/v2\/media?parent=13947"}],"wp:term":[{"taxonomy":"product_brand","embeddable":true,"href":"https:\/\/ceoparts.com\/fr\/wp-json\/wp\/v2\/product_brand?post=13947"},{"taxonomy":"product_cat","embeddable":true,"href":"https:\/\/ceoparts.com\/fr\/wp-json\/wp\/v2\/product_cat?post=13947"},{"taxonomy":"product_tag","embeddable":true,"href":"https:\/\/ceoparts.com\/fr\/wp-json\/wp\/v2\/product_tag?post=13947"}],"curies":[{"name":"wp","href":"https:\/\/api.w.org\/{rel}","templated":true}]}}