{"id":13951,"date":"2025-02-04T17:14:29","date_gmt":"2025-02-04T14:14:29","guid":{"rendered":"https:\/\/ceoparts.com\/?post_type=product&#038;p=13951"},"modified":"2026-05-16T13:15:55","modified_gmt":"2026-05-16T10:15:55","slug":"linde-still-ileri-surus-pedal-lastigi-0009642701-0009644594","status":"publish","type":"product","link":"https:\/\/ceoparts.com\/fr\/urun\/linde-still-ileri-surus-pedal-lastigi-0009642701-0009644594\/","title":{"rendered":"Linde\/Still Caoutchouc de p\u00e9dale de marche avant-arri\u00e8re &#8211; 0009642701, 0009644594"},"content":{"rendered":"<p>Linde\/Still Caoutchouc de p\u00e9dale de marche avant-arri\u00e8re &#8211; 0009642701, 0009644594<\/p>\n<p>322 E16<br \/>\n322 E15\/16\/18-02<br \/>\n324 E12\/15\/16<br \/>\n324 E12\/14\/15\/16<br \/>\n324 E12\/14\/15\/16<br \/>\n324-02 E12\/15\/16-02<br \/>\n325 E20 \/ 25\/30<br \/>\n326 E25\/40P<br \/>\n353-03 E16\/20-03<br \/>\n335 E14\/16\/18\/20<br \/>\n335-02 E14\/16\/18\/20-02<br \/>\n335-02 E16\/20-02<br \/>\n336 E20\/25\/30<br \/>\n336 -31 E25\/30<br \/>\n336-02 E20\/25\/30-02<br \/>\n336-03 E25\/30-03<\/p>\n<p>0009644594<\/p>","protected":false},"excerpt":{"rendered":"<p data-start=\"178\" data-end=\"410\"><br data-start=\"1900\" data-end=\"1903\" \/>Compatible avec les mod\u00e8les de chariots \u00e9l\u00e9vateurs Linde et Still, ce caoutchouc de p\u00e9dale de conduite avant-arri\u00e8re offre \u00e0 l&#8217;op\u00e9rateur une exp\u00e9rience de conduite s\u00fbre et confortable. Fabriqu\u00e9 en caoutchouc durable, il offre une performance antid\u00e9rapante et une longue dur\u00e9e de vie.<\/p>\n<p data-start=\"2188\" data-end=\"2560\"><strong data-start=\"2188\" data-end=\"2210\">Caract\u00e9ristiques :<\/strong><br data-start=\"2210\" data-end=\"2213\" \/><strong data-start=\"2213\" data-end=\"2233\">Nom du produit :<\/strong> Caoutchouc de p\u00e9dale de conduite avant-arri\u00e8re Linde\/Still<br data-start=\"2292\" data-end=\"2295\" \/><strong data-start=\"2295\" data-end=\"2310\">R\u00e9f\u00e9rence :<\/strong> 0009642701, 0009644594<br data-start=\"2333\" data-end=\"2336\" \/><strong data-start=\"2336\" data-end=\"2350\">Mat\u00e9riau :<\/strong> Caoutchouc durable de haute qualit\u00e9<br data-start=\"2386\" data-end=\"2389\" \/><strong data-start=\"2389\" data-end=\"2415\">Domaine d&#8217;utilisation:<\/strong> P\u00e9dales de conduite pour chariots \u00e9l\u00e9vateurs Linde et Still<br data-start=\"2475\" data-end=\"2478\" \/><strong data-start=\"2478\" data-end=\"2491\">Avantage:<\/strong> Surface antid\u00e9rapante, construction durable, utilisation confortable<\/p>\n<p data-start=\"2562\" data-end=\"2826\">\n","protected":false},"featured_media":13952,"template":"","meta":[],"product_brand":[],"product_cat":[241,246,471,523,524],"product_tag":[],"class_list":{"0":"post-13951","1":"product","2":"type-product","3":"status-publish","4":"has-post-thumbnail","6":"product_cat-still","7":"product_cat-linde","8":"product_cat-joystick-pedal-yedek-parca","9":"product_cat-yedek-parca-linde","10":"product_cat-yedek-parca-still","12":"first","13":"instock","14":"taxable","15":"shipping-taxable","16":"purchasable","17":"product-type-simple"},"_links":{"self":[{"href":"https:\/\/ceoparts.com\/fr\/wp-json\/wp\/v2\/product\/13951","targetHints":{"allow":["GET"]}}],"collection":[{"href":"https:\/\/ceoparts.com\/fr\/wp-json\/wp\/v2\/product"}],"about":[{"href":"https:\/\/ceoparts.com\/fr\/wp-json\/wp\/v2\/types\/product"}],"wp:featuredmedia":[{"embeddable":true,"href":"https:\/\/ceoparts.com\/fr\/wp-json\/wp\/v2\/media\/13952"}],"wp:attachment":[{"href":"https:\/\/ceoparts.com\/fr\/wp-json\/wp\/v2\/media?parent=13951"}],"wp:term":[{"taxonomy":"product_brand","embeddable":true,"href":"https:\/\/ceoparts.com\/fr\/wp-json\/wp\/v2\/product_brand?post=13951"},{"taxonomy":"product_cat","embeddable":true,"href":"https:\/\/ceoparts.com\/fr\/wp-json\/wp\/v2\/product_cat?post=13951"},{"taxonomy":"product_tag","embeddable":true,"href":"https:\/\/ceoparts.com\/fr\/wp-json\/wp\/v2\/product_tag?post=13951"}],"curies":[{"name":"wp","href":"https:\/\/api.w.org\/{rel}","templated":true}]}}