{"id":13958,"date":"2025-02-04T17:58:10","date_gmt":"2025-02-04T14:58:10","guid":{"rendered":"https:\/\/ceoparts.com\/?post_type=product&#038;p=13958"},"modified":"2026-05-16T14:34:08","modified_gmt":"2026-05-16T11:34:08","slug":"efp-005-gaz-pedali","status":"publish","type":"product","link":"https:\/\/ceoparts.com\/fr\/urun\/efp-005-gaz-pedali\/","title":{"rendered":"Efp-005 P\u00e9dale D&#8217;acc\u00e9l\u00e9rateur"},"content":{"rendered":"<p>Efp-005 P\u00e9dale D&#8217;acc\u00e9l\u00e9rateur<\/p>\n<p><\/p>","protected":false},"excerpt":{"rendered":"<p data-start=\"105\" data-end=\"286\"><br data-start=\"1606\" data-end=\"1609\" \/>La p\u00e9dale d&#8217;acc\u00e9l\u00e9rateur EFP\u2011005 offre un contr\u00f4le pr\u00e9cis de la vitesse pour les chariots \u00e9l\u00e9vateurs et les v\u00e9hicules industriels. Sa construction durable et son design ergonomique assurent une utilisation confortable et durable.<\/p>\n<p data-start=\"1840\" data-end=\"2199\"><strong data-start=\"1840\" data-end=\"1862\">Caract\u00e9ristiques :<\/strong><br data-start=\"1862\" data-end=\"1865\" \/><strong data-start=\"1865\" data-end=\"1885\">Nom du produit :<\/strong> P\u00e9dale d&#8217;acc\u00e9l\u00e9rateur EFP\u2011005<br data-start=\"1915\" data-end=\"1918\" \/><strong data-start=\"1918\" data-end=\"1933\">R\u00e9f\u00e9rence :<\/strong> EFP\u2011005<br data-start=\"1941\" data-end=\"1944\" \/><strong data-start=\"1944\" data-end=\"1958\">Mat\u00e9riau :<\/strong> Composants robustes en plastique et m\u00e9tal<br data-start=\"2000\" data-end=\"2003\" \/><strong data-start=\"2003\" data-end=\"2029\">Domaine d&#8217;utilisation:<\/strong> Syst\u00e8mes de contr\u00f4le de vitesse pour chariots \u00e9l\u00e9vateurs et v\u00e9hicules industriels<br data-start=\"2111\" data-end=\"2114\" \/><strong data-start=\"2114\" data-end=\"2127\">Avantage:<\/strong> Contr\u00f4le pr\u00e9cis de la vitesse, construction durable, design ergonomique<\/p>\n<p data-start=\"2201\" data-end=\"2421\">\n","protected":false},"featured_media":13959,"template":"","meta":[],"product_brand":[],"product_cat":[471],"product_tag":[],"class_list":{"0":"post-13958","1":"product","2":"type-product","3":"status-publish","4":"has-post-thumbnail","6":"product_cat-joystick-pedal-yedek-parca","8":"first","9":"instock","10":"taxable","11":"shipping-taxable","12":"purchasable","13":"product-type-simple"},"_links":{"self":[{"href":"https:\/\/ceoparts.com\/fr\/wp-json\/wp\/v2\/product\/13958","targetHints":{"allow":["GET"]}}],"collection":[{"href":"https:\/\/ceoparts.com\/fr\/wp-json\/wp\/v2\/product"}],"about":[{"href":"https:\/\/ceoparts.com\/fr\/wp-json\/wp\/v2\/types\/product"}],"wp:featuredmedia":[{"embeddable":true,"href":"https:\/\/ceoparts.com\/fr\/wp-json\/wp\/v2\/media\/13959"}],"wp:attachment":[{"href":"https:\/\/ceoparts.com\/fr\/wp-json\/wp\/v2\/media?parent=13958"}],"wp:term":[{"taxonomy":"product_brand","embeddable":true,"href":"https:\/\/ceoparts.com\/fr\/wp-json\/wp\/v2\/product_brand?post=13958"},{"taxonomy":"product_cat","embeddable":true,"href":"https:\/\/ceoparts.com\/fr\/wp-json\/wp\/v2\/product_cat?post=13958"},{"taxonomy":"product_tag","embeddable":true,"href":"https:\/\/ceoparts.com\/fr\/wp-json\/wp\/v2\/product_tag?post=13958"}],"curies":[{"name":"wp","href":"https:\/\/api.w.org\/{rel}","templated":true}]}}