{"id":13963,"date":"2025-02-06T10:12:32","date_gmt":"2025-02-06T07:12:32","guid":{"rendered":"https:\/\/ceoparts.com\/?post_type=product&#038;p=13963"},"modified":"2026-05-16T15:28:27","modified_gmt":"2026-05-16T12:28:27","slug":"hyster-h-ayak-takim-2770656","status":"publish","type":"product","link":"https:\/\/ceoparts.com\/fr\/urun\/hyster-h-ayak-takim-2770656\/","title":{"rendered":"Assemblage de pied Hyster H &#8211; 2770656"},"content":{"rendered":"<p>Assemblage de pied Hyster H &#8211; 2770656<\/p>","protected":false},"excerpt":{"rendered":"<p data-start=\"117\" data-end=\"308\"><br data-start=\"1593\" data-end=\"1596\" \/>L\u2019ensemble pied en H sp\u00e9cialement con\u00e7u pour les chariots \u00e9l\u00e9vateurs Hyster augmente la stabilit\u00e9 du chariot et garantit un environnement de travail s\u00fbr. Fabriqu\u00e9 avec des mat\u00e9riaux durables, il offre une performance durable.<\/p>\n<p data-start=\"1823\" data-end=\"2146\"><strong data-start=\"1823\" data-end=\"1845\">Caract\u00e9ristiques :<\/strong><br data-start=\"1845\" data-end=\"1848\" \/><strong data-start=\"1848\" data-end=\"1868\">Nom du produit :<\/strong> Ensemble pied en H Hyster<br data-start=\"1894\" data-end=\"1897\" \/><strong data-start=\"1897\" data-end=\"1912\">R\u00e9f\u00e9rence :<\/strong> 2770656<br data-start=\"1920\" data-end=\"1923\" \/><strong data-start=\"1923\" data-end=\"1937\">Mat\u00e9riau :<\/strong> Alliage m\u00e9tallique haute r\u00e9sistance<br data-start=\"1973\" data-end=\"1976\" \/><strong data-start=\"1976\" data-end=\"2002\">Domaine d&#8217;utilisation:<\/strong> Syst\u00e8me de stabilit\u00e9 et de support pour chariots \u00e9l\u00e9vateurs Hyster<br data-start=\"2069\" data-end=\"2072\" \/><strong data-start=\"2072\" data-end=\"2085\">Avantage:<\/strong> Structure renforc\u00e9e, longue dur\u00e9e de vie, fonctionnement s\u00fbr<\/p>\n<p data-start=\"2148\" data-end=\"2377\">\n","protected":false},"featured_media":13964,"template":"","meta":[],"product_brand":[],"product_cat":[256,406],"product_tag":[],"class_list":{"0":"post-13963","1":"product","2":"type-product","3":"status-publish","4":"has-post-thumbnail","6":"product_cat-hyster","7":"product_cat-catal-mekanizma","9":"first","10":"instock","11":"taxable","12":"shipping-taxable","13":"purchasable","14":"product-type-simple"},"_links":{"self":[{"href":"https:\/\/ceoparts.com\/fr\/wp-json\/wp\/v2\/product\/13963","targetHints":{"allow":["GET"]}}],"collection":[{"href":"https:\/\/ceoparts.com\/fr\/wp-json\/wp\/v2\/product"}],"about":[{"href":"https:\/\/ceoparts.com\/fr\/wp-json\/wp\/v2\/types\/product"}],"wp:featuredmedia":[{"embeddable":true,"href":"https:\/\/ceoparts.com\/fr\/wp-json\/wp\/v2\/media\/13964"}],"wp:attachment":[{"href":"https:\/\/ceoparts.com\/fr\/wp-json\/wp\/v2\/media?parent=13963"}],"wp:term":[{"taxonomy":"product_brand","embeddable":true,"href":"https:\/\/ceoparts.com\/fr\/wp-json\/wp\/v2\/product_brand?post=13963"},{"taxonomy":"product_cat","embeddable":true,"href":"https:\/\/ceoparts.com\/fr\/wp-json\/wp\/v2\/product_cat?post=13963"},{"taxonomy":"product_tag","embeddable":true,"href":"https:\/\/ceoparts.com\/fr\/wp-json\/wp\/v2\/product_tag?post=13963"}],"curies":[{"name":"wp","href":"https:\/\/api.w.org\/{rel}","templated":true}]}}