{"id":13975,"date":"2025-02-06T15:03:40","date_gmt":"2025-02-06T12:03:40","guid":{"rendered":"https:\/\/ceoparts.com\/?post_type=product&#038;p=13975"},"modified":"2026-05-16T15:28:36","modified_gmt":"2026-05-16T12:28:36","slug":"jungheinrich-switch-induct-approximation-50462522","status":"publish","type":"product","link":"https:\/\/ceoparts.com\/fr\/urun\/jungheinrich-switch-induct-approximation-50462522\/","title":{"rendered":"Interrupteur de proximit\u00e9 inductif Jungheinrich"},"content":{"rendered":"<p>Interrupteur de proximit\u00e9 inductif Jungheinrich<\/p>\n<p>Jungheinrich 50462522<\/p>\n<p>ETM\/V 214\/216\u00a012.03 &#8211; 10.12<br \/>\nETM\/V 320\/325\u00a012.04 &#8211; 2.14<br \/>\nETV 110\/112\u00a011.05 &#8211; 6.14<br \/>\nETV 114\/116\u00a011.05 &#8211; 12.11<br \/>\nETV C 16\u00a06.08 &#8211; 5.15<br \/>\nETV C 20\u00a06.08 &#8211; 4.15<br \/>\nETVQ 20\/25\u00a09.10 &#8211;<br \/>\nETM\/V 214\/216\u00a09.11 &#8211;<br \/>\nETM\/V 214\/216 (US)\u00a01.11 &#8211; 10.12<br \/>\nETV 110\/112 (US)\u00a01.11 &#8211; 6.14<br \/>\nETV 114\/116 (US)\u00a01.11 &#8211; 10.11<br \/>\nETV C 16 (US)\u00a01.11 &#8211; 5.15<br \/>\nETV C 20 (US)\u00a01.11 &#8211; 4.15<br \/>\nETM\/V 320\/325 (US)\u00a01.11 &#8211; 2.14<br \/>\nETVQ 20\/25 (US)\u00a01.11 &#8211;<br \/>\nETM\/V 214\/216 (US)\u00a09.11 &#8211;<br \/>\nETV 114n\/116n\u00a07.11 &#8211; 1.18<br \/>\nETM\/V 214-325 Cab\u00a09.11 &#8211;<br \/>\nETM\/V 214\/216 (CN)\u00a012.11 &#8211;<br \/>\nETV C 16 (CN)\u00a012.11 &#8211; 5.15<br \/>\nETV 110\/112 (CN)\u00a012.11 &#8211; 6.14<br \/>\nETV 114\/116 (CN)\u00a011.11 &#8211; 1.12<br \/>\nETM\/V 214\/216 (CN)\u00a012.11 &#8211; 10.12<br \/>\nETV C 20 (CN)\u00a012.11 &#8211; 4.15<br \/>\nETM\/V 320\/325 (CN)\u00a012.11 &#8211; 2.14<br \/>\nETVQ 20\/25 (CN)\u00a012.11 &#8211;<br \/>\nETM\/V 318-325\u00a010.13 &#8211;<br \/>\nETM\/V 318-325 (US)\u00a010.13 &#8211;<br \/>\nETM\/V 318-325 (CN)\u00a010.13 &#8211;<br \/>\nETV 110\/112\u00a05.14 &#8211;<br \/>\nETV 110\/112 (US)\u00a05.14 &#8211;<br \/>\nETV 110\/112 (CN)\u00a05.14 &#8211;<br \/>\nEmpilhadores de mastro retr\u00e1ctil\u00a07.13 &#8211;<br \/>\nETV C 16\/20\u00a03.15 &#8211;<br \/>\nETV C 16\/20 (US)\u00a03.15 &#8211;<br \/>\nETV C 16\/20 (CN)\u00a03.15 &#8211;<br \/>\nETV 118n\/ 120n\u00a01.14 &#8211; 1.18<br \/>\nETV-Q 20-25\u00a01.17 &#8211;<br \/>\nETV-Q 20-25 (US)\u00a01.17 &#8211;<br \/>\nETV-Q 20-25 (CN)\u00a01.17 &#8211;<br \/>\nETV 114n\/116n\u00a01.18 &#8211; 3.23<br \/>\nETV 118n\/ 120n\u00a01.18 &#8211; 3.23<br \/>\nETV 116n HELI\u00a05.17 &#8211; 3.23<br \/>\nETV 120n HELI\u00a05.17 &#8211; 3.23<br \/>\nET 214-216 2021\u00a02.22 &#8211;<br \/>\nET 214-216 2021 (US)\u00a02.22 &#8211;<br \/>\nET 214-216 2021 (CN)\u00a02.22 &#8211;<br \/>\nET 210-212 2021\u00a02.22 &#8211;<br \/>\nET 210-212 2021 (CN)\u00a02.22 &#8211;<br \/>\nETV C20 2021\u00a02.22 &#8211;<br \/>\nETV C16 2021 (CN)\u00a02.22 &#8211;<br \/>\nETV Q20\/Q25\u00a08.22 &#8211;<br \/>\nETV Q20\/Q25 (CN)\u00a08.22 &#8211;<br \/>\nETV Q20\/Q25 (US)\u00a08.22 &#8211;<\/p>","protected":false},"excerpt":{"rendered":"<p data-start=\"161\" data-end=\"397\"><br data-start=\"1759\" data-end=\"1762\" \/>Le capteur de proximit\u00e9 inductif con\u00e7u pour les chariots \u00e9l\u00e9vateurs Jungheinrich d\u00e9tecte les objets m\u00e9talliques sans contact. Sa construction durable et son fonctionnement pr\u00e9cis assurent une utilisation s\u00fbre et efficace dans les syst\u00e8mes de contr\u00f4le des chariots \u00e9l\u00e9vateurs.<\/p>\n<p data-start=\"2039\" data-end=\"2377\"><strong data-start=\"2039\" data-end=\"2061\">Caract\u00e9ristiques :<\/strong><br data-start=\"2061\" data-end=\"2064\" \/><strong data-start=\"2064\" data-end=\"2084\">Nom du produit :<\/strong> Capteur de proximit\u00e9 inductif Jungheinrich<br data-start=\"2127\" data-end=\"2130\" \/><strong data-start=\"2130\" data-end=\"2145\">R\u00e9f\u00e9rence :<\/strong> 50462522<br data-start=\"2154\" data-end=\"2157\" \/><strong data-start=\"2157\" data-end=\"2171\">Mat\u00e9riau :<\/strong> Composants m\u00e9talliques et \u00e9lectroniques<br data-start=\"2211\" data-end=\"2214\" \/><strong data-start=\"2214\" data-end=\"2240\">Domaine d&#8217;utilisation:<\/strong> Syst\u00e8mes de contr\u00f4le et d&#8217;automatisation des chariots \u00e9l\u00e9vateurs<br data-start=\"2305\" data-end=\"2308\" \/><strong data-start=\"2308\" data-end=\"2321\">Avantage:<\/strong> D\u00e9tection sans contact, haute pr\u00e9cision, design durable<\/p>\n<p data-start=\"2379\" data-end=\"2653\">\n","protected":false},"featured_media":13978,"template":"","meta":[],"product_brand":[],"product_cat":[236,469,522],"product_tag":[],"class_list":{"0":"post-13975","1":"product","2":"type-product","3":"status-publish","4":"has-post-thumbnail","6":"product_cat-jungheinrich","7":"product_cat-elektrik-ve-sistem-parcalari","8":"product_cat-yedek-parca-jungheinrich","10":"first","11":"instock","12":"taxable","13":"shipping-taxable","14":"purchasable","15":"product-type-simple"},"_links":{"self":[{"href":"https:\/\/ceoparts.com\/fr\/wp-json\/wp\/v2\/product\/13975","targetHints":{"allow":["GET"]}}],"collection":[{"href":"https:\/\/ceoparts.com\/fr\/wp-json\/wp\/v2\/product"}],"about":[{"href":"https:\/\/ceoparts.com\/fr\/wp-json\/wp\/v2\/types\/product"}],"wp:featuredmedia":[{"embeddable":true,"href":"https:\/\/ceoparts.com\/fr\/wp-json\/wp\/v2\/media\/13978"}],"wp:attachment":[{"href":"https:\/\/ceoparts.com\/fr\/wp-json\/wp\/v2\/media?parent=13975"}],"wp:term":[{"taxonomy":"product_brand","embeddable":true,"href":"https:\/\/ceoparts.com\/fr\/wp-json\/wp\/v2\/product_brand?post=13975"},{"taxonomy":"product_cat","embeddable":true,"href":"https:\/\/ceoparts.com\/fr\/wp-json\/wp\/v2\/product_cat?post=13975"},{"taxonomy":"product_tag","embeddable":true,"href":"https:\/\/ceoparts.com\/fr\/wp-json\/wp\/v2\/product_tag?post=13975"}],"curies":[{"name":"wp","href":"https:\/\/api.w.org\/{rel}","templated":true}]}}