{"id":13984,"date":"2025-02-06T15:24:35","date_gmt":"2025-02-06T12:24:35","guid":{"rendered":"https:\/\/ceoparts.com\/?post_type=product&#038;p=13984"},"modified":"2026-05-16T19:52:00","modified_gmt":"2026-05-16T16:52:00","slug":"jungheinrich-gaz-pedali-51884495-51706553","status":"publish","type":"product","link":"https:\/\/ceoparts.com\/fr\/urun\/jungheinrich-gaz-pedali-51884495-51706553\/","title":{"rendered":"P\u00e9dale d&#8217;acc\u00e9l\u00e9rateur Jungheinrich \u2013 51884495, 51706553"},"content":{"rendered":"<p>P\u00e9dale d&#8217;acc\u00e9l\u00e9rateur Jungheinrich \u2013 51884495, 51706553<\/p>","protected":false},"excerpt":{"rendered":"<p data-start=\"136\" data-end=\"360\"><br data-start=\"1699\" data-end=\"1702\" \/>La p\u00e9dale d&#8217;acc\u00e9l\u00e9rateur con\u00e7ue pour les mod\u00e8les de chariots \u00e9l\u00e9vateurs Jungheinrich permet \u00e0 l&#8217;op\u00e9rateur de contr\u00f4ler la vitesse de mani\u00e8re pr\u00e9cise et confortable. Sa construction durable offre une longue dur\u00e9e de vie et contribue \u00e0 une conduite s\u00e9curis\u00e9e.<\/p>\n<p data-start=\"1961\" data-end=\"2313\"><strong data-start=\"1961\" data-end=\"1983\">Caract\u00e9ristiques :<\/strong><br data-start=\"1983\" data-end=\"1986\" \/><strong data-start=\"1986\" data-end=\"2006\">Nom du produit :<\/strong> P\u00e9dale d&#8217;acc\u00e9l\u00e9rateur Jungheinrich<br data-start=\"2041\" data-end=\"2044\" \/><strong data-start=\"2044\" data-end=\"2059\">R\u00e9f\u00e9rence :<\/strong> 51884495, 51706553<br data-start=\"2078\" data-end=\"2081\" \/><strong data-start=\"2081\" data-end=\"2095\">Mat\u00e9riau :<\/strong> Plastique robuste et alliage m\u00e9tallique<br data-start=\"2135\" data-end=\"2138\" \/><strong data-start=\"2138\" data-end=\"2164\">Domaine d&#8217;utilisation:<\/strong> Syst\u00e8mes de contr\u00f4le de vitesse pour chariots \u00e9l\u00e9vateurs Jungheinrich<br data-start=\"2234\" data-end=\"2237\" \/><strong data-start=\"2237\" data-end=\"2250\">Avantage:<\/strong> Contr\u00f4le pr\u00e9cis, construction durable, utilisation confortable<\/p>\n<p data-start=\"2315\" data-end=\"2540\">\n","protected":false},"featured_media":13987,"template":"","meta":[],"product_brand":[],"product_cat":[236,471,522],"product_tag":[],"class_list":{"0":"post-13984","1":"product","2":"type-product","3":"status-publish","4":"has-post-thumbnail","6":"product_cat-jungheinrich","7":"product_cat-joystick-pedal-yedek-parca","8":"product_cat-yedek-parca-jungheinrich","10":"first","11":"instock","12":"taxable","13":"shipping-taxable","14":"purchasable","15":"product-type-simple"},"_links":{"self":[{"href":"https:\/\/ceoparts.com\/fr\/wp-json\/wp\/v2\/product\/13984","targetHints":{"allow":["GET"]}}],"collection":[{"href":"https:\/\/ceoparts.com\/fr\/wp-json\/wp\/v2\/product"}],"about":[{"href":"https:\/\/ceoparts.com\/fr\/wp-json\/wp\/v2\/types\/product"}],"wp:featuredmedia":[{"embeddable":true,"href":"https:\/\/ceoparts.com\/fr\/wp-json\/wp\/v2\/media\/13987"}],"wp:attachment":[{"href":"https:\/\/ceoparts.com\/fr\/wp-json\/wp\/v2\/media?parent=13984"}],"wp:term":[{"taxonomy":"product_brand","embeddable":true,"href":"https:\/\/ceoparts.com\/fr\/wp-json\/wp\/v2\/product_brand?post=13984"},{"taxonomy":"product_cat","embeddable":true,"href":"https:\/\/ceoparts.com\/fr\/wp-json\/wp\/v2\/product_cat?post=13984"},{"taxonomy":"product_tag","embeddable":true,"href":"https:\/\/ceoparts.com\/fr\/wp-json\/wp\/v2\/product_tag?post=13984"}],"curies":[{"name":"wp","href":"https:\/\/api.w.org\/{rel}","templated":true}]}}