{"id":13990,"date":"2025-02-06T15:36:57","date_gmt":"2025-02-06T12:36:57","guid":{"rendered":"https:\/\/ceoparts.com\/?post_type=product&#038;p=13990"},"modified":"2026-05-16T22:11:46","modified_gmt":"2026-05-16T19:11:46","slug":"linde-l16-cekme-kolu-1173-3095406754","status":"publish","type":"product","link":"https:\/\/ceoparts.com\/fr\/urun\/linde-l16-cekme-kolu-1173-3095406754\/","title":{"rendered":"Poign\u00e9e de traction Linde L16 &#8211; 1173 &#8211; 3095406754"},"content":{"rendered":"<p>Poign\u00e9e de traction Linde L16 &#8211; 1173 &#8211; 3095406754<\/p>","protected":false},"excerpt":{"rendered":"<p data-start=\"134\" data-end=\"356\"><br data-start=\"1648\" data-end=\"1651\" \/>La poign\u00e9e de traction 1173 sp\u00e9cialement con\u00e7ue pour le chariot \u00e9l\u00e9vateur Linde mod\u00e8le L16 permet \u00e0 l&#8217;op\u00e9rateur de diriger facilement et confortablement. Fabriqu\u00e9e avec des mat\u00e9riaux durables et un design ergonomique, elle garantit une utilisation fiable et durable.<\/p>\n<p data-start=\"1919\" data-end=\"2252\"><strong data-start=\"1919\" data-end=\"1941\">Caract\u00e9ristiques :<\/strong><br data-start=\"1941\" data-end=\"1944\" \/><strong data-start=\"1944\" data-end=\"1964\">Nom du produit :<\/strong> Poign\u00e9e de traction Linde 1173 mod\u00e8le L16<br data-start=\"2006\" data-end=\"2009\" \/><strong data-start=\"2009\" data-end=\"2024\">R\u00e9f\u00e9rence :<\/strong> 3095406754<br data-start=\"2035\" data-end=\"2038\" \/><strong data-start=\"2038\" data-end=\"2052\">Mat\u00e9riau :<\/strong> Alliage m\u00e9tallique durable<br data-start=\"2079\" data-end=\"2082\" \/><strong data-start=\"2082\" data-end=\"2108\">Domaine d&#8217;utilisation:<\/strong> Syst\u00e8mes de commande pour chariots \u00e9l\u00e9vateurs Linde mod\u00e8le L16<br data-start=\"2171\" data-end=\"2174\" \/><strong data-start=\"2174\" data-end=\"2187\">Avantage:<\/strong> Design ergonomique, construction durable, facilit\u00e9 d\u2019utilisation<\/p>\n<p data-start=\"2254\" data-end=\"2487\">\n","protected":false},"featured_media":13991,"template":"","meta":[],"product_brand":[],"product_cat":[246,450,523],"product_tag":[],"class_list":{"0":"post-13990","1":"product","2":"type-product","3":"status-publish","4":"has-post-thumbnail","6":"product_cat-linde","7":"product_cat-direksiyon-sistemleri","8":"product_cat-yedek-parca-linde","10":"first","11":"instock","12":"taxable","13":"shipping-taxable","14":"purchasable","15":"product-type-simple"},"_links":{"self":[{"href":"https:\/\/ceoparts.com\/fr\/wp-json\/wp\/v2\/product\/13990","targetHints":{"allow":["GET"]}}],"collection":[{"href":"https:\/\/ceoparts.com\/fr\/wp-json\/wp\/v2\/product"}],"about":[{"href":"https:\/\/ceoparts.com\/fr\/wp-json\/wp\/v2\/types\/product"}],"wp:featuredmedia":[{"embeddable":true,"href":"https:\/\/ceoparts.com\/fr\/wp-json\/wp\/v2\/media\/13991"}],"wp:attachment":[{"href":"https:\/\/ceoparts.com\/fr\/wp-json\/wp\/v2\/media?parent=13990"}],"wp:term":[{"taxonomy":"product_brand","embeddable":true,"href":"https:\/\/ceoparts.com\/fr\/wp-json\/wp\/v2\/product_brand?post=13990"},{"taxonomy":"product_cat","embeddable":true,"href":"https:\/\/ceoparts.com\/fr\/wp-json\/wp\/v2\/product_cat?post=13990"},{"taxonomy":"product_tag","embeddable":true,"href":"https:\/\/ceoparts.com\/fr\/wp-json\/wp\/v2\/product_tag?post=13990"}],"curies":[{"name":"wp","href":"https:\/\/api.w.org\/{rel}","templated":true}]}}