{"id":14005,"date":"2025-02-06T16:26:25","date_gmt":"2025-02-06T13:26:25","guid":{"rendered":"https:\/\/ceoparts.com\/?post_type=product&#038;p=14005"},"modified":"2026-05-16T18:38:50","modified_gmt":"2026-05-16T15:38:50","slug":"linde-motor-komur-seti-0009718214","status":"publish","type":"product","link":"https:\/\/ceoparts.com\/fr\/urun\/linde-motor-komur-seti-0009718214\/","title":{"rendered":"Kit de balais moteur Linde &#8211; 0009718214"},"content":{"rendered":"<p>Kit de balais moteur Linde &#8211; 0009718214<\/p>","protected":false},"excerpt":{"rendered":"<p data-start=\"126\" data-end=\"374\"><br data-start=\"1667\" data-end=\"1670\" \/>Le jeu de balais de moteur sp\u00e9cialement con\u00e7u pour les moteurs de chariots \u00e9l\u00e9vateurs Linde assure un fonctionnement efficace et ininterrompu du moteur. Fabriqu\u00e9 en carbone de haute qualit\u00e9, il offre une performance durable et r\u00e9duit l&#8217;usure du moteur.<\/p>\n<p data-start=\"1924\" data-end=\"2227\"><strong data-start=\"1924\" data-end=\"1946\">Caract\u00e9ristiques :<\/strong><br data-start=\"1946\" data-end=\"1949\" \/><strong data-start=\"1949\" data-end=\"1969\">Nom du produit :<\/strong> Jeu de balais de moteur Linde<br data-start=\"1999\" data-end=\"2002\" \/><strong data-start=\"2002\" data-end=\"2017\">R\u00e9f\u00e9rence :<\/strong> 0009718214<br data-start=\"2028\" data-end=\"2031\" \/><strong data-start=\"2031\" data-end=\"2045\">Mat\u00e9riau :<\/strong> Carbone de haute qualit\u00e9<br data-start=\"2070\" data-end=\"2073\" \/><strong data-start=\"2073\" data-end=\"2099\">Domaine d&#8217;utilisation:<\/strong> Moteurs \u00e9lectriques des chariots \u00e9l\u00e9vateurs Linde<br data-start=\"2149\" data-end=\"2152\" \/><strong data-start=\"2152\" data-end=\"2165\">Avantage:<\/strong> Longue dur\u00e9e de vie, haute conductivit\u00e9, protection du moteur<\/p>\n<p data-start=\"2229\" data-end=\"2498\">\n","protected":false},"featured_media":14006,"template":"","meta":[],"product_brand":[],"product_cat":[246,441,470,523],"product_tag":[],"class_list":{"0":"post-14005","1":"product","2":"type-product","3":"status-publish","4":"has-post-thumbnail","6":"product_cat-linde","7":"product_cat-yedek-parca","8":"product_cat-diger-yedek-parcalar","9":"product_cat-yedek-parca-linde","11":"first","12":"instock","13":"taxable","14":"shipping-taxable","15":"purchasable","16":"product-type-simple"},"_links":{"self":[{"href":"https:\/\/ceoparts.com\/fr\/wp-json\/wp\/v2\/product\/14005","targetHints":{"allow":["GET"]}}],"collection":[{"href":"https:\/\/ceoparts.com\/fr\/wp-json\/wp\/v2\/product"}],"about":[{"href":"https:\/\/ceoparts.com\/fr\/wp-json\/wp\/v2\/types\/product"}],"wp:featuredmedia":[{"embeddable":true,"href":"https:\/\/ceoparts.com\/fr\/wp-json\/wp\/v2\/media\/14006"}],"wp:attachment":[{"href":"https:\/\/ceoparts.com\/fr\/wp-json\/wp\/v2\/media?parent=14005"}],"wp:term":[{"taxonomy":"product_brand","embeddable":true,"href":"https:\/\/ceoparts.com\/fr\/wp-json\/wp\/v2\/product_brand?post=14005"},{"taxonomy":"product_cat","embeddable":true,"href":"https:\/\/ceoparts.com\/fr\/wp-json\/wp\/v2\/product_cat?post=14005"},{"taxonomy":"product_tag","embeddable":true,"href":"https:\/\/ceoparts.com\/fr\/wp-json\/wp\/v2\/product_tag?post=14005"}],"curies":[{"name":"wp","href":"https:\/\/api.w.org\/{rel}","templated":true}]}}