{"id":14009,"date":"2025-02-06T16:37:57","date_gmt":"2025-02-06T13:37:57","guid":{"rendered":"https:\/\/ceoparts.com\/?post_type=product&#038;p=14009"},"modified":"2026-05-16T18:10:50","modified_gmt":"2026-05-16T15:10:50","slug":"kece","status":"publish","type":"product","link":"https:\/\/ceoparts.com\/fr\/urun\/kece\/","title":{"rendered":"Feutre"},"content":{"rendered":"<p>Feutre<\/p>","protected":false},"excerpt":{"rendered":"<p data-start=\"90\" data-end=\"322\"><br data-start=\"1721\" data-end=\"1724\" \/>Le feutre (Ke\u00e7e), couramment utilis\u00e9 dans les chariots \u00e9l\u00e9vateurs et les machines lourdes, assure l&#8217;\u00e9tanch\u00e9it\u00e9 contre les fuites d&#8217;huile et emp\u00eache l&#8217;entr\u00e9e de poussi\u00e8re et de salet\u00e9. Sa structure flexible et durable am\u00e9liore les performances de la machine et prolonge la dur\u00e9e de vie des composants.<\/p>\n<p data-start=\"2026\" data-end=\"2376\"><strong data-start=\"2026\" data-end=\"2048\">Caract\u00e9ristiques :<\/strong><br data-start=\"2048\" data-end=\"2051\" \/><strong data-start=\"2051\" data-end=\"2071\">Nom du produit :<\/strong> Feutre (Ke\u00e7e)<br data-start=\"2085\" data-end=\"2088\" \/><strong data-start=\"2088\" data-end=\"2103\">R\u00e9f\u00e9rence :<\/strong> \u2014<br data-start=\"2105\" data-end=\"2108\" \/><strong data-start=\"2108\" data-end=\"2122\">Mat\u00e9riau :<\/strong> Fibres synth\u00e9tiques ou naturelles de haute qualit\u00e9<br data-start=\"2173\" data-end=\"2176\" \/><strong data-start=\"2176\" data-end=\"2202\">Domaine d&#8217;utilisation:<\/strong> \u00c9tanch\u00e9it\u00e9 et protection dans les chariots \u00e9l\u00e9vateurs, machines lourdes et syst\u00e8mes m\u00e9caniques<br data-start=\"2297\" data-end=\"2300\" \/><strong data-start=\"2300\" data-end=\"2313\">Avantage:<\/strong> Structure flexible, durabilit\u00e9, haute performance d&#8217;\u00e9tanch\u00e9it\u00e9<\/p>\n<p data-start=\"2378\" data-end=\"2638\">\n","protected":false},"featured_media":14011,"template":"","meta":[],"product_brand":[],"product_cat":[441,470],"product_tag":[],"class_list":{"0":"post-14009","1":"product","2":"type-product","3":"status-publish","4":"has-post-thumbnail","6":"product_cat-yedek-parca","7":"product_cat-diger-yedek-parcalar","9":"first","10":"instock","11":"taxable","12":"shipping-taxable","13":"purchasable","14":"product-type-simple"},"_links":{"self":[{"href":"https:\/\/ceoparts.com\/fr\/wp-json\/wp\/v2\/product\/14009","targetHints":{"allow":["GET"]}}],"collection":[{"href":"https:\/\/ceoparts.com\/fr\/wp-json\/wp\/v2\/product"}],"about":[{"href":"https:\/\/ceoparts.com\/fr\/wp-json\/wp\/v2\/types\/product"}],"wp:featuredmedia":[{"embeddable":true,"href":"https:\/\/ceoparts.com\/fr\/wp-json\/wp\/v2\/media\/14011"}],"wp:attachment":[{"href":"https:\/\/ceoparts.com\/fr\/wp-json\/wp\/v2\/media?parent=14009"}],"wp:term":[{"taxonomy":"product_brand","embeddable":true,"href":"https:\/\/ceoparts.com\/fr\/wp-json\/wp\/v2\/product_brand?post=14009"},{"taxonomy":"product_cat","embeddable":true,"href":"https:\/\/ceoparts.com\/fr\/wp-json\/wp\/v2\/product_cat?post=14009"},{"taxonomy":"product_tag","embeddable":true,"href":"https:\/\/ceoparts.com\/fr\/wp-json\/wp\/v2\/product_tag?post=14009"}],"curies":[{"name":"wp","href":"https:\/\/api.w.org\/{rel}","templated":true}]}}