{"id":14012,"date":"2025-02-06T17:56:40","date_gmt":"2025-02-06T14:56:40","guid":{"rendered":"https:\/\/ceoparts.com\/?post_type=product&#038;p=14012"},"modified":"2026-05-16T19:25:20","modified_gmt":"2026-05-16T16:25:20","slug":"linde-tesisat-kablosu-l14-372-serisi-3093810393","status":"publish","type":"product","link":"https:\/\/ceoparts.com\/fr\/urun\/linde-tesisat-kablosu-l14-372-serisi-3093810393\/","title":{"rendered":"C\u00e2ble de c\u00e2blage Linde L14 372 S\u00e9rie &#8211; 3093810393"},"content":{"rendered":"<p>C\u00e2ble de c\u00e2blage Linde L14 372 S\u00e9rie &#8211; 3093810393<\/p>\n<p>E0048672 LINDE FORKL\u0130FT\u00a0 372 L14\/16\/L14AP\/L16AP\u00a03093810393&#8217;te<\/p>","protected":false},"excerpt":{"rendered":"<p data-start=\"156\" data-end=\"408\"><br data-start=\"1913\" data-end=\"1916\" \/>Le faisceau de c\u00e2bles pour chariots \u00e9l\u00e9vateurs Linde s\u00e9rie L14 372 garantit un fonctionnement s\u00fbr et fiable des connexions \u00e9lectriques internes du v\u00e9hicule. Sa structure flexible et r\u00e9sistante assure une utilisation durable et une stabilit\u00e9 optimale des connexions.<\/p>\n<p data-start=\"2183\" data-end=\"2566\"><strong data-start=\"2183\" data-end=\"2205\">Caract\u00e9ristiques :<\/strong><br data-start=\"2205\" data-end=\"2208\" \/><strong data-start=\"2208\" data-end=\"2228\">Nom du produit :<\/strong> Faisceau de c\u00e2bles Linde s\u00e9rie L14 372<br data-start=\"2267\" data-end=\"2270\" \/><strong data-start=\"2270\" data-end=\"2285\">R\u00e9f\u00e9rence :<\/strong> 3093810393<br data-start=\"2296\" data-end=\"2299\" \/><strong data-start=\"2299\" data-end=\"2313\">Mat\u00e9riau :<\/strong> Conducteur en cuivre de haute qualit\u00e9 avec gaine PVC<br data-start=\"2366\" data-end=\"2369\" \/><strong data-start=\"2369\" data-end=\"2395\">Domaine d&#8217;utilisation:<\/strong> Syst\u00e8mes de c\u00e2blage \u00e9lectrique pour chariots \u00e9l\u00e9vateurs Linde s\u00e9rie L14 372<br data-start=\"2471\" data-end=\"2474\" \/><strong data-start=\"2474\" data-end=\"2487\">Avantage:<\/strong> Structure solide, usage flexible, excellente conductivit\u00e9, longue dur\u00e9e de vie<\/p>\n<p data-start=\"2568\" data-end=\"2807\">\n","protected":false},"featured_media":14014,"template":"","meta":[],"product_brand":[],"product_cat":[246,469,523],"product_tag":[],"class_list":{"0":"post-14012","1":"product","2":"type-product","3":"status-publish","4":"has-post-thumbnail","6":"product_cat-linde","7":"product_cat-elektrik-ve-sistem-parcalari","8":"product_cat-yedek-parca-linde","10":"first","11":"instock","12":"taxable","13":"shipping-taxable","14":"purchasable","15":"product-type-simple"},"_links":{"self":[{"href":"https:\/\/ceoparts.com\/fr\/wp-json\/wp\/v2\/product\/14012","targetHints":{"allow":["GET"]}}],"collection":[{"href":"https:\/\/ceoparts.com\/fr\/wp-json\/wp\/v2\/product"}],"about":[{"href":"https:\/\/ceoparts.com\/fr\/wp-json\/wp\/v2\/types\/product"}],"wp:featuredmedia":[{"embeddable":true,"href":"https:\/\/ceoparts.com\/fr\/wp-json\/wp\/v2\/media\/14014"}],"wp:attachment":[{"href":"https:\/\/ceoparts.com\/fr\/wp-json\/wp\/v2\/media?parent=14012"}],"wp:term":[{"taxonomy":"product_brand","embeddable":true,"href":"https:\/\/ceoparts.com\/fr\/wp-json\/wp\/v2\/product_brand?post=14012"},{"taxonomy":"product_cat","embeddable":true,"href":"https:\/\/ceoparts.com\/fr\/wp-json\/wp\/v2\/product_cat?post=14012"},{"taxonomy":"product_tag","embeddable":true,"href":"https:\/\/ceoparts.com\/fr\/wp-json\/wp\/v2\/product_tag?post=14012"}],"curies":[{"name":"wp","href":"https:\/\/api.w.org\/{rel}","templated":true}]}}