{"id":14022,"date":"2025-02-07T14:39:43","date_gmt":"2025-02-07T11:39:43","guid":{"rendered":"https:\/\/ceoparts.com\/?post_type=product&#038;p=14022"},"modified":"2026-05-16T17:51:00","modified_gmt":"2026-05-16T14:51:00","slug":"t16-denge-teker-burc","status":"publish","type":"product","link":"https:\/\/ceoparts.com\/fr\/urun\/t16-denge-teker-burc\/","title":{"rendered":"Douille de roue d&#8217;\u00e9quilibre T16"},"content":{"rendered":"<p>Douille de roue d&#8217;\u00e9quilibre T16<\/p>","protected":false},"excerpt":{"rendered":"<p data-start=\"111\" data-end=\"325\"><br data-start=\"1588\" data-end=\"1591\" \/>Con\u00e7ue pour les mod\u00e8les de transpalettes et chariots \u00e9l\u00e9vateurs T16, la bague de roue stabilisatrice assure un fonctionnement \u00e9quilibr\u00e9 et align\u00e9 de la roue avec le ch\u00e2ssis. Sa structure r\u00e9sistante aux chocs garantit une longue dur\u00e9e d\u2019utilisation.<\/p>\n<p data-start=\"1841\" data-end=\"2163\"><strong data-start=\"1841\" data-end=\"1863\">Caract\u00e9ristiques :<\/strong><br data-start=\"1863\" data-end=\"1866\" \/><strong data-start=\"1866\" data-end=\"1886\">Nom du produit :<\/strong> Bague de roue stabilisatrice T16<br data-start=\"1919\" data-end=\"1922\" \/><strong data-start=\"1922\" data-end=\"1937\">R\u00e9f\u00e9rence :<\/strong> \u2014<br data-start=\"1939\" data-end=\"1942\" \/><strong data-start=\"1942\" data-end=\"1956\">Mat\u00e9riau :<\/strong> Acier et composite r\u00e9sistants \u00e0 l&#8217;usure<br data-start=\"1996\" data-end=\"1999\" \/><strong data-start=\"1999\" data-end=\"2025\">Domaine d&#8217;utilisation:<\/strong> Syst\u00e8mes de roues stabilisatrices pour mod\u00e8les T16<br data-start=\"2076\" data-end=\"2079\" \/><strong data-start=\"2079\" data-end=\"2092\">Avantage:<\/strong> Structure robuste, longue dur\u00e9e de vie, haute performance de stabilit\u00e9<\/p>\n<p data-start=\"2165\" data-end=\"2355\">\n","protected":false},"featured_media":14023,"template":"","meta":[],"product_brand":[],"product_cat":[464,466],"product_tag":[],"class_list":{"0":"post-14022","1":"product","2":"type-product","3":"status-publish","4":"has-post-thumbnail","6":"product_cat-burc-ve-mill-grubu","7":"product_cat-denge-teker-burcu","9":"first","10":"instock","11":"taxable","12":"shipping-taxable","13":"purchasable","14":"product-type-simple"},"_links":{"self":[{"href":"https:\/\/ceoparts.com\/fr\/wp-json\/wp\/v2\/product\/14022","targetHints":{"allow":["GET"]}}],"collection":[{"href":"https:\/\/ceoparts.com\/fr\/wp-json\/wp\/v2\/product"}],"about":[{"href":"https:\/\/ceoparts.com\/fr\/wp-json\/wp\/v2\/types\/product"}],"wp:featuredmedia":[{"embeddable":true,"href":"https:\/\/ceoparts.com\/fr\/wp-json\/wp\/v2\/media\/14023"}],"wp:attachment":[{"href":"https:\/\/ceoparts.com\/fr\/wp-json\/wp\/v2\/media?parent=14022"}],"wp:term":[{"taxonomy":"product_brand","embeddable":true,"href":"https:\/\/ceoparts.com\/fr\/wp-json\/wp\/v2\/product_brand?post=14022"},{"taxonomy":"product_cat","embeddable":true,"href":"https:\/\/ceoparts.com\/fr\/wp-json\/wp\/v2\/product_cat?post=14022"},{"taxonomy":"product_tag","embeddable":true,"href":"https:\/\/ceoparts.com\/fr\/wp-json\/wp\/v2\/product_tag?post=14022"}],"curies":[{"name":"wp","href":"https:\/\/api.w.org\/{rel}","templated":true}]}}