{"id":14026,"date":"2025-02-07T14:53:32","date_gmt":"2025-02-07T11:53:32","guid":{"rendered":"https:\/\/ceoparts.com\/?post_type=product&#038;p=14026"},"modified":"2026-05-16T11:03:11","modified_gmt":"2026-05-16T08:03:11","slug":"linde-axles-and-pim-h50d-02-1894461003","status":"publish","type":"product","link":"https:\/\/ceoparts.com\/fr\/urun\/linde-axles-and-pim-h50d-02-1894461003\/","title":{"rendered":"Linde Axles And Pim- H50D-02-1894461003"},"content":{"rendered":"<p>Linde Axles And Pim- H50D-02-1894461003<\/p>\n","protected":false},"excerpt":{"rendered":"<p data-start=\"128\" data-end=\"364\"><br data-start=\"1709\" data-end=\"1712\" \/>Le kit Axles And Pim sp\u00e9cialement con\u00e7u pour le chariot \u00e9l\u00e9vateur Linde H50D-02 garantit un fonctionnement s\u00fbr et stable du m\u00e9canisme de direction et de transmission. Fabriqu\u00e9 avec des mat\u00e9riaux de haute qualit\u00e9 pour une utilisation durable et fiable.<\/p>\n<p data-start=\"1965\" data-end=\"2294\"><strong data-start=\"1965\" data-end=\"1987\">Caract\u00e9ristiques :<\/strong><br data-start=\"1987\" data-end=\"1990\" \/><strong data-start=\"1990\" data-end=\"2010\">Nom du produit :<\/strong> Linde Axles And Pim<br data-start=\"2030\" data-end=\"2033\" \/><strong data-start=\"2033\" data-end=\"2048\">R\u00e9f\u00e9rence :<\/strong> H50D-02-1894461003<br data-start=\"2067\" data-end=\"2070\" \/><strong data-start=\"2070\" data-end=\"2084\">Mat\u00e9riau :<\/strong> Acier haute r\u00e9sistance<br data-start=\"2107\" data-end=\"2110\" \/><strong data-start=\"2110\" data-end=\"2136\">Domaine d&#8217;utilisation:<\/strong> Syst\u00e8mes d\u2019essieux et de pivots pour chariots \u00e9l\u00e9vateurs Linde H50D-02<br data-start=\"2207\" data-end=\"2210\" \/><strong data-start=\"2210\" data-end=\"2223\">Avantage:<\/strong> Structure robuste, longue dur\u00e9e de vie, contr\u00f4le pr\u00e9cis des mouvements<\/p>\n<p data-start=\"2296\" data-end=\"2542\">\n","protected":false},"featured_media":14030,"template":"","meta":[],"product_brand":[],"product_cat":[246,464,467,523],"product_tag":[],"class_list":{"0":"post-14026","1":"product","2":"type-product","3":"status-publish","4":"has-post-thumbnail","6":"product_cat-linde","7":"product_cat-burc-ve-mill-grubu","8":"product_cat-mil-grubu","9":"product_cat-yedek-parca-linde","11":"first","12":"instock","13":"taxable","14":"shipping-taxable","15":"purchasable","16":"product-type-simple"},"_links":{"self":[{"href":"https:\/\/ceoparts.com\/fr\/wp-json\/wp\/v2\/product\/14026","targetHints":{"allow":["GET"]}}],"collection":[{"href":"https:\/\/ceoparts.com\/fr\/wp-json\/wp\/v2\/product"}],"about":[{"href":"https:\/\/ceoparts.com\/fr\/wp-json\/wp\/v2\/types\/product"}],"wp:featuredmedia":[{"embeddable":true,"href":"https:\/\/ceoparts.com\/fr\/wp-json\/wp\/v2\/media\/14030"}],"wp:attachment":[{"href":"https:\/\/ceoparts.com\/fr\/wp-json\/wp\/v2\/media?parent=14026"}],"wp:term":[{"taxonomy":"product_brand","embeddable":true,"href":"https:\/\/ceoparts.com\/fr\/wp-json\/wp\/v2\/product_brand?post=14026"},{"taxonomy":"product_cat","embeddable":true,"href":"https:\/\/ceoparts.com\/fr\/wp-json\/wp\/v2\/product_cat?post=14026"},{"taxonomy":"product_tag","embeddable":true,"href":"https:\/\/ceoparts.com\/fr\/wp-json\/wp\/v2\/product_tag?post=14026"}],"curies":[{"name":"wp","href":"https:\/\/api.w.org\/{rel}","templated":true}]}}