{"id":14031,"date":"2025-02-07T15:05:52","date_gmt":"2025-02-07T12:05:52","guid":{"rendered":"https:\/\/ceoparts.com\/?post_type=product&#038;p=14031"},"modified":"2026-05-16T15:13:32","modified_gmt":"2026-05-16T12:13:32","slug":"jungheinrich-axles-and-pim-50145892","status":"publish","type":"product","link":"https:\/\/ceoparts.com\/fr\/urun\/jungheinrich-axles-and-pim-50145892\/","title":{"rendered":"Jungheinrich Axles And Pim- 50145892"},"content":{"rendered":"<p>Jungheinrich Axles And Pim- 50145892<\/p>\n","protected":false},"excerpt":{"rendered":"<p data-start=\"132\" data-end=\"363\"><br data-start=\"1659\" data-end=\"1662\" \/>Le kit Axles And Pim, sp\u00e9cialement con\u00e7u pour les chariots \u00e9l\u00e9vateurs Jungheinrich, garantit un fonctionnement fluide et \u00e9quilibr\u00e9 du syst\u00e8me d&#8217;entra\u00eenement et de direction. Fabriqu\u00e9 avec des mat\u00e9riaux durables et de haute qualit\u00e9 pour une utilisation prolong\u00e9e.<\/p>\n<p data-start=\"1926\" data-end=\"2250\"><strong data-start=\"1926\" data-end=\"1948\">Caract\u00e9ristiques :<\/strong><br data-start=\"1948\" data-end=\"1951\" \/><strong data-start=\"1951\" data-end=\"1971\">Nom du produit :<\/strong> Jungheinrich Axles And Pim<br data-start=\"1998\" data-end=\"2001\" \/><strong data-start=\"2001\" data-end=\"2016\">R\u00e9f\u00e9rence :<\/strong> 50145892<br data-start=\"2025\" data-end=\"2028\" \/><strong data-start=\"2028\" data-end=\"2042\">Mat\u00e9riau :<\/strong> Acier haute r\u00e9sistance<br data-start=\"2065\" data-end=\"2068\" \/><strong data-start=\"2068\" data-end=\"2094\">Domaine d&#8217;utilisation:<\/strong> Syst\u00e8mes d\u2019essieux et de pivots pour chariots \u00e9l\u00e9vateurs Jungheinrich<br data-start=\"2164\" data-end=\"2167\" \/><strong data-start=\"2167\" data-end=\"2180\">Avantage:<\/strong> Structure solide, longue dur\u00e9e de vie, contr\u00f4le pr\u00e9cis des mouvements<\/p>\n<p data-start=\"2252\" data-end=\"2503\">\n","protected":false},"featured_media":14033,"template":"","meta":[],"product_brand":[],"product_cat":[236,464,467,522],"product_tag":[],"class_list":{"0":"post-14031","1":"product","2":"type-product","3":"status-publish","4":"has-post-thumbnail","6":"product_cat-jungheinrich","7":"product_cat-burc-ve-mill-grubu","8":"product_cat-mil-grubu","9":"product_cat-yedek-parca-jungheinrich","11":"first","12":"instock","13":"taxable","14":"shipping-taxable","15":"purchasable","16":"product-type-simple"},"_links":{"self":[{"href":"https:\/\/ceoparts.com\/fr\/wp-json\/wp\/v2\/product\/14031","targetHints":{"allow":["GET"]}}],"collection":[{"href":"https:\/\/ceoparts.com\/fr\/wp-json\/wp\/v2\/product"}],"about":[{"href":"https:\/\/ceoparts.com\/fr\/wp-json\/wp\/v2\/types\/product"}],"wp:featuredmedia":[{"embeddable":true,"href":"https:\/\/ceoparts.com\/fr\/wp-json\/wp\/v2\/media\/14033"}],"wp:attachment":[{"href":"https:\/\/ceoparts.com\/fr\/wp-json\/wp\/v2\/media?parent=14031"}],"wp:term":[{"taxonomy":"product_brand","embeddable":true,"href":"https:\/\/ceoparts.com\/fr\/wp-json\/wp\/v2\/product_brand?post=14031"},{"taxonomy":"product_cat","embeddable":true,"href":"https:\/\/ceoparts.com\/fr\/wp-json\/wp\/v2\/product_cat?post=14031"},{"taxonomy":"product_tag","embeddable":true,"href":"https:\/\/ceoparts.com\/fr\/wp-json\/wp\/v2\/product_tag?post=14031"}],"curies":[{"name":"wp","href":"https:\/\/api.w.org\/{rel}","templated":true}]}}