{"id":14041,"date":"2025-02-07T15:23:02","date_gmt":"2025-02-07T12:23:02","guid":{"rendered":"https:\/\/ceoparts.com\/?post_type=product&#038;p=14041"},"modified":"2026-05-16T15:27:30","modified_gmt":"2026-05-16T12:27:30","slug":"linde-direksiyon-aksonu-sol-16024530311","status":"publish","type":"product","link":"https:\/\/ceoparts.com\/fr\/urun\/linde-direksiyon-aksonu-sol-16024530311\/","title":{"rendered":"Linde Axe de Direction Gauche &#8211; 16024530311"},"content":{"rendered":"<p>Linde Axe de Direction Gauche &#8211; 16024530311<\/p>\n<p>LINDE<br \/>\n388 E35,40,45,50,<br \/>\n392 H20,H25,<br \/>\n393 H25,H30,H35(RH) forklift<br \/>\n388\/392\/393<\/p>","protected":false},"excerpt":{"rendered":"<p data-start=\"137\" data-end=\"360\"><br data-start=\"1588\" data-end=\"1591\" \/>L\u2019essieu de direction gauche pour chariots \u00e9l\u00e9vateurs Linde assure un fonctionnement fluide et s\u00e9curis\u00e9 du syst\u00e8me de direction. Sa structure solide et sa fabrication de qualit\u00e9 offrent une utilisation durable et fiable.<\/p>\n<p data-start=\"1813\" data-end=\"2128\"><strong data-start=\"1813\" data-end=\"1835\">Caract\u00e9ristiques :<\/strong><br data-start=\"1835\" data-end=\"1838\" \/><strong data-start=\"1838\" data-end=\"1858\">Nom du produit :<\/strong> Essieu de direction gauche Linde<br data-start=\"1891\" data-end=\"1894\" \/><strong data-start=\"1894\" data-end=\"1909\">R\u00e9f\u00e9rence :<\/strong> 16024530311<br data-start=\"1921\" data-end=\"1924\" \/><strong data-start=\"1924\" data-end=\"1938\">Mat\u00e9riau :<\/strong> Acier haute r\u00e9sistance<br data-start=\"1961\" data-end=\"1964\" \/><strong data-start=\"1964\" data-end=\"1990\">Domaine d&#8217;utilisation:<\/strong> Syst\u00e8mes de direction pour chariots \u00e9l\u00e9vateurs Linde<br data-start=\"2043\" data-end=\"2046\" \/><strong data-start=\"2046\" data-end=\"2059\">Avantage:<\/strong> Structure robuste, longue dur\u00e9e de vie, contr\u00f4le de direction pr\u00e9cis<\/p>\n<p data-start=\"2130\" data-end=\"2333\">\n","protected":false},"featured_media":14038,"template":"","meta":[],"product_brand":[],"product_cat":[246,450,523],"product_tag":[],"class_list":{"0":"post-14041","1":"product","2":"type-product","3":"status-publish","4":"has-post-thumbnail","6":"product_cat-linde","7":"product_cat-direksiyon-sistemleri","8":"product_cat-yedek-parca-linde","10":"first","11":"instock","12":"taxable","13":"shipping-taxable","14":"purchasable","15":"product-type-simple"},"_links":{"self":[{"href":"https:\/\/ceoparts.com\/fr\/wp-json\/wp\/v2\/product\/14041","targetHints":{"allow":["GET"]}}],"collection":[{"href":"https:\/\/ceoparts.com\/fr\/wp-json\/wp\/v2\/product"}],"about":[{"href":"https:\/\/ceoparts.com\/fr\/wp-json\/wp\/v2\/types\/product"}],"wp:featuredmedia":[{"embeddable":true,"href":"https:\/\/ceoparts.com\/fr\/wp-json\/wp\/v2\/media\/14038"}],"wp:attachment":[{"href":"https:\/\/ceoparts.com\/fr\/wp-json\/wp\/v2\/media?parent=14041"}],"wp:term":[{"taxonomy":"product_brand","embeddable":true,"href":"https:\/\/ceoparts.com\/fr\/wp-json\/wp\/v2\/product_brand?post=14041"},{"taxonomy":"product_cat","embeddable":true,"href":"https:\/\/ceoparts.com\/fr\/wp-json\/wp\/v2\/product_cat?post=14041"},{"taxonomy":"product_tag","embeddable":true,"href":"https:\/\/ceoparts.com\/fr\/wp-json\/wp\/v2\/product_tag?post=14041"}],"curies":[{"name":"wp","href":"https:\/\/api.w.org\/{rel}","templated":true}]}}