{"id":14042,"date":"2025-02-07T15:55:51","date_gmt":"2025-02-07T12:55:51","guid":{"rendered":"https:\/\/ceoparts.com\/?post_type=product&#038;p=14042"},"modified":"2026-05-16T12:09:55","modified_gmt":"2026-05-16T09:09:55","slug":"bt-toyota-cesab-lpe200-dayanma-kolu-31602464-7614527-7582100","status":"publish","type":"product","link":"https:\/\/ceoparts.com\/fr\/urun\/bt-toyota-cesab-lpe200-dayanma-kolu-31602464-7614527-7582100\/","title":{"rendered":"BT LPE200 Bras de R\u00e9sistance  &#8211; 31602464 ,7614527, 7582100"},"content":{"rendered":"<p>BT LPE200 Bras de R\u00e9sistance  &#8211; 31602464 ,7614527, 7582100<\/p>\n<p>BT Toyota Cesab Tube Bend Complete est adapt\u00e9 aux machines suivantes :<\/p>\n<ul>\n<li>Cesab P320 (\u00c0 partir des num\u00e9ros de s\u00e9rie 6500126)<\/li>\n<li>Cesab P322 (\u00c0 partir des num\u00e9ros de s\u00e9rie 6500126)<\/li>\n<\/ul>\n<p><\/p>","protected":false},"excerpt":{"rendered":"<p data-start=\"168\" data-end=\"407\"><br data-start=\"1877\" data-end=\"1880\" \/>L\u2019accoudoir pour chariots \u00e9l\u00e9vateurs BT, Toyota et Cesab LPE200 assure un travail s\u00e9curis\u00e9 et confortable \u00e0 l\u2019op\u00e9rateur. Sa structure robuste garantit une longue dur\u00e9e de vie et am\u00e9liore l\u2019ergonomie du contr\u00f4le du chariot.<\/p>\n<p data-start=\"2104\" data-end=\"2457\"><strong data-start=\"2104\" data-end=\"2126\">Caract\u00e9ristiques :<\/strong><br data-start=\"2126\" data-end=\"2129\" \/><strong data-start=\"2129\" data-end=\"2149\">Nom du produit :<\/strong> Accoudoir BT Toyota Cesab LPE200<br data-start=\"2182\" data-end=\"2185\" \/><strong data-start=\"2185\" data-end=\"2200\">R\u00e9f\u00e9rence :<\/strong> 31602464, 7614527, 7582100<br data-start=\"2227\" data-end=\"2230\" \/><strong data-start=\"2230\" data-end=\"2244\">Mat\u00e9riau :<\/strong> Combinaison de m\u00e9tal et plastique solide<br data-start=\"2285\" data-end=\"2288\" \/><strong data-start=\"2288\" data-end=\"2314\">Domaine d&#8217;utilisation:<\/strong> Syst\u00e8mes d\u2019accoudoirs pour chariots \u00e9l\u00e9vateurs BT, Toyota et Cesab LPE200<br data-start=\"2388\" data-end=\"2391\" \/><strong data-start=\"2391\" data-end=\"2404\">Avantage:<\/strong> Design ergonomique, mat\u00e9riau durable, montage facile<\/p>\n<p data-start=\"2459\" data-end=\"2664\">\n","protected":false},"featured_media":14044,"template":"","meta":[],"product_brand":[],"product_cat":[251,450,518,521,530],"product_tag":[],"class_list":{"0":"post-14042","1":"product","2":"type-product","3":"status-publish","4":"has-post-thumbnail","6":"product_cat-bt","7":"product_cat-direksiyon-sistemleri","8":"product_cat-yedek-parca-bt","9":"product_cat-toyota","10":"product_cat-yedek-parca-toyota","12":"first","13":"instock","14":"taxable","15":"shipping-taxable","16":"purchasable","17":"product-type-simple"},"_links":{"self":[{"href":"https:\/\/ceoparts.com\/fr\/wp-json\/wp\/v2\/product\/14042","targetHints":{"allow":["GET"]}}],"collection":[{"href":"https:\/\/ceoparts.com\/fr\/wp-json\/wp\/v2\/product"}],"about":[{"href":"https:\/\/ceoparts.com\/fr\/wp-json\/wp\/v2\/types\/product"}],"wp:featuredmedia":[{"embeddable":true,"href":"https:\/\/ceoparts.com\/fr\/wp-json\/wp\/v2\/media\/14044"}],"wp:attachment":[{"href":"https:\/\/ceoparts.com\/fr\/wp-json\/wp\/v2\/media?parent=14042"}],"wp:term":[{"taxonomy":"product_brand","embeddable":true,"href":"https:\/\/ceoparts.com\/fr\/wp-json\/wp\/v2\/product_brand?post=14042"},{"taxonomy":"product_cat","embeddable":true,"href":"https:\/\/ceoparts.com\/fr\/wp-json\/wp\/v2\/product_cat?post=14042"},{"taxonomy":"product_tag","embeddable":true,"href":"https:\/\/ceoparts.com\/fr\/wp-json\/wp\/v2\/product_tag?post=14042"}],"curies":[{"name":"wp","href":"https:\/\/api.w.org\/{rel}","templated":true}]}}