{"id":14063,"date":"2025-02-07T16:26:30","date_gmt":"2025-02-07T13:26:30","guid":{"rendered":"https:\/\/ceoparts.com\/?post_type=product&#038;p=14063"},"modified":"2026-05-06T15:21:23","modified_gmt":"2026-05-06T12:21:23","slug":"bt-toyota-cesab-lpe200-dayanma-kol-takimi-31602464-7614527-7582100","status":"publish","type":"product","link":"https:\/\/ceoparts.com\/fr\/urun\/bt-toyota-cesab-lpe200-dayanma-kol-takimi-31602464-7614527-7582100\/","title":{"rendered":"BT Toyota Cesab LPE200 Kit de Bras de R\u00e9sistance \u2013 31602464, 7614527, 7582100"},"content":{"rendered":"<p>BT Toyota Cesab LPE200 Kit de Bras de R\u00e9sistance \u2013 31602464, 7614527, 7582100<\/p>\n<p>BT Toyota Cesab Tube Bend Complete est adapt\u00e9 aux machines suivantes :<\/p>\n<ul>\n<li>Cesab P320 (\u00c0 partir des num\u00e9ros de s\u00e9rie 6500126)<\/li>\n<li>Cesab P322 (\u00c0 partir des num\u00e9ros de s\u00e9rie 6500126)<\/li>\n<\/ul>\n<p><\/p>","protected":false},"excerpt":{"rendered":"<p data-start=\"172\" data-end=\"362\"><br data-start=\"1700\" data-end=\"1703\" \/>Le kit accoudoir est sp\u00e9cialement con\u00e7u pour les mod\u00e8les BT, Toyota et Cesab LPE200, offrant confort et s\u00e9curit\u00e9 \u00e0 l&#8217;op\u00e9rateur. Fabriqu\u00e9 avec des mat\u00e9riaux durables pour une longue dur\u00e9e de vie.<\/p>\n<p data-start=\"1899\" data-end=\"2251\"><strong data-start=\"1899\" data-end=\"1921\">Caract\u00e9ristiques :<\/strong><br data-start=\"1921\" data-end=\"1924\" \/><strong data-start=\"1924\" data-end=\"1944\">Nom du produit :<\/strong> Kit accoudoir BT Toyota Cesab LPE200<br data-start=\"1981\" data-end=\"1984\" \/><strong data-start=\"1984\" data-end=\"1999\">R\u00e9f\u00e9rence :<\/strong> 31602464, 7614527, 7582100<br data-start=\"2026\" data-end=\"2029\" \/><strong data-start=\"2029\" data-end=\"2043\">Mat\u00e9riau :<\/strong> Alliage m\u00e9tallique robuste<br data-start=\"2070\" data-end=\"2073\" \/><strong data-start=\"2073\" data-end=\"2099\">Domaine d&#8217;utilisation:<\/strong> Syst\u00e8mes d&#8217;accoudoirs pour chariots \u00e9l\u00e9vateurs BT, Toyota et Cesab LPE200<br data-start=\"2173\" data-end=\"2176\" \/><strong data-start=\"2176\" data-end=\"2189\">Avantage:<\/strong> Design ergonomique, construction durable, installation facile<\/p>\n<p data-start=\"2253\" data-end=\"2451\">\n","protected":false},"featured_media":14065,"template":"","meta":[],"product_brand":[],"product_cat":[450,518,521,530,251],"product_tag":[],"class_list":{"0":"post-14063","1":"product","2":"type-product","3":"status-publish","4":"has-post-thumbnail","6":"product_cat-direksiyon-sistemleri","7":"product_cat-yedek-parca-bt","8":"product_cat-toyota","9":"product_cat-yedek-parca-toyota","10":"product_cat-bt","12":"first","13":"instock","14":"taxable","15":"shipping-taxable","16":"purchasable","17":"product-type-simple"},"_links":{"self":[{"href":"https:\/\/ceoparts.com\/fr\/wp-json\/wp\/v2\/product\/14063","targetHints":{"allow":["GET"]}}],"collection":[{"href":"https:\/\/ceoparts.com\/fr\/wp-json\/wp\/v2\/product"}],"about":[{"href":"https:\/\/ceoparts.com\/fr\/wp-json\/wp\/v2\/types\/product"}],"wp:featuredmedia":[{"embeddable":true,"href":"https:\/\/ceoparts.com\/fr\/wp-json\/wp\/v2\/media\/14065"}],"wp:attachment":[{"href":"https:\/\/ceoparts.com\/fr\/wp-json\/wp\/v2\/media?parent=14063"}],"wp:term":[{"taxonomy":"product_brand","embeddable":true,"href":"https:\/\/ceoparts.com\/fr\/wp-json\/wp\/v2\/product_brand?post=14063"},{"taxonomy":"product_cat","embeddable":true,"href":"https:\/\/ceoparts.com\/fr\/wp-json\/wp\/v2\/product_cat?post=14063"},{"taxonomy":"product_tag","embeddable":true,"href":"https:\/\/ceoparts.com\/fr\/wp-json\/wp\/v2\/product_tag?post=14063"}],"curies":[{"name":"wp","href":"https:\/\/api.w.org\/{rel}","templated":true}]}}