{"id":14070,"date":"2025-02-07T16:38:27","date_gmt":"2025-02-07T13:38:27","guid":{"rendered":"https:\/\/ceoparts.com\/?post_type=product&#038;p=14070"},"modified":"2026-05-16T19:52:24","modified_gmt":"2026-05-16T16:52:24","slug":"linde-karin-butonu-3005430303","status":"publish","type":"product","link":"https:\/\/ceoparts.com\/fr\/urun\/linde-karin-butonu-3005430303\/","title":{"rendered":"Linde Bouton Ventral &#8211; 3005430303"},"content":{"rendered":"<p>Linde Bouton Ventral &#8211; 3005430303<\/p>","protected":false},"excerpt":{"rendered":"<p data-start=\"110\" data-end=\"315\"><br data-start=\"1486\" data-end=\"1489\" \/>Le bouton abdominal Linde est sp\u00e9cialement con\u00e7u pour les chariots \u00e9l\u00e9vateurs Linde, aidant l&#8217;op\u00e9rateur \u00e0 contr\u00f4ler rapidement et en toute s\u00e9curit\u00e9. Fabriqu\u00e9 avec des mat\u00e9riaux durables pour une longue dur\u00e9e de vie.<\/p>\n<p data-start=\"1706\" data-end=\"2003\"><strong data-start=\"1706\" data-end=\"1728\">Caract\u00e9ristiques :<\/strong><br data-start=\"1728\" data-end=\"1731\" \/><strong data-start=\"1731\" data-end=\"1751\">Nom du produit :<\/strong> Bouton abdominal Linde<br data-start=\"1774\" data-end=\"1777\" \/><strong data-start=\"1777\" data-end=\"1792\">R\u00e9f\u00e9rence :<\/strong> 3005430303<br data-start=\"1803\" data-end=\"1806\" \/><strong data-start=\"1806\" data-end=\"1820\">Mat\u00e9riau :<\/strong> Composants robustes en plastique et m\u00e9tal<br data-start=\"1862\" data-end=\"1865\" \/><strong data-start=\"1865\" data-end=\"1891\">Domaine d&#8217;utilisation:<\/strong> Syst\u00e8mes de contr\u00f4le pour chariots \u00e9l\u00e9vateurs<br data-start=\"1937\" data-end=\"1940\" \/><strong data-start=\"1940\" data-end=\"1953\">Avantage:<\/strong> Facile \u00e0 utiliser, design durable, r\u00e9ponse rapide<\/p>\n<p data-start=\"2005\" data-end=\"2192\">\n","protected":false},"featured_media":14071,"template":"","meta":[],"product_brand":[],"product_cat":[246,451,454,523],"product_tag":[],"class_list":{"0":"post-14070","1":"product","2":"type-product","3":"status-publish","4":"has-post-thumbnail","6":"product_cat-linde","7":"product_cat-aksesuar-grubu","8":"product_cat-switch-ve-buton","9":"product_cat-yedek-parca-linde","11":"first","12":"instock","13":"taxable","14":"shipping-taxable","15":"purchasable","16":"product-type-simple"},"_links":{"self":[{"href":"https:\/\/ceoparts.com\/fr\/wp-json\/wp\/v2\/product\/14070","targetHints":{"allow":["GET"]}}],"collection":[{"href":"https:\/\/ceoparts.com\/fr\/wp-json\/wp\/v2\/product"}],"about":[{"href":"https:\/\/ceoparts.com\/fr\/wp-json\/wp\/v2\/types\/product"}],"wp:featuredmedia":[{"embeddable":true,"href":"https:\/\/ceoparts.com\/fr\/wp-json\/wp\/v2\/media\/14071"}],"wp:attachment":[{"href":"https:\/\/ceoparts.com\/fr\/wp-json\/wp\/v2\/media?parent=14070"}],"wp:term":[{"taxonomy":"product_brand","embeddable":true,"href":"https:\/\/ceoparts.com\/fr\/wp-json\/wp\/v2\/product_brand?post=14070"},{"taxonomy":"product_cat","embeddable":true,"href":"https:\/\/ceoparts.com\/fr\/wp-json\/wp\/v2\/product_cat?post=14070"},{"taxonomy":"product_tag","embeddable":true,"href":"https:\/\/ceoparts.com\/fr\/wp-json\/wp\/v2\/product_tag?post=14070"}],"curies":[{"name":"wp","href":"https:\/\/api.w.org\/{rel}","templated":true}]}}