{"id":14075,"date":"2025-02-07T16:57:33","date_gmt":"2025-02-07T13:57:33","guid":{"rendered":"https:\/\/ceoparts.com\/?post_type=product&#038;p=14075"},"modified":"2026-05-16T19:52:16","modified_gmt":"2026-05-16T16:52:16","slug":"230x90-45-ceoparts-kaymaz-yuk-tekeri","status":"publish","type":"product","link":"https:\/\/ceoparts.com\/fr\/urun\/230x90-45-ceoparts-kaymaz-yuk-tekeri\/","title":{"rendered":"230&#215;90-45 Ceoparts Roue de marche antid\u00e9rapante &#8211; 0039933826, 0039933800"},"content":{"rendered":"<p>230&#215;90-45 Ceoparts Roue de marche antid\u00e9rapante &#8211; 0039933826, 0039933800<\/p>\n<p>230&#215;90-45 Ceoparts Roue de marche antid\u00e9rapante &#8211; 0039933826, 0039933800<\/p>\n<div class=\"font12\">Linde:<\/div>\n<div class=\"font12\"><\/div>\n<div class=\"font12\">Vulkollan 0039933800<\/div>\n<div class=\"font12\">OEM Stellana<\/div>\n<div class=\"font12\"><\/div>\n<div class=\"font12\">372\u00a0L14\/16<br \/>\n372\u00a0L14\/16\/L14AP\/16AP<\/div>\n<div class=\"font12\">1173 L14\/L16<\/div>\n<div class=\"font12\"><\/div>\n<div class=\"font12\">Still 0039933826<\/div>\n<div class=\"font12\"><\/div>\n<div class=\"font12\">EXH 25-30 EXH-SF 20-25 (2360-2363)<\/div>\n<p><\/p>","protected":false},"excerpt":{"rendered":"<div>\n<p data-start=\"166\" data-end=\"368\"><br data-start=\"1702\" data-end=\"1705\" \/>La roue motrice antid\u00e9rapante Ceoparts 230\u00d790-45 offre une excellente adh\u00e9rence et durabilit\u00e9 pour les chariots \u00e9l\u00e9vateurs et les machines industrielles. Sa surface antid\u00e9rapante assure une utilisation s\u00fbre sur des terrains difficiles.<\/p>\n<p data-start=\"1942\" data-end=\"2300\"><strong data-start=\"1942\" data-end=\"1964\">Caract\u00e9ristiques :<\/strong><br data-start=\"1964\" data-end=\"1967\" \/><strong data-start=\"1967\" data-end=\"1987\">Nom du produit :<\/strong> Roue motrice antid\u00e9rapante Ceoparts 230\u00d790-45<br data-start=\"2033\" data-end=\"2036\" \/><strong data-start=\"2036\" data-end=\"2051\">R\u00e9f\u00e9rence :<\/strong> 0039933826, 0039933800<br data-start=\"2074\" data-end=\"2077\" \/><strong data-start=\"2077\" data-end=\"2091\">Mat\u00e9riau :<\/strong> Caoutchouc durable et moyeu m\u00e9tallique<br data-start=\"2130\" data-end=\"2133\" \/><strong data-start=\"2133\" data-end=\"2159\">Domaine d&#8217;utilisation:<\/strong> Roue motrice pour chariots \u00e9l\u00e9vateurs et machines industrielles<br data-start=\"2223\" data-end=\"2226\" \/><strong data-start=\"2226\" data-end=\"2239\">Avantage:<\/strong> Surface antid\u00e9rapante, haute durabilit\u00e9, longue dur\u00e9e de vie<\/p>\n<p data-start=\"2302\" data-end=\"2561\">\n","protected":false},"featured_media":14076,"template":"","meta":[],"product_brand":[],"product_cat":[249,395,397,241,244,246,193],"product_tag":[],"class_list":{"0":"post-14075","1":"product","2":"type-product","3":"status-publish","4":"has-post-thumbnail","6":"product_cat-yuruyus-tekeri-linde","7":"product_cat-ceoparts","8":"product_cat-yuruyus-tekeri-ceo","9":"product_cat-still","10":"product_cat-yuruyus-tekeri-still","11":"product_cat-linde","12":"product_cat-yuruyus-tekeri","14":"first","15":"instock","16":"taxable","17":"shipping-taxable","18":"purchasable","19":"product-type-simple"},"_links":{"self":[{"href":"https:\/\/ceoparts.com\/fr\/wp-json\/wp\/v2\/product\/14075","targetHints":{"allow":["GET"]}}],"collection":[{"href":"https:\/\/ceoparts.com\/fr\/wp-json\/wp\/v2\/product"}],"about":[{"href":"https:\/\/ceoparts.com\/fr\/wp-json\/wp\/v2\/types\/product"}],"wp:featuredmedia":[{"embeddable":true,"href":"https:\/\/ceoparts.com\/fr\/wp-json\/wp\/v2\/media\/14076"}],"wp:attachment":[{"href":"https:\/\/ceoparts.com\/fr\/wp-json\/wp\/v2\/media?parent=14075"}],"wp:term":[{"taxonomy":"product_brand","embeddable":true,"href":"https:\/\/ceoparts.com\/fr\/wp-json\/wp\/v2\/product_brand?post=14075"},{"taxonomy":"product_cat","embeddable":true,"href":"https:\/\/ceoparts.com\/fr\/wp-json\/wp\/v2\/product_cat?post=14075"},{"taxonomy":"product_tag","embeddable":true,"href":"https:\/\/ceoparts.com\/fr\/wp-json\/wp\/v2\/product_tag?post=14075"}],"curies":[{"name":"wp","href":"https:\/\/api.w.org\/{rel}","templated":true}]}}