{"id":14080,"date":"2025-02-07T17:32:01","date_gmt":"2025-02-07T14:32:01","guid":{"rendered":"https:\/\/ceoparts.com\/?post_type=product&#038;p=14080"},"modified":"2026-05-16T14:39:42","modified_gmt":"2026-05-16T11:39:42","slug":"linde-kol-tesisat-kablosu-1173-l16-3093810449","status":"publish","type":"product","link":"https:\/\/ceoparts.com\/fr\/urun\/linde-kol-tesisat-kablosu-1173-l16-3093810449\/","title":{"rendered":"Linde C\u00e2ble de C\u00e2blage de Bras 1173 L16 &#8211; 3093810449"},"content":{"rendered":"<p>Linde C\u00e2ble de C\u00e2blage de Bras 1173 L16 &#8211; 3093810449<\/p>","protected":false},"excerpt":{"rendered":"<p data-start=\"142\" data-end=\"380\"><br data-start=\"1760\" data-end=\"1763\" \/>Le c\u00e2ble de c\u00e2blage de bras Linde 1173 L16 est sp\u00e9cialement con\u00e7u pour les chariots \u00e9l\u00e9vateurs Linde. Fabriqu\u00e9 \u00e0 partir de mat\u00e9riaux de haute qualit\u00e9, il garantit des connexions \u00e9lectriques s\u00fbres et fiables. Sa construction durable offre une longue dur\u00e9e de vie.<\/p>\n<p data-start=\"2027\" data-end=\"2365\"><strong data-start=\"2027\" data-end=\"2049\">Caract\u00e9ristiques :<\/strong><br data-start=\"2049\" data-end=\"2052\" \/><strong data-start=\"2052\" data-end=\"2072\">Nom du produit :<\/strong> C\u00e2ble de c\u00e2blage de bras Linde 1173 L16<br data-start=\"2112\" data-end=\"2115\" \/><strong data-start=\"2115\" data-end=\"2130\">R\u00e9f\u00e9rence :<\/strong> 3093810449<br data-start=\"2141\" data-end=\"2144\" \/><strong data-start=\"2144\" data-end=\"2158\">Mat\u00e9riau :<\/strong> C\u00e2ble en cuivre isol\u00e9 de haute qualit\u00e9<br data-start=\"2197\" data-end=\"2200\" \/><strong data-start=\"2200\" data-end=\"2226\">Domaine d&#8217;utilisation:<\/strong> C\u00e2blage \u00e9lectrique pour chariots \u00e9l\u00e9vateurs Linde<br data-start=\"2276\" data-end=\"2279\" \/><strong data-start=\"2279\" data-end=\"2292\">Avantage:<\/strong> Durable, flexible, longue dur\u00e9e de vie et connexion \u00e9lectrique s\u00e9curis\u00e9e<\/p>\n<p data-start=\"2367\" data-end=\"2623\">\n","protected":false},"featured_media":14081,"template":"","meta":[],"product_brand":[],"product_cat":[246,469,523],"product_tag":[],"class_list":{"0":"post-14080","1":"product","2":"type-product","3":"status-publish","4":"has-post-thumbnail","6":"product_cat-linde","7":"product_cat-elektrik-ve-sistem-parcalari","8":"product_cat-yedek-parca-linde","10":"first","11":"instock","12":"taxable","13":"shipping-taxable","14":"purchasable","15":"product-type-simple"},"_links":{"self":[{"href":"https:\/\/ceoparts.com\/fr\/wp-json\/wp\/v2\/product\/14080","targetHints":{"allow":["GET"]}}],"collection":[{"href":"https:\/\/ceoparts.com\/fr\/wp-json\/wp\/v2\/product"}],"about":[{"href":"https:\/\/ceoparts.com\/fr\/wp-json\/wp\/v2\/types\/product"}],"wp:featuredmedia":[{"embeddable":true,"href":"https:\/\/ceoparts.com\/fr\/wp-json\/wp\/v2\/media\/14081"}],"wp:attachment":[{"href":"https:\/\/ceoparts.com\/fr\/wp-json\/wp\/v2\/media?parent=14080"}],"wp:term":[{"taxonomy":"product_brand","embeddable":true,"href":"https:\/\/ceoparts.com\/fr\/wp-json\/wp\/v2\/product_brand?post=14080"},{"taxonomy":"product_cat","embeddable":true,"href":"https:\/\/ceoparts.com\/fr\/wp-json\/wp\/v2\/product_cat?post=14080"},{"taxonomy":"product_tag","embeddable":true,"href":"https:\/\/ceoparts.com\/fr\/wp-json\/wp\/v2\/product_tag?post=14080"}],"curies":[{"name":"wp","href":"https:\/\/api.w.org\/{rel}","templated":true}]}}