{"id":14084,"date":"2025-02-07T17:41:48","date_gmt":"2025-02-07T14:41:48","guid":{"rendered":"https:\/\/ceoparts.com\/?post_type=product&#038;p=14084"},"modified":"2026-05-16T15:08:27","modified_gmt":"2026-05-16T12:08:27","slug":"kontak-anahtari-baoli-heli-tcn-genis-baslik","status":"publish","type":"product","link":"https:\/\/ceoparts.com\/fr\/urun\/kontak-anahtari-baoli-heli-tcn-genis-baslik\/","title":{"rendered":"Commutateur d&#8217;allumage Baoli Heli 4 prises"},"content":{"rendered":"<p>Commutateur d&#8217;allumage Baoli Heli 4 prises<\/p>","protected":false},"excerpt":{"rendered":"<p data-start=\"163\" data-end=\"369\"><br data-start=\"1741\" data-end=\"1744\" \/>L&#8217;interrupteur d&#8217;allumage \u00e0 t\u00eate large avec 4 broches est con\u00e7u pour les chariots \u00e9l\u00e9vateurs Baoli, Heli et TCM, garantissant un fonctionnement s\u00fbr et fluide. Fabriqu\u00e9 avec des mat\u00e9riaux durables pour une longue dur\u00e9e de vie.<\/p>\n<p data-start=\"1971\" data-end=\"2339\"><strong data-start=\"1971\" data-end=\"1993\">Caract\u00e9ristiques :<\/strong><br data-start=\"1993\" data-end=\"1996\" \/><strong data-start=\"1996\" data-end=\"2016\">Nom du produit :<\/strong> Interrupteur d&#8217;allumage \u00e0 t\u00eate large Baoli Heli TCM 4 broches<br data-start=\"2078\" data-end=\"2081\" \/><strong data-start=\"2081\" data-end=\"2096\">R\u00e9f\u00e9rence :<\/strong> \u2013<br data-start=\"2098\" data-end=\"2101\" \/><strong data-start=\"2101\" data-end=\"2115\">Mat\u00e9riau :<\/strong> Composants m\u00e9talliques et plastiques robustes<br data-start=\"2161\" data-end=\"2164\" \/><strong data-start=\"2164\" data-end=\"2190\">Domaine d&#8217;utilisation:<\/strong> Syst\u00e8mes d&#8217;allumage pour chariots \u00e9l\u00e9vateurs Baoli, Heli et TCM<br data-start=\"2254\" data-end=\"2257\" \/><strong data-start=\"2257\" data-end=\"2270\">Avantage:<\/strong> Conception \u00e0 t\u00eate large, installation facile et construction durable<\/p>\n<p data-start=\"2341\" data-end=\"2564\">\n","protected":false},"featured_media":14086,"template":"","meta":[],"product_brand":[],"product_cat":[469],"product_tag":[],"class_list":{"0":"post-14084","1":"product","2":"type-product","3":"status-publish","4":"has-post-thumbnail","6":"product_cat-elektrik-ve-sistem-parcalari","8":"first","9":"instock","10":"taxable","11":"shipping-taxable","12":"purchasable","13":"product-type-simple"},"_links":{"self":[{"href":"https:\/\/ceoparts.com\/fr\/wp-json\/wp\/v2\/product\/14084","targetHints":{"allow":["GET"]}}],"collection":[{"href":"https:\/\/ceoparts.com\/fr\/wp-json\/wp\/v2\/product"}],"about":[{"href":"https:\/\/ceoparts.com\/fr\/wp-json\/wp\/v2\/types\/product"}],"wp:featuredmedia":[{"embeddable":true,"href":"https:\/\/ceoparts.com\/fr\/wp-json\/wp\/v2\/media\/14086"}],"wp:attachment":[{"href":"https:\/\/ceoparts.com\/fr\/wp-json\/wp\/v2\/media?parent=14084"}],"wp:term":[{"taxonomy":"product_brand","embeddable":true,"href":"https:\/\/ceoparts.com\/fr\/wp-json\/wp\/v2\/product_brand?post=14084"},{"taxonomy":"product_cat","embeddable":true,"href":"https:\/\/ceoparts.com\/fr\/wp-json\/wp\/v2\/product_cat?post=14084"},{"taxonomy":"product_tag","embeddable":true,"href":"https:\/\/ceoparts.com\/fr\/wp-json\/wp\/v2\/product_tag?post=14084"}],"curies":[{"name":"wp","href":"https:\/\/api.w.org\/{rel}","templated":true}]}}