{"id":14089,"date":"2025-02-08T09:06:06","date_gmt":"2025-02-08T06:06:06","guid":{"rendered":"https:\/\/ceoparts.com\/?post_type=product&#038;p=14089"},"modified":"2026-05-16T15:28:40","modified_gmt":"2026-05-16T12:28:40","slug":"silecek-motoru-12v-50032308","status":"publish","type":"product","link":"https:\/\/ceoparts.com\/fr\/urun\/silecek-motoru-12v-50032308\/","title":{"rendered":"Moteur d&#8217;essuie-glace 12V &#8211; 50032308"},"content":{"rendered":"<p>Moteur d&#8217;essuie-glace 12V &#8211; 50032308<\/p>","protected":false},"excerpt":{"rendered":"<p data-start=\"108\" data-end=\"263\"><br data-start=\"1373\" data-end=\"1376\" \/>Le moteur d&#8217;essuie-glace 12V offre une performance efficace et silencieuse dans les v\u00e9hicules. Une construction durable assure une longue dur\u00e9e de vie.<\/p>\n<p data-start=\"1529\" data-end=\"1875\"><strong data-start=\"1529\" data-end=\"1551\">Caract\u00e9ristiques :<\/strong><br data-start=\"1551\" data-end=\"1554\" \/><strong data-start=\"1554\" data-end=\"1574\">Nom du produit :<\/strong> Moteur d&#8217;essuie-glace 12V<br data-start=\"1600\" data-end=\"1603\" \/><strong data-start=\"1603\" data-end=\"1618\">R\u00e9f\u00e9rence :<\/strong> 50032308<br data-start=\"1627\" data-end=\"1630\" \/><strong data-start=\"1630\" data-end=\"1644\">Mat\u00e9riau :<\/strong> Composants m\u00e9talliques et plastiques robustes<br data-start=\"1690\" data-end=\"1693\" \/><strong data-start=\"1693\" data-end=\"1719\">Domaine d&#8217;utilisation:<\/strong> Syst\u00e8mes d&#8217;essuie-glace pour chariots \u00e9l\u00e9vateurs et machines industrielles<br data-start=\"1794\" data-end=\"1797\" \/><strong data-start=\"1797\" data-end=\"1810\">Avantage:<\/strong> Fonctionnement silencieux, haute performance, conception durable<\/p>\n<p data-start=\"1877\" data-end=\"2050\">\n","protected":false},"featured_media":14090,"template":"","meta":[],"product_brand":[],"product_cat":[469],"product_tag":[],"class_list":{"0":"post-14089","1":"product","2":"type-product","3":"status-publish","4":"has-post-thumbnail","6":"product_cat-elektrik-ve-sistem-parcalari","8":"first","9":"instock","10":"taxable","11":"shipping-taxable","12":"purchasable","13":"product-type-simple"},"_links":{"self":[{"href":"https:\/\/ceoparts.com\/fr\/wp-json\/wp\/v2\/product\/14089","targetHints":{"allow":["GET"]}}],"collection":[{"href":"https:\/\/ceoparts.com\/fr\/wp-json\/wp\/v2\/product"}],"about":[{"href":"https:\/\/ceoparts.com\/fr\/wp-json\/wp\/v2\/types\/product"}],"wp:featuredmedia":[{"embeddable":true,"href":"https:\/\/ceoparts.com\/fr\/wp-json\/wp\/v2\/media\/14090"}],"wp:attachment":[{"href":"https:\/\/ceoparts.com\/fr\/wp-json\/wp\/v2\/media?parent=14089"}],"wp:term":[{"taxonomy":"product_brand","embeddable":true,"href":"https:\/\/ceoparts.com\/fr\/wp-json\/wp\/v2\/product_brand?post=14089"},{"taxonomy":"product_cat","embeddable":true,"href":"https:\/\/ceoparts.com\/fr\/wp-json\/wp\/v2\/product_cat?post=14089"},{"taxonomy":"product_tag","embeddable":true,"href":"https:\/\/ceoparts.com\/fr\/wp-json\/wp\/v2\/product_tag?post=14089"}],"curies":[{"name":"wp","href":"https:\/\/api.w.org\/{rel}","templated":true}]}}