{"id":14094,"date":"2025-02-08T09:27:17","date_gmt":"2025-02-08T06:27:17","guid":{"rendered":"https:\/\/ceoparts.com\/?post_type=product&#038;p=14094"},"modified":"2026-05-03T17:11:06","modified_gmt":"2026-05-03T14:11:06","slug":"stil-acil-stop-butonu-h5528-zjk300a","status":"publish","type":"product","link":"https:\/\/ceoparts.com\/fr\/urun\/stil-acil-stop-butonu-h5528-zjk300a\/","title":{"rendered":"Bouton d&#8217;arr\u00eat d&#8217;urgence Style H5528 &#8211; ZJK300A"},"content":{"rendered":"<p>Bouton d&#8217;arr\u00eat d&#8217;urgence Style H5528 &#8211; ZJK300A<\/p>","protected":false},"excerpt":{"rendered":"<p data-start=\"125\" data-end=\"315\"><br data-start=\"1640\" data-end=\"1643\" \/>Le bouton d&#8217;arr\u00eat d&#8217;urgence Stil H5528 offre un arr\u00eat s\u00fbr et rapide pour les chariots \u00e9l\u00e9vateurs et les machines industrielles. Les mat\u00e9riaux durables garantissent une longue dur\u00e9e de vie. Compatible avec le code ZJK300A.<\/p>\n<p data-start=\"1866\" data-end=\"2210\"><strong data-start=\"1866\" data-end=\"1888\">Caract\u00e9ristiques :<\/strong><br data-start=\"1888\" data-end=\"1891\" \/><strong data-start=\"1891\" data-end=\"1911\">Nom du produit :<\/strong> Bouton d&#8217;arr\u00eat d&#8217;urgence Stil H5528<br data-start=\"1947\" data-end=\"1950\" \/><strong data-start=\"1950\" data-end=\"1965\">R\u00e9f\u00e9rence :<\/strong> ZJK300A<br data-start=\"1973\" data-end=\"1976\" \/><strong data-start=\"1976\" data-end=\"1990\">Mat\u00e9riau :<\/strong> Composants robustes en plastique et m\u00e9tal<br data-start=\"2032\" data-end=\"2035\" \/><strong data-start=\"2035\" data-end=\"2061\">Domaine d&#8217;utilisation:<\/strong> Syst\u00e8me d&#8217;arr\u00eat d&#8217;urgence pour chariots \u00e9l\u00e9vateurs et machines industrielles<br data-start=\"2138\" data-end=\"2141\" \/><strong data-start=\"2141\" data-end=\"2154\">Avantage:<\/strong> R\u00e9ponse rapide, arr\u00eat s\u00fbr, design durable et compatible<\/p>\n<p data-start=\"2212\" data-end=\"2421\">\n","protected":false},"featured_media":14100,"template":"","meta":[],"product_brand":[],"product_cat":[469],"product_tag":[],"class_list":{"0":"post-14094","1":"product","2":"type-product","3":"status-publish","4":"has-post-thumbnail","6":"product_cat-elektrik-ve-sistem-parcalari","8":"first","9":"instock","10":"taxable","11":"shipping-taxable","12":"purchasable","13":"product-type-simple"},"_links":{"self":[{"href":"https:\/\/ceoparts.com\/fr\/wp-json\/wp\/v2\/product\/14094","targetHints":{"allow":["GET"]}}],"collection":[{"href":"https:\/\/ceoparts.com\/fr\/wp-json\/wp\/v2\/product"}],"about":[{"href":"https:\/\/ceoparts.com\/fr\/wp-json\/wp\/v2\/types\/product"}],"wp:featuredmedia":[{"embeddable":true,"href":"https:\/\/ceoparts.com\/fr\/wp-json\/wp\/v2\/media\/14100"}],"wp:attachment":[{"href":"https:\/\/ceoparts.com\/fr\/wp-json\/wp\/v2\/media?parent=14094"}],"wp:term":[{"taxonomy":"product_brand","embeddable":true,"href":"https:\/\/ceoparts.com\/fr\/wp-json\/wp\/v2\/product_brand?post=14094"},{"taxonomy":"product_cat","embeddable":true,"href":"https:\/\/ceoparts.com\/fr\/wp-json\/wp\/v2\/product_cat?post=14094"},{"taxonomy":"product_tag","embeddable":true,"href":"https:\/\/ceoparts.com\/fr\/wp-json\/wp\/v2\/product_tag?post=14094"}],"curies":[{"name":"wp","href":"https:\/\/api.w.org\/{rel}","templated":true}]}}