{"id":14103,"date":"2025-02-08T09:45:24","date_gmt":"2025-02-08T06:45:24","guid":{"rendered":"https:\/\/ceoparts.com\/?post_type=product&#038;p=14103"},"modified":"2026-05-16T10:52:03","modified_gmt":"2026-05-16T07:52:03","slug":"kontak-anahtari-linde-monitou-9-fisli-701-80184-701-45500-70145500-85804674","status":"publish","type":"product","link":"https:\/\/ceoparts.com\/fr\/urun\/kontak-anahtari-linde-monitou-9-fisli-701-80184-701-45500-70145500-85804674\/","title":{"rendered":"Commutateur d&#8217;allumage Linde Monitou 9 broches &#8211; 701\/80184 701\/45500 70145500 85804674"},"content":{"rendered":"<p>Commutateur d&#8217;allumage Linde Monitou 9 broches &#8211; 701\/80184 701\/45500 70145500 85804674<\/p>\n<p>JCB Beko Y\u00fckleyici I CX, 2018 i\u00e7in; JCB beko y\u00fckleyici 2CX, 210, 212,MIDI CX;<br \/>\nBeko Loder 3CX, 4CX, 5CX, 214, 215, 217<\/p>\n<p>Deutz-Fahr D 6006D 6007D 6206D 6207D 6507D 6806D 6807D 6907D 7006D 7007D 7206D 7207D 7807<\/p>\n<p>Manitou 01171659 01176269 04350834<\/p>\n<p>Case IH 1055 (55 Serisi)1055XL1056 (56 Serisi)1056XL1255 (55 Serisi)1455 (55 Serisi)485 (85 Serisi)<br \/>\n485XL585 (85 Utility Serisi)585XL685 (85 Serisi)685XL743 (43 Serisi)743 (Uluslararas\u0131)745<br \/>\n(45 Serisi)745 (Uluslararas\u0131)785 (85 Serisi)785 (Uluslararas\u0131)785XL844 (44 Serisi)845 (45 Serisi)<br \/>\n856 (56 Serisi)885 (85 Serisi)885XL955 (55 Serisi)955XL956 (56 Serisi<\/p>","protected":false},"excerpt":{"rendered":"<p data-start=\"178\" data-end=\"370\"><br data-start=\"1752\" data-end=\"1755\" \/>L&#8217;interrupteur d&#8217;allumage 9 broches est con\u00e7u pour les chariots \u00e9l\u00e9vateurs Linde et Monitou, garantissant un fonctionnement s\u00fbr et fluide du v\u00e9hicule. Fabriqu\u00e9 avec des mat\u00e9riaux durables pour une longue dur\u00e9e de vie.<\/p>\n<p data-start=\"1974\" data-end=\"2352\"><strong data-start=\"1974\" data-end=\"1996\">Caract\u00e9ristiques :<\/strong><br data-start=\"1996\" data-end=\"1999\" \/><strong data-start=\"1999\" data-end=\"2019\">Nom du produit :<\/strong> Interrupteur d&#8217;allumage 9 broches Linde Monitou<br data-start=\"2067\" data-end=\"2070\" \/><strong data-start=\"2070\" data-end=\"2085\">R\u00e9f\u00e9rence :<\/strong> 701\/80184, 701\/45500, 70145500, 85804674<br data-start=\"2126\" data-end=\"2129\" \/><strong data-start=\"2129\" data-end=\"2143\">Mat\u00e9riau :<\/strong> Composants m\u00e9talliques et plastiques durables<br data-start=\"2189\" data-end=\"2192\" \/><strong data-start=\"2192\" data-end=\"2218\">Domaine d&#8217;utilisation:<\/strong> Syst\u00e8mes d&#8217;allumage pour chariots \u00e9l\u00e9vateurs Linde et Monitou<br data-start=\"2280\" data-end=\"2283\" \/><strong data-start=\"2283\" data-end=\"2296\">Avantage:<\/strong> Utilisation s\u00fbre, design robuste et installation facile<\/p>\n<p data-start=\"2354\" data-end=\"2555\">\n","protected":false},"featured_media":14108,"template":"","meta":[],"product_brand":[],"product_cat":[246,469,523],"product_tag":[],"class_list":{"0":"post-14103","1":"product","2":"type-product","3":"status-publish","4":"has-post-thumbnail","6":"product_cat-linde","7":"product_cat-elektrik-ve-sistem-parcalari","8":"product_cat-yedek-parca-linde","10":"first","11":"instock","12":"taxable","13":"shipping-taxable","14":"purchasable","15":"product-type-simple"},"_links":{"self":[{"href":"https:\/\/ceoparts.com\/fr\/wp-json\/wp\/v2\/product\/14103","targetHints":{"allow":["GET"]}}],"collection":[{"href":"https:\/\/ceoparts.com\/fr\/wp-json\/wp\/v2\/product"}],"about":[{"href":"https:\/\/ceoparts.com\/fr\/wp-json\/wp\/v2\/types\/product"}],"wp:featuredmedia":[{"embeddable":true,"href":"https:\/\/ceoparts.com\/fr\/wp-json\/wp\/v2\/media\/14108"}],"wp:attachment":[{"href":"https:\/\/ceoparts.com\/fr\/wp-json\/wp\/v2\/media?parent=14103"}],"wp:term":[{"taxonomy":"product_brand","embeddable":true,"href":"https:\/\/ceoparts.com\/fr\/wp-json\/wp\/v2\/product_brand?post=14103"},{"taxonomy":"product_cat","embeddable":true,"href":"https:\/\/ceoparts.com\/fr\/wp-json\/wp\/v2\/product_cat?post=14103"},{"taxonomy":"product_tag","embeddable":true,"href":"https:\/\/ceoparts.com\/fr\/wp-json\/wp\/v2\/product_tag?post=14103"}],"curies":[{"name":"wp","href":"https:\/\/api.w.org\/{rel}","templated":true}]}}