{"id":14115,"date":"2025-02-08T12:15:10","date_gmt":"2025-02-08T09:15:10","guid":{"rendered":"https:\/\/ceoparts.com\/?post_type=product&#038;p=14115"},"modified":"2026-05-16T15:04:07","modified_gmt":"2026-05-16T12:04:07","slug":"kontak-anahtari-baoli-heli-cin-3-soket","status":"publish","type":"product","link":"https:\/\/ceoparts.com\/fr\/urun\/kontak-anahtari-baoli-heli-cin-3-soket\/","title":{"rendered":"Commutateur d&#8217;allumage Baoli Heli Chine 3 prises"},"content":{"rendered":"<p>Commutateur d&#8217;allumage Baoli Heli Chine 3 prises<\/p>","protected":false},"excerpt":{"rendered":"<p data-start=\"137\" data-end=\"330\"><br data-start=\"1591\" data-end=\"1594\" \/>L&#8217;interrupteur d&#8217;allumage 3 broches est con\u00e7u pour les chariots \u00e9l\u00e9vateurs Baoli et Heli fabriqu\u00e9s en Chine, garantissant un fonctionnement s\u00fbr et fluide. Fabriqu\u00e9 avec des mat\u00e9riaux durables pour une longue dur\u00e9e de vie.<\/p>\n<p data-start=\"1817\" data-end=\"2161\"><strong data-start=\"1817\" data-end=\"1839\">Caract\u00e9ristiques :<\/strong><br data-start=\"1839\" data-end=\"1842\" \/><strong data-start=\"1842\" data-end=\"1862\">Nom du produit :<\/strong> Interrupteur d&#8217;allumage 3 broches Baoli Heli Chine<br data-start=\"1913\" data-end=\"1916\" \/><strong data-start=\"1916\" data-end=\"1931\">R\u00e9f\u00e9rence :<\/strong> \u2013<br data-start=\"1933\" data-end=\"1936\" \/><strong data-start=\"1936\" data-end=\"1950\">Mat\u00e9riau :<\/strong> Composants m\u00e9talliques et plastiques robustes<br data-start=\"1996\" data-end=\"1999\" \/><strong data-start=\"1999\" data-end=\"2025\">Domaine d&#8217;utilisation:<\/strong> Syst\u00e8mes d&#8217;allumage pour chariots \u00e9l\u00e9vateurs Baoli et Heli<br data-start=\"2084\" data-end=\"2087\" \/><strong data-start=\"2087\" data-end=\"2100\">Avantage:<\/strong> Installation facile \u00e0 3 broches, durable et utilisation s\u00fbre<\/p>\n<p data-start=\"2163\" data-end=\"2370\">\n","protected":false},"featured_media":14117,"template":"","meta":[],"product_brand":[],"product_cat":[469],"product_tag":[],"class_list":{"0":"post-14115","1":"product","2":"type-product","3":"status-publish","4":"has-post-thumbnail","6":"product_cat-elektrik-ve-sistem-parcalari","8":"first","9":"instock","10":"taxable","11":"shipping-taxable","12":"purchasable","13":"product-type-simple"},"_links":{"self":[{"href":"https:\/\/ceoparts.com\/fr\/wp-json\/wp\/v2\/product\/14115","targetHints":{"allow":["GET"]}}],"collection":[{"href":"https:\/\/ceoparts.com\/fr\/wp-json\/wp\/v2\/product"}],"about":[{"href":"https:\/\/ceoparts.com\/fr\/wp-json\/wp\/v2\/types\/product"}],"wp:featuredmedia":[{"embeddable":true,"href":"https:\/\/ceoparts.com\/fr\/wp-json\/wp\/v2\/media\/14117"}],"wp:attachment":[{"href":"https:\/\/ceoparts.com\/fr\/wp-json\/wp\/v2\/media?parent=14115"}],"wp:term":[{"taxonomy":"product_brand","embeddable":true,"href":"https:\/\/ceoparts.com\/fr\/wp-json\/wp\/v2\/product_brand?post=14115"},{"taxonomy":"product_cat","embeddable":true,"href":"https:\/\/ceoparts.com\/fr\/wp-json\/wp\/v2\/product_cat?post=14115"},{"taxonomy":"product_tag","embeddable":true,"href":"https:\/\/ceoparts.com\/fr\/wp-json\/wp\/v2\/product_tag?post=14115"}],"curies":[{"name":"wp","href":"https:\/\/api.w.org\/{rel}","templated":true}]}}