{"id":14120,"date":"2025-02-08T12:34:02","date_gmt":"2025-02-08T09:34:02","guid":{"rendered":"https:\/\/ceoparts.com\/?post_type=product&#038;p=14120"},"modified":"2026-05-16T15:00:21","modified_gmt":"2026-05-16T12:00:21","slug":"kontak-anahtari-toyota-komatsu-7fd10-45-57590-23333-71","status":"publish","type":"product","link":"https:\/\/ceoparts.com\/fr\/urun\/kontak-anahtari-toyota-komatsu-7fd10-45-57590-23333-71\/","title":{"rendered":"Commutateur d&#8217;allumage Toyota Komatsu 7FD10-45 &#8211; 57590-23333-71"},"content":{"rendered":"<p>Commutateur d&#8217;allumage Toyota Komatsu 7FD10-45 &#8211; 57590-23333-71<\/p>\n<p><strong>Referans OEM\u00a0Numaralar\u0131:<\/strong><br \/>\nTY57590-23330-71 \/\u00a0575902333071 \/\u00a057590-23330-71<br \/>\nTY57590-23340-71 \/\u00a0575902334071 \/\u00a057590-23340-71<br \/>\nTY57590-23342-71 \/\u00a0575902334271 \/\u00a057590-23342-71<br \/>\nTY57590-30562-71 \/\u00a0575903056271 \/\u00a057590-30562-71<br \/>\n57590-23343-71<br \/>\n57590-23341-71<br \/>\n57510-23000-71<\/p>","protected":false},"excerpt":{"rendered":"<p data-start=\"156\" data-end=\"355\"><br data-start=\"1714\" data-end=\"1717\" \/>L&#8217;interrupteur d&#8217;allumage est sp\u00e9cialement con\u00e7u pour le mod\u00e8le de chariot \u00e9l\u00e9vateur Toyota Komatsu 7FD10-45, garantissant un fonctionnement s\u00fbr et fluide du v\u00e9hicule. Fabriqu\u00e9 avec des mat\u00e9riaux durables pour une longue dur\u00e9e de vie.<\/p>\n<p data-start=\"1953\" data-end=\"2311\"><strong data-start=\"1953\" data-end=\"1975\">Caract\u00e9ristiques :<\/strong><br data-start=\"1975\" data-end=\"1978\" \/><strong data-start=\"1978\" data-end=\"1998\">Nom du produit :<\/strong> Interrupteur d&#8217;allumage Toyota Komatsu 7FD10-45<br data-start=\"2046\" data-end=\"2049\" \/><strong data-start=\"2049\" data-end=\"2064\">R\u00e9f\u00e9rence :<\/strong> 57590-23333-71<br data-start=\"2079\" data-end=\"2082\" \/><strong data-start=\"2082\" data-end=\"2096\">Mat\u00e9riau :<\/strong> Composants m\u00e9talliques et plastiques durables<br data-start=\"2142\" data-end=\"2145\" \/><strong data-start=\"2145\" data-end=\"2171\">Domaine d&#8217;utilisation:<\/strong> Syst\u00e8me d&#8217;allumage pour chariots \u00e9l\u00e9vateurs Toyota Komatsu 7FD10-45<br data-start=\"2239\" data-end=\"2242\" \/><strong data-start=\"2242\" data-end=\"2255\">Avantage:<\/strong> Utilisation s\u00fbre, design robuste et installation facile<\/p>\n<p data-start=\"2313\" data-end=\"2523\">\n","protected":false},"featured_media":14121,"template":"","meta":[],"product_brand":[],"product_cat":[521,530,469],"product_tag":[],"class_list":{"0":"post-14120","1":"product","2":"type-product","3":"status-publish","4":"has-post-thumbnail","6":"product_cat-toyota","7":"product_cat-yedek-parca-toyota","8":"product_cat-elektrik-ve-sistem-parcalari","10":"first","11":"instock","12":"taxable","13":"shipping-taxable","14":"purchasable","15":"product-type-simple"},"_links":{"self":[{"href":"https:\/\/ceoparts.com\/fr\/wp-json\/wp\/v2\/product\/14120","targetHints":{"allow":["GET"]}}],"collection":[{"href":"https:\/\/ceoparts.com\/fr\/wp-json\/wp\/v2\/product"}],"about":[{"href":"https:\/\/ceoparts.com\/fr\/wp-json\/wp\/v2\/types\/product"}],"wp:featuredmedia":[{"embeddable":true,"href":"https:\/\/ceoparts.com\/fr\/wp-json\/wp\/v2\/media\/14121"}],"wp:attachment":[{"href":"https:\/\/ceoparts.com\/fr\/wp-json\/wp\/v2\/media?parent=14120"}],"wp:term":[{"taxonomy":"product_brand","embeddable":true,"href":"https:\/\/ceoparts.com\/fr\/wp-json\/wp\/v2\/product_brand?post=14120"},{"taxonomy":"product_cat","embeddable":true,"href":"https:\/\/ceoparts.com\/fr\/wp-json\/wp\/v2\/product_cat?post=14120"},{"taxonomy":"product_tag","embeddable":true,"href":"https:\/\/ceoparts.com\/fr\/wp-json\/wp\/v2\/product_tag?post=14120"}],"curies":[{"name":"wp","href":"https:\/\/api.w.org\/{rel}","templated":true}]}}